{"id":95,"date":"2018-05-29T11:59:20","date_gmt":"2018-05-29T11:59:20","guid":{"rendered":"http:\/\/eturkan.com\/?page_id=95"},"modified":"2025-09-22T18:37:35","modified_gmt":"2025-09-22T18:37:35","slug":"fonksiyonel-etiketler","status":"publish","type":"page","link":"https:\/\/fakomakine.com\/en\/fonksiyonel-etiketler\/","title":{"rendered":"Functional Labels"},"content":{"rendered":"<p style=\"text-align: center;\"><img fetchpriority=\"high\" decoding=\"async\" class=\"aligncenter wp-image-1655 size-medium\" src=\"https:\/\/fakomakine.com\/wp-content\/uploads\/2025\/09\/Fonksiyonel-Etiketler-300x225.jpg\" alt=\"\" width=\"300\" height=\"225\" srcset=\"https:\/\/fakomakine.com\/wp-content\/uploads\/2025\/09\/Fonksiyonel-Etiketler-300x225.jpg 300w, https:\/\/fakomakine.com\/wp-content\/uploads\/2025\/09\/Fonksiyonel-Etiketler-1024x768.jpg 1024w, https:\/\/fakomakine.com\/wp-content\/uploads\/2025\/09\/Fonksiyonel-Etiketler-768x576.jpg 768w, https:\/\/fakomakine.com\/wp-content\/uploads\/2025\/09\/Fonksiyonel-Etiketler-16x12.jpg 16w, https:\/\/fakomakine.com\/wp-content\/uploads\/2025\/09\/Fonksiyonel-Etiketler-1000x750.jpg 1000w, https:\/\/fakomakine.com\/wp-content\/uploads\/2025\/09\/Fonksiyonel-Etiketler-230x173.jpg 230w, https:\/\/fakomakine.com\/wp-content\/uploads\/2025\/09\/Fonksiyonel-Etiketler-350x263.jpg 350w, https:\/\/fakomakine.com\/wp-content\/uploads\/2025\/09\/Fonksiyonel-Etiketler-480x360.jpg 480w, https:\/\/fakomakine.com\/wp-content\/uploads\/2025\/09\/Fonksiyonel-Etiketler.jpg 1200w\" sizes=\"(max-width: 300px) 100vw, 300px\" \/><\/p>\n<p style=\"text-align: center;\">Functional labels are applied directly on the packaging, making your product more functional and useful, as well as being widely used for package sealing purposes. As Fako Labeling Systems, we are by your side to support you by offering solutions according to your different packaging and requirements.<\/p>\n<p style=\"text-align: center;\"><img decoding=\"async\" class=\"aligncenter wp-image-1656 lazyload\" data-src=\"https:\/\/fakomakine.com\/wp-content\/uploads\/2025\/09\/Fonksiyonel-Etiketler-1-300x150.jpg\" alt=\"\" width=\"496\" height=\"248\" data-srcset=\"https:\/\/fakomakine.com\/wp-content\/uploads\/2025\/09\/Fonksiyonel-Etiketler-1-300x150.jpg 300w, https:\/\/fakomakine.com\/wp-content\/uploads\/2025\/09\/Fonksiyonel-Etiketler-1-18x9.jpg 18w, https:\/\/fakomakine.com\/wp-content\/uploads\/2025\/09\/Fonksiyonel-Etiketler-1-230x115.jpg 230w, https:\/\/fakomakine.com\/wp-content\/uploads\/2025\/09\/Fonksiyonel-Etiketler-1-350x175.jpg 350w, https:\/\/fakomakine.com\/wp-content\/uploads\/2025\/09\/Fonksiyonel-Etiketler-1-480x240.jpg 480w, https:\/\/fakomakine.com\/wp-content\/uploads\/2025\/09\/Fonksiyonel-Etiketler-1.jpg 600w\" data-sizes=\"(max-width: 496px) 100vw, 496px\" src=\"data:image\/svg+xml;base64,PHN2ZyB3aWR0aD0iMSIgaGVpZ2h0PSIxIiB4bWxucz0iaHR0cDovL3d3dy53My5vcmcvMjAwMC9zdmciPjwvc3ZnPg==\" style=\"--smush-placeholder-width: 496px; --smush-placeholder-aspect-ratio: 496\/248;\" \/><\/p>\n<hr \/>\n<p><a href=\"http:\/\/fakomakine.com\/en\/bize-ulasin\/\"><img decoding=\"async\" class=\"aligncenter wp-image-610 lazyload\" data-src=\"http:\/\/eturkan.com\/wp-content\/uploads\/2018\/07\/bu.png\" alt=\"\" width=\"141\" height=\"38\" data-srcset=\"https:\/\/fakomakine.com\/wp-content\/uploads\/2018\/07\/bu.png 896w, https:\/\/fakomakine.com\/wp-content\/uploads\/2018\/07\/bu-300x81.png 300w, https:\/\/fakomakine.com\/wp-content\/uploads\/2018\/07\/bu-768x207.png 768w, https:\/\/fakomakine.com\/wp-content\/uploads\/2018\/07\/bu-640x172.png 640w, https:\/\/fakomakine.com\/wp-content\/uploads\/2018\/07\/bu-830x223.png 830w, https:\/\/fakomakine.com\/wp-content\/uploads\/2018\/07\/bu-230x62.png 230w, https:\/\/fakomakine.com\/wp-content\/uploads\/2018\/07\/bu-350x94.png 350w, https:\/\/fakomakine.com\/wp-content\/uploads\/2018\/07\/bu-480x129.png 480w\" data-sizes=\"(max-width: 141px) 100vw, 141px\" src=\"data:image\/svg+xml;base64,PHN2ZyB3aWR0aD0iMSIgaGVpZ2h0PSIxIiB4bWxucz0iaHR0cDovL3d3dy53My5vcmcvMjAwMC9zdmciPjwvc3ZnPg==\" style=\"--smush-placeholder-width: 141px; --smush-placeholder-aspect-ratio: 141\/38;\" \/><\/a><\/p>","protected":false},"excerpt":{"rendered":"<p>Fonksiyonel etiketler do\u011frudan ambalaj \u00fczerine uygulanarak \u00fcr\u00fcn\u00fcn\u00fcz\u00fc daha i\u015flevsel ve kullan\u0131\u015fl\u0131 hale getirmenin yan\u0131 s\u0131ra ambalaj m\u00fch\u00fcrleme amac\u0131yla da olduk\u00e7a yayg\u0131n olarak [&hellip;]<\/p>","protected":false},"author":1,"featured_media":0,"parent":0,"menu_order":0,"comment_status":"closed","ping_status":"closed","template":"page-templates\/page_fullwidth.php","meta":{"footnotes":""},"class_list":["post-95","page","type-page","status-publish","hentry"],"yoast_head":"<!-- This site is optimized with the Yoast SEO plugin v23.4 - https:\/\/yoast.com\/wordpress\/plugins\/seo\/ -->\n<title>Fonksiyonel Etiketler - Fako Etiketleme Sistemleri<\/title>\n<meta name=\"description\" content=\"Etiketleme \u00c7\u00f6z\u00fcmlerimiz, \u00dcst Y\u00fczey Etiketleme, \u00d6n ve Arka Y\u00fczey Etiketleme, Alt ve \u00dcst Y\u00fczey Etiketleme, Sarmal Etiketleme, Fonksiyonel Etiketleme, \u00dc\u00e7 Y\u00fczey Etiketleme\" \/>\n<meta name=\"robots\" content=\"index, follow, max-snippet:-1, max-image-preview:large, max-video-preview:-1\" \/>\n<link rel=\"canonical\" href=\"https:\/\/fakomakine.com\/en\/fonksiyonel-etiketler\/\" \/>\n<meta property=\"og:locale\" content=\"en_GB\" \/>\n<meta property=\"og:type\" content=\"article\" \/>\n<meta property=\"og:title\" content=\"Fonksiyonel Etiketler - Fako Etiketleme Sistemleri\" \/>\n<meta property=\"og:description\" content=\"Etiketleme \u00c7\u00f6z\u00fcmlerimiz, \u00dcst Y\u00fczey Etiketleme, \u00d6n ve Arka Y\u00fczey Etiketleme, Alt ve \u00dcst Y\u00fczey Etiketleme, Sarmal Etiketleme, Fonksiyonel Etiketleme, \u00dc\u00e7 Y\u00fczey Etiketleme\" \/>\n<meta property=\"og:url\" content=\"https:\/\/fakomakine.com\/en\/fonksiyonel-etiketler\/\" \/>\n<meta property=\"og:site_name\" content=\"Fako Etiketleme Sistemleri\" \/>\n<meta property=\"article:modified_time\" content=\"2025-09-22T18:37:35+00:00\" \/>\n<meta property=\"og:image\" content=\"https:\/\/fakomakine.com\/wp-content\/uploads\/2025\/09\/Fonksiyonel-Etiketler-300x225.jpg\" \/>\n<meta name=\"twitter:card\" content=\"summary_large_image\" \/>\n<script type=\"application\/ld+json\" class=\"yoast-schema-graph\">{\"@context\":\"https:\/\/schema.org\",\"@graph\":[{\"@type\":\"WebPage\",\"@id\":\"https:\/\/fakomakine.com\/fonksiyonel-etiketler\/\",\"url\":\"https:\/\/fakomakine.com\/fonksiyonel-etiketler\/\",\"name\":\"Fonksiyonel Etiketler - Fako Etiketleme Sistemleri\",\"isPartOf\":{\"@id\":\"https:\/\/fakomakine.com\/#website\"},\"primaryImageOfPage\":{\"@id\":\"https:\/\/fakomakine.com\/fonksiyonel-etiketler\/#primaryimage\"},\"image\":{\"@id\":\"https:\/\/fakomakine.com\/fonksiyonel-etiketler\/#primaryimage\"},\"thumbnailUrl\":\"https:\/\/fakomakine.com\/wp-content\/uploads\/2025\/09\/Fonksiyonel-Etiketler-300x225.jpg\",\"datePublished\":\"2018-05-29T11:59:20+00:00\",\"dateModified\":\"2025-09-22T18:37:35+00:00\",\"description\":\"Etiketleme \u00c7\u00f6z\u00fcmlerimiz, \u00dcst Y\u00fczey Etiketleme, \u00d6n ve Arka Y\u00fczey Etiketleme, Alt ve \u00dcst Y\u00fczey Etiketleme, Sarmal Etiketleme, Fonksiyonel Etiketleme, \u00dc\u00e7 Y\u00fczey Etiketleme\",\"breadcrumb\":{\"@id\":\"https:\/\/fakomakine.com\/fonksiyonel-etiketler\/#breadcrumb\"},\"inLanguage\":\"en-GB\",\"potentialAction\":[{\"@type\":\"ReadAction\",\"target\":[\"https:\/\/fakomakine.com\/fonksiyonel-etiketler\/\"]}]},{\"@type\":\"ImageObject\",\"inLanguage\":\"en-GB\",\"@id\":\"https:\/\/fakomakine.com\/fonksiyonel-etiketler\/#primaryimage\",\"url\":\"https:\/\/fakomakine.com\/wp-content\/uploads\/2025\/09\/Fonksiyonel-Etiketler-300x225.jpg\",\"contentUrl\":\"https:\/\/fakomakine.com\/wp-content\/uploads\/2025\/09\/Fonksiyonel-Etiketler-300x225.jpg\"},{\"@type\":\"BreadcrumbList\",\"@id\":\"https:\/\/fakomakine.com\/fonksiyonel-etiketler\/#breadcrumb\",\"itemListElement\":[{\"@type\":\"ListItem\",\"position\":1,\"name\":\"Ana sayfa\",\"item\":\"https:\/\/fakomakine.com\/\"},{\"@type\":\"ListItem\",\"position\":2,\"name\":\"Fonksiyonel Etiketler\"}]},{\"@type\":\"WebSite\",\"@id\":\"https:\/\/fakomakine.com\/#website\",\"url\":\"https:\/\/fakomakine.com\/\",\"name\":\"Fako Etiketleme Sistemleri\",\"description\":\"\u00d6n ve Arka Y\u00fczey Etiketleme\",\"publisher\":{\"@id\":\"https:\/\/fakomakine.com\/#organization\"},\"potentialAction\":[{\"@type\":\"SearchAction\",\"target\":{\"@type\":\"EntryPoint\",\"urlTemplate\":\"https:\/\/fakomakine.com\/?s={search_term_string}\"},\"query-input\":{\"@type\":\"PropertyValueSpecification\",\"valueRequired\":true,\"valueName\":\"search_term_string\"}}],\"inLanguage\":\"en-GB\"},{\"@type\":\"Organization\",\"@id\":\"https:\/\/fakomakine.com\/#organization\",\"name\":\"Fako Makine - Fako Etiketleme Sistemleri\",\"url\":\"https:\/\/fakomakine.com\/\",\"logo\":{\"@type\":\"ImageObject\",\"inLanguage\":\"en-GB\",\"@id\":\"https:\/\/fakomakine.com\/#\/schema\/logo\/image\/\",\"url\":\"https:\/\/fakomakine.com\/wp-content\/uploads\/2018\/07\/Fako-Etiketleme-Logo.png\",\"contentUrl\":\"https:\/\/fakomakine.com\/wp-content\/uploads\/2018\/07\/Fako-Etiketleme-Logo.png\",\"width\":924,\"height\":515,\"caption\":\"Fako Makine - Fako Etiketleme Sistemleri\"},\"image\":{\"@id\":\"https:\/\/fakomakine.com\/#\/schema\/logo\/image\/\"}}]}<\/script>\n<!-- \/ Yoast SEO plugin. -->","yoast_head_json":{"title":"Fonksiyonel Etiketler - Fako Etiketleme Sistemleri","description":"Etiketleme \u00c7\u00f6z\u00fcmlerimiz, \u00dcst Y\u00fczey Etiketleme, \u00d6n ve Arka Y\u00fczey Etiketleme, Alt ve \u00dcst Y\u00fczey Etiketleme, Sarmal Etiketleme, Fonksiyonel Etiketleme, \u00dc\u00e7 Y\u00fczey Etiketleme","robots":{"index":"index","follow":"follow","max-snippet":"max-snippet:-1","max-image-preview":"max-image-preview:large","max-video-preview":"max-video-preview:-1"},"canonical":"https:\/\/fakomakine.com\/en\/fonksiyonel-etiketler\/","og_locale":"en_GB","og_type":"article","og_title":"Fonksiyonel Etiketler - Fako Etiketleme Sistemleri","og_description":"Etiketleme \u00c7\u00f6z\u00fcmlerimiz, \u00dcst Y\u00fczey Etiketleme, \u00d6n ve Arka Y\u00fczey Etiketleme, Alt ve \u00dcst Y\u00fczey Etiketleme, Sarmal Etiketleme, Fonksiyonel Etiketleme, \u00dc\u00e7 Y\u00fczey Etiketleme","og_url":"https:\/\/fakomakine.com\/en\/fonksiyonel-etiketler\/","og_site_name":"Fako Etiketleme Sistemleri","article_modified_time":"2025-09-22T18:37:35+00:00","og_image":[{"url":"https:\/\/fakomakine.com\/wp-content\/uploads\/2025\/09\/Fonksiyonel-Etiketler-300x225.jpg"}],"twitter_card":"summary_large_image","schema":{"@context":"https:\/\/schema.org","@graph":[{"@type":"WebPage","@id":"https:\/\/fakomakine.com\/fonksiyonel-etiketler\/","url":"https:\/\/fakomakine.com\/fonksiyonel-etiketler\/","name":"Fonksiyonel Etiketler - Fako Etiketleme Sistemleri","isPartOf":{"@id":"https:\/\/fakomakine.com\/#website"},"primaryImageOfPage":{"@id":"https:\/\/fakomakine.com\/fonksiyonel-etiketler\/#primaryimage"},"image":{"@id":"https:\/\/fakomakine.com\/fonksiyonel-etiketler\/#primaryimage"},"thumbnailUrl":"https:\/\/fakomakine.com\/wp-content\/uploads\/2025\/09\/Fonksiyonel-Etiketler-300x225.jpg","datePublished":"2018-05-29T11:59:20+00:00","dateModified":"2025-09-22T18:37:35+00:00","description":"Etiketleme \u00c7\u00f6z\u00fcmlerimiz, \u00dcst Y\u00fczey Etiketleme, \u00d6n ve Arka Y\u00fczey Etiketleme, Alt ve \u00dcst Y\u00fczey Etiketleme, Sarmal Etiketleme, Fonksiyonel Etiketleme, \u00dc\u00e7 Y\u00fczey Etiketleme","breadcrumb":{"@id":"https:\/\/fakomakine.com\/fonksiyonel-etiketler\/#breadcrumb"},"inLanguage":"en-GB","potentialAction":[{"@type":"ReadAction","target":["https:\/\/fakomakine.com\/fonksiyonel-etiketler\/"]}]},{"@type":"ImageObject","inLanguage":"en-GB","@id":"https:\/\/fakomakine.com\/fonksiyonel-etiketler\/#primaryimage","url":"https:\/\/fakomakine.com\/wp-content\/uploads\/2025\/09\/Fonksiyonel-Etiketler-300x225.jpg","contentUrl":"https:\/\/fakomakine.com\/wp-content\/uploads\/2025\/09\/Fonksiyonel-Etiketler-300x225.jpg"},{"@type":"BreadcrumbList","@id":"https:\/\/fakomakine.com\/fonksiyonel-etiketler\/#breadcrumb","itemListElement":[{"@type":"ListItem","position":1,"name":"Ana sayfa","item":"https:\/\/fakomakine.com\/"},{"@type":"ListItem","position":2,"name":"Fonksiyonel Etiketler"}]},{"@type":"WebSite","@id":"https:\/\/fakomakine.com\/#website","url":"https:\/\/fakomakine.com\/","name":"Fako Etiketleme Sistemleri","description":"\u00d6n ve Arka Y\u00fczey Etiketleme","publisher":{"@id":"https:\/\/fakomakine.com\/#organization"},"potentialAction":[{"@type":"SearchAction","target":{"@type":"EntryPoint","urlTemplate":"https:\/\/fakomakine.com\/?s={search_term_string}"},"query-input":{"@type":"PropertyValueSpecification","valueRequired":true,"valueName":"search_term_string"}}],"inLanguage":"en-GB"},{"@type":"Organization","@id":"https:\/\/fakomakine.com\/#organization","name":"Fako Makine - Fako Etiketleme Sistemleri","url":"https:\/\/fakomakine.com\/","logo":{"@type":"ImageObject","inLanguage":"en-GB","@id":"https:\/\/fakomakine.com\/#\/schema\/logo\/image\/","url":"https:\/\/fakomakine.com\/wp-content\/uploads\/2018\/07\/Fako-Etiketleme-Logo.png","contentUrl":"https:\/\/fakomakine.com\/wp-content\/uploads\/2018\/07\/Fako-Etiketleme-Logo.png","width":924,"height":515,"caption":"Fako Makine - Fako Etiketleme Sistemleri"},"image":{"@id":"https:\/\/fakomakine.com\/#\/schema\/logo\/image\/"}}]}},"_links":{"self":[{"href":"https:\/\/fakomakine.com\/en\/wp-json\/wp\/v2\/pages\/95"}],"collection":[{"href":"https:\/\/fakomakine.com\/en\/wp-json\/wp\/v2\/pages"}],"about":[{"href":"https:\/\/fakomakine.com\/en\/wp-json\/wp\/v2\/types\/page"}],"author":[{"embeddable":true,"href":"https:\/\/fakomakine.com\/en\/wp-json\/wp\/v2\/users\/1"}],"replies":[{"embeddable":true,"href":"https:\/\/fakomakine.com\/en\/wp-json\/wp\/v2\/comments?post=95"}],"version-history":[{"count":11,"href":"https:\/\/fakomakine.com\/en\/wp-json\/wp\/v2\/pages\/95\/revisions"}],"predecessor-version":[{"id":1657,"href":"https:\/\/fakomakine.com\/en\/wp-json\/wp\/v2\/pages\/95\/revisions\/1657"}],"wp:attachment":[{"href":"https:\/\/fakomakine.com\/en\/wp-json\/wp\/v2\/media?parent=95"}],"curies":[{"name":"wp","href":"https:\/\/api.w.org\/{rel}","templated":true}]}}