{"id":636,"date":"2018-07-02T17:14:31","date_gmt":"2018-07-02T17:14:31","guid":{"rendered":"http:\/\/eturkan.com\/?page_id=636"},"modified":"2025-09-22T18:13:05","modified_gmt":"2025-09-22T18:13:05","slug":"ust-yuzey-etiketleme","status":"publish","type":"page","link":"https:\/\/fakomakine.com\/en\/ust-yuzey-etiketleme\/","title":{"rendered":"\u00dcst Y\u00fczey Etiketleme"},"content":{"rendered":"<hr \/>\n<p style=\"text-align: center;\"><img decoding=\"async\" class=\"wp-image-258 aligncenter lazyload\" data-src=\"http:\/\/eturkan.com\/wp-content\/uploads\/2018\/05\/3dbxt-1024x729.jpg\" alt=\"\" width=\"226\" height=\"161\" data-srcset=\"https:\/\/fakomakine.com\/wp-content\/uploads\/2018\/05\/3dbxt-1024x729.jpg 1024w, https:\/\/fakomakine.com\/wp-content\/uploads\/2018\/05\/3dbxt-300x213.jpg 300w, https:\/\/fakomakine.com\/wp-content\/uploads\/2018\/05\/3dbxt-768x546.jpg 768w, https:\/\/fakomakine.com\/wp-content\/uploads\/2018\/05\/3dbxt.jpg 1563w\" data-sizes=\"(max-width: 226px) 100vw, 226px\" src=\"data:image\/svg+xml;base64,PHN2ZyB3aWR0aD0iMSIgaGVpZ2h0PSIxIiB4bWxucz0iaHR0cDovL3d3dy53My5vcmcvMjAwMC9zdmciPjwvc3ZnPg==\" style=\"--smush-placeholder-width: 226px; --smush-placeholder-aspect-ratio: 226\/161;\" \/><\/p>\n<p style=\"text-align: center;\">Top labeling is one of the most commonly used labeling types. Predominantly, this labeling is preferred to apply differentiating data such as content list, party number or expiration date to prepackages. Therefore, it is widely used in industries such as cosmetics, food, pharmaceuticals and especially delicatessen where shelf life is extremely important. Of course, the packaging types also vary widely between these common industries.<\/p>\n<figure id=\"attachment_1621\" aria-describedby=\"caption-attachment-1621\" style=\"width: 300px\" class=\"wp-caption aligncenter\"><img fetchpriority=\"high\" decoding=\"async\" class=\"wp-image-1621 size-medium\" src=\"https:\/\/fakomakine.com\/wp-content\/uploads\/2025\/09\/Ust-Yuzey-Etiketleme-300x184.jpg\" alt=\"\" width=\"300\" height=\"184\" srcset=\"https:\/\/fakomakine.com\/wp-content\/uploads\/2025\/09\/Ust-Yuzey-Etiketleme-300x184.jpg 300w, https:\/\/fakomakine.com\/wp-content\/uploads\/2025\/09\/Ust-Yuzey-Etiketleme-1024x627.jpg 1024w, https:\/\/fakomakine.com\/wp-content\/uploads\/2025\/09\/Ust-Yuzey-Etiketleme-768x470.jpg 768w, https:\/\/fakomakine.com\/wp-content\/uploads\/2025\/09\/Ust-Yuzey-Etiketleme-18x12.jpg 18w, https:\/\/fakomakine.com\/wp-content\/uploads\/2025\/09\/Ust-Yuzey-Etiketleme-1000x612.jpg 1000w, https:\/\/fakomakine.com\/wp-content\/uploads\/2025\/09\/Ust-Yuzey-Etiketleme-230x141.jpg 230w, https:\/\/fakomakine.com\/wp-content\/uploads\/2025\/09\/Ust-Yuzey-Etiketleme-350x214.jpg 350w, https:\/\/fakomakine.com\/wp-content\/uploads\/2025\/09\/Ust-Yuzey-Etiketleme-480x294.jpg 480w, https:\/\/fakomakine.com\/wp-content\/uploads\/2025\/09\/Ust-Yuzey-Etiketleme.jpg 1500w\" sizes=\"(max-width: 300px) 100vw, 300px\" \/><figcaption id=\"caption-attachment-1621\" class=\"wp-caption-text\">Original File Name: 1lb Strawberry nl_3016.psd<\/figcaption><\/figure>\n<p style=\"text-align: center;\">It can be safely used for very different packages from frozen food to cardboard and plastic boxes, from glass packages to plastic containers. Fako Labeling Systems, is suitable for every area you may need and at your service with economical, high precision and performance solutions.<\/p>\n<p style=\"text-align: center;\"><img decoding=\"async\" class=\"aligncenter wp-image-1622 lazyload\" data-src=\"https:\/\/fakomakine.com\/wp-content\/uploads\/2025\/09\/Ust-Yuzey-Etiketleme-1-300x161.jpg\" alt=\"\" width=\"558\" height=\"300\" data-srcset=\"https:\/\/fakomakine.com\/wp-content\/uploads\/2025\/09\/Ust-Yuzey-Etiketleme-1-300x161.jpg 300w, https:\/\/fakomakine.com\/wp-content\/uploads\/2025\/09\/Ust-Yuzey-Etiketleme-1-1024x550.jpg 1024w, https:\/\/fakomakine.com\/wp-content\/uploads\/2025\/09\/Ust-Yuzey-Etiketleme-1-768x413.jpg 768w, https:\/\/fakomakine.com\/wp-content\/uploads\/2025\/09\/Ust-Yuzey-Etiketleme-1-1536x825.jpg 1536w, https:\/\/fakomakine.com\/wp-content\/uploads\/2025\/09\/Ust-Yuzey-Etiketleme-1-18x10.jpg 18w, https:\/\/fakomakine.com\/wp-content\/uploads\/2025\/09\/Ust-Yuzey-Etiketleme-1-1000x537.jpg 1000w, https:\/\/fakomakine.com\/wp-content\/uploads\/2025\/09\/Ust-Yuzey-Etiketleme-1-230x124.jpg 230w, https:\/\/fakomakine.com\/wp-content\/uploads\/2025\/09\/Ust-Yuzey-Etiketleme-1-350x188.jpg 350w, https:\/\/fakomakine.com\/wp-content\/uploads\/2025\/09\/Ust-Yuzey-Etiketleme-1-480x258.jpg 480w, https:\/\/fakomakine.com\/wp-content\/uploads\/2025\/09\/Ust-Yuzey-Etiketleme-1.jpg 1846w\" data-sizes=\"(max-width: 558px) 100vw, 558px\" src=\"data:image\/svg+xml;base64,PHN2ZyB3aWR0aD0iMSIgaGVpZ2h0PSIxIiB4bWxucz0iaHR0cDovL3d3dy53My5vcmcvMjAwMC9zdmciPjwvc3ZnPg==\" style=\"--smush-placeholder-width: 558px; --smush-placeholder-aspect-ratio: 558\/300;\" \/><\/p>\n<hr \/>\n<p><a href=\"http:\/\/fakomakine.com\/en\/bize-ulasin\/\"><img decoding=\"async\" class=\"aligncenter wp-image-610 lazyload\" data-src=\"http:\/\/eturkan.com\/wp-content\/uploads\/2018\/07\/bu.png\" alt=\"\" width=\"141\" height=\"38\" data-srcset=\"https:\/\/fakomakine.com\/wp-content\/uploads\/2018\/07\/bu.png 896w, https:\/\/fakomakine.com\/wp-content\/uploads\/2018\/07\/bu-300x81.png 300w, https:\/\/fakomakine.com\/wp-content\/uploads\/2018\/07\/bu-768x207.png 768w, https:\/\/fakomakine.com\/wp-content\/uploads\/2018\/07\/bu-640x172.png 640w, https:\/\/fakomakine.com\/wp-content\/uploads\/2018\/07\/bu-830x223.png 830w, https:\/\/fakomakine.com\/wp-content\/uploads\/2018\/07\/bu-230x62.png 230w, https:\/\/fakomakine.com\/wp-content\/uploads\/2018\/07\/bu-350x94.png 350w, https:\/\/fakomakine.com\/wp-content\/uploads\/2018\/07\/bu-480x129.png 480w\" data-sizes=\"(max-width: 141px) 100vw, 141px\" src=\"data:image\/svg+xml;base64,PHN2ZyB3aWR0aD0iMSIgaGVpZ2h0PSIxIiB4bWxucz0iaHR0cDovL3d3dy53My5vcmcvMjAwMC9zdmciPjwvc3ZnPg==\" style=\"--smush-placeholder-width: 141px; --smush-placeholder-aspect-ratio: 141\/38;\" \/><\/a><\/p>","protected":false},"excerpt":{"rendered":"<p>\u00dcst etiketleme en yayg\u0131n kullan\u0131lan etiketleme t\u00fcrlerinden birisidir. A\u011f\u0131rl\u0131kl\u0131 olarak haz\u0131r ambalajlara i\u00e7erik listesi, parti numaras\u0131 veya son kullanma tarihi gibi de\u011fi\u015fken [&hellip;]<\/p>","protected":false},"author":1,"featured_media":0,"parent":0,"menu_order":0,"comment_status":"closed","ping_status":"closed","template":"page-templates\/page_fullwidth.php","meta":{"footnotes":""},"class_list":["post-636","page","type-page","status-publish","hentry"],"yoast_head":"<!-- This site is optimized with the Yoast SEO plugin v23.4 - https:\/\/yoast.com\/wordpress\/plugins\/seo\/ -->\n<title>\u00dcst Y\u00fczey Etiketleme - Fako Etiketleme Sistemleri<\/title>\n<meta name=\"description\" content=\"Etiketleme \u00c7\u00f6z\u00fcmlerimiz, \u00dcst Y\u00fczey Etiketleme, \u00d6n ve Arka Y\u00fczey Etiketleme, Alt ve \u00dcst Y\u00fczey Etiketleme, Sarmal Etiketleme, Fonksiyonel Etiketleme, \u00dc\u00e7 Y\u00fczey Etiketleme\" \/>\n<meta name=\"robots\" content=\"index, follow, max-snippet:-1, max-image-preview:large, max-video-preview:-1\" \/>\n<link rel=\"canonical\" href=\"https:\/\/fakomakine.com\/en\/ust-yuzey-etiketleme\/\" \/>\n<meta property=\"og:locale\" content=\"en_GB\" \/>\n<meta property=\"og:type\" content=\"article\" \/>\n<meta property=\"og:title\" content=\"\u00dcst Y\u00fczey Etiketleme - Fako Etiketleme Sistemleri\" \/>\n<meta property=\"og:description\" content=\"Etiketleme \u00c7\u00f6z\u00fcmlerimiz, \u00dcst Y\u00fczey Etiketleme, \u00d6n ve Arka Y\u00fczey Etiketleme, Alt ve \u00dcst Y\u00fczey Etiketleme, Sarmal Etiketleme, Fonksiyonel Etiketleme, \u00dc\u00e7 Y\u00fczey Etiketleme\" \/>\n<meta property=\"og:url\" content=\"https:\/\/fakomakine.com\/en\/ust-yuzey-etiketleme\/\" \/>\n<meta property=\"og:site_name\" content=\"Fako Etiketleme Sistemleri\" \/>\n<meta property=\"article:modified_time\" content=\"2025-09-22T18:13:05+00:00\" \/>\n<meta property=\"og:image\" content=\"http:\/\/eturkan.com\/wp-content\/uploads\/2018\/05\/3dbxt-1024x729.jpg\" \/>\n<meta name=\"twitter:card\" content=\"summary_large_image\" \/>\n<meta name=\"twitter:label1\" content=\"Estimated reading time\" \/>\n\t<meta name=\"twitter:data1\" content=\"1 minute\" \/>\n<script type=\"application\/ld+json\" class=\"yoast-schema-graph\">{\"@context\":\"https:\/\/schema.org\",\"@graph\":[{\"@type\":\"WebPage\",\"@id\":\"https:\/\/fakomakine.com\/ust-yuzey-etiketleme\/\",\"url\":\"https:\/\/fakomakine.com\/ust-yuzey-etiketleme\/\",\"name\":\"\u00dcst Y\u00fczey Etiketleme - Fako Etiketleme Sistemleri\",\"isPartOf\":{\"@id\":\"https:\/\/fakomakine.com\/#website\"},\"primaryImageOfPage\":{\"@id\":\"https:\/\/fakomakine.com\/ust-yuzey-etiketleme\/#primaryimage\"},\"image\":{\"@id\":\"https:\/\/fakomakine.com\/ust-yuzey-etiketleme\/#primaryimage\"},\"thumbnailUrl\":\"http:\/\/eturkan.com\/wp-content\/uploads\/2018\/05\/3dbxt-1024x729.jpg\",\"datePublished\":\"2018-07-02T17:14:31+00:00\",\"dateModified\":\"2025-09-22T18:13:05+00:00\",\"description\":\"Etiketleme \u00c7\u00f6z\u00fcmlerimiz, \u00dcst Y\u00fczey Etiketleme, \u00d6n ve Arka Y\u00fczey Etiketleme, Alt ve \u00dcst Y\u00fczey Etiketleme, Sarmal Etiketleme, Fonksiyonel Etiketleme, \u00dc\u00e7 Y\u00fczey Etiketleme\",\"breadcrumb\":{\"@id\":\"https:\/\/fakomakine.com\/ust-yuzey-etiketleme\/#breadcrumb\"},\"inLanguage\":\"en-GB\",\"potentialAction\":[{\"@type\":\"ReadAction\",\"target\":[\"https:\/\/fakomakine.com\/ust-yuzey-etiketleme\/\"]}]},{\"@type\":\"ImageObject\",\"inLanguage\":\"en-GB\",\"@id\":\"https:\/\/fakomakine.com\/ust-yuzey-etiketleme\/#primaryimage\",\"url\":\"http:\/\/eturkan.com\/wp-content\/uploads\/2018\/05\/3dbxt-1024x729.jpg\",\"contentUrl\":\"http:\/\/eturkan.com\/wp-content\/uploads\/2018\/05\/3dbxt-1024x729.jpg\"},{\"@type\":\"BreadcrumbList\",\"@id\":\"https:\/\/fakomakine.com\/ust-yuzey-etiketleme\/#breadcrumb\",\"itemListElement\":[{\"@type\":\"ListItem\",\"position\":1,\"name\":\"Ana sayfa\",\"item\":\"https:\/\/fakomakine.com\/\"},{\"@type\":\"ListItem\",\"position\":2,\"name\":\"\u00dcst Y\u00fczey Etiketleme\"}]},{\"@type\":\"WebSite\",\"@id\":\"https:\/\/fakomakine.com\/#website\",\"url\":\"https:\/\/fakomakine.com\/\",\"name\":\"Fako Etiketleme Sistemleri\",\"description\":\"\u00d6n ve Arka Y\u00fczey Etiketleme\",\"publisher\":{\"@id\":\"https:\/\/fakomakine.com\/#organization\"},\"potentialAction\":[{\"@type\":\"SearchAction\",\"target\":{\"@type\":\"EntryPoint\",\"urlTemplate\":\"https:\/\/fakomakine.com\/?s={search_term_string}\"},\"query-input\":{\"@type\":\"PropertyValueSpecification\",\"valueRequired\":true,\"valueName\":\"search_term_string\"}}],\"inLanguage\":\"en-GB\"},{\"@type\":\"Organization\",\"@id\":\"https:\/\/fakomakine.com\/#organization\",\"name\":\"Fako Makine - Fako Etiketleme Sistemleri\",\"url\":\"https:\/\/fakomakine.com\/\",\"logo\":{\"@type\":\"ImageObject\",\"inLanguage\":\"en-GB\",\"@id\":\"https:\/\/fakomakine.com\/#\/schema\/logo\/image\/\",\"url\":\"https:\/\/fakomakine.com\/wp-content\/uploads\/2018\/07\/Fako-Etiketleme-Logo.png\",\"contentUrl\":\"https:\/\/fakomakine.com\/wp-content\/uploads\/2018\/07\/Fako-Etiketleme-Logo.png\",\"width\":924,\"height\":515,\"caption\":\"Fako Makine - Fako Etiketleme Sistemleri\"},\"image\":{\"@id\":\"https:\/\/fakomakine.com\/#\/schema\/logo\/image\/\"}}]}<\/script>\n<!-- \/ Yoast SEO plugin. -->","yoast_head_json":{"title":"\u00dcst Y\u00fczey Etiketleme - Fako Etiketleme Sistemleri","description":"Etiketleme \u00c7\u00f6z\u00fcmlerimiz, \u00dcst Y\u00fczey Etiketleme, \u00d6n ve Arka Y\u00fczey Etiketleme, Alt ve \u00dcst Y\u00fczey Etiketleme, Sarmal Etiketleme, Fonksiyonel Etiketleme, \u00dc\u00e7 Y\u00fczey Etiketleme","robots":{"index":"index","follow":"follow","max-snippet":"max-snippet:-1","max-image-preview":"max-image-preview:large","max-video-preview":"max-video-preview:-1"},"canonical":"https:\/\/fakomakine.com\/en\/ust-yuzey-etiketleme\/","og_locale":"en_GB","og_type":"article","og_title":"\u00dcst Y\u00fczey Etiketleme - Fako Etiketleme Sistemleri","og_description":"Etiketleme \u00c7\u00f6z\u00fcmlerimiz, \u00dcst Y\u00fczey Etiketleme, \u00d6n ve Arka Y\u00fczey Etiketleme, Alt ve \u00dcst Y\u00fczey Etiketleme, Sarmal Etiketleme, Fonksiyonel Etiketleme, \u00dc\u00e7 Y\u00fczey Etiketleme","og_url":"https:\/\/fakomakine.com\/en\/ust-yuzey-etiketleme\/","og_site_name":"Fako Etiketleme Sistemleri","article_modified_time":"2025-09-22T18:13:05+00:00","og_image":[{"url":"http:\/\/eturkan.com\/wp-content\/uploads\/2018\/05\/3dbxt-1024x729.jpg"}],"twitter_card":"summary_large_image","twitter_misc":{"Estimated reading time":"1 minute"},"schema":{"@context":"https:\/\/schema.org","@graph":[{"@type":"WebPage","@id":"https:\/\/fakomakine.com\/ust-yuzey-etiketleme\/","url":"https:\/\/fakomakine.com\/ust-yuzey-etiketleme\/","name":"\u00dcst Y\u00fczey Etiketleme - Fako Etiketleme Sistemleri","isPartOf":{"@id":"https:\/\/fakomakine.com\/#website"},"primaryImageOfPage":{"@id":"https:\/\/fakomakine.com\/ust-yuzey-etiketleme\/#primaryimage"},"image":{"@id":"https:\/\/fakomakine.com\/ust-yuzey-etiketleme\/#primaryimage"},"thumbnailUrl":"http:\/\/eturkan.com\/wp-content\/uploads\/2018\/05\/3dbxt-1024x729.jpg","datePublished":"2018-07-02T17:14:31+00:00","dateModified":"2025-09-22T18:13:05+00:00","description":"Etiketleme \u00c7\u00f6z\u00fcmlerimiz, \u00dcst Y\u00fczey Etiketleme, \u00d6n ve Arka Y\u00fczey Etiketleme, Alt ve \u00dcst Y\u00fczey Etiketleme, Sarmal Etiketleme, Fonksiyonel Etiketleme, \u00dc\u00e7 Y\u00fczey Etiketleme","breadcrumb":{"@id":"https:\/\/fakomakine.com\/ust-yuzey-etiketleme\/#breadcrumb"},"inLanguage":"en-GB","potentialAction":[{"@type":"ReadAction","target":["https:\/\/fakomakine.com\/ust-yuzey-etiketleme\/"]}]},{"@type":"ImageObject","inLanguage":"en-GB","@id":"https:\/\/fakomakine.com\/ust-yuzey-etiketleme\/#primaryimage","url":"http:\/\/eturkan.com\/wp-content\/uploads\/2018\/05\/3dbxt-1024x729.jpg","contentUrl":"http:\/\/eturkan.com\/wp-content\/uploads\/2018\/05\/3dbxt-1024x729.jpg"},{"@type":"BreadcrumbList","@id":"https:\/\/fakomakine.com\/ust-yuzey-etiketleme\/#breadcrumb","itemListElement":[{"@type":"ListItem","position":1,"name":"Ana sayfa","item":"https:\/\/fakomakine.com\/"},{"@type":"ListItem","position":2,"name":"\u00dcst Y\u00fczey Etiketleme"}]},{"@type":"WebSite","@id":"https:\/\/fakomakine.com\/#website","url":"https:\/\/fakomakine.com\/","name":"Fako Etiketleme Sistemleri","description":"\u00d6n ve Arka Y\u00fczey Etiketleme","publisher":{"@id":"https:\/\/fakomakine.com\/#organization"},"potentialAction":[{"@type":"SearchAction","target":{"@type":"EntryPoint","urlTemplate":"https:\/\/fakomakine.com\/?s={search_term_string}"},"query-input":{"@type":"PropertyValueSpecification","valueRequired":true,"valueName":"search_term_string"}}],"inLanguage":"en-GB"},{"@type":"Organization","@id":"https:\/\/fakomakine.com\/#organization","name":"Fako Makine - Fako Etiketleme Sistemleri","url":"https:\/\/fakomakine.com\/","logo":{"@type":"ImageObject","inLanguage":"en-GB","@id":"https:\/\/fakomakine.com\/#\/schema\/logo\/image\/","url":"https:\/\/fakomakine.com\/wp-content\/uploads\/2018\/07\/Fako-Etiketleme-Logo.png","contentUrl":"https:\/\/fakomakine.com\/wp-content\/uploads\/2018\/07\/Fako-Etiketleme-Logo.png","width":924,"height":515,"caption":"Fako Makine - Fako Etiketleme Sistemleri"},"image":{"@id":"https:\/\/fakomakine.com\/#\/schema\/logo\/image\/"}}]}},"_links":{"self":[{"href":"https:\/\/fakomakine.com\/en\/wp-json\/wp\/v2\/pages\/636"}],"collection":[{"href":"https:\/\/fakomakine.com\/en\/wp-json\/wp\/v2\/pages"}],"about":[{"href":"https:\/\/fakomakine.com\/en\/wp-json\/wp\/v2\/types\/page"}],"author":[{"embeddable":true,"href":"https:\/\/fakomakine.com\/en\/wp-json\/wp\/v2\/users\/1"}],"replies":[{"embeddable":true,"href":"https:\/\/fakomakine.com\/en\/wp-json\/wp\/v2\/comments?post=636"}],"version-history":[{"count":9,"href":"https:\/\/fakomakine.com\/en\/wp-json\/wp\/v2\/pages\/636\/revisions"}],"predecessor-version":[{"id":1625,"href":"https:\/\/fakomakine.com\/en\/wp-json\/wp\/v2\/pages\/636\/revisions\/1625"}],"wp:attachment":[{"href":"https:\/\/fakomakine.com\/en\/wp-json\/wp\/v2\/media?parent=636"}],"curies":[{"name":"wp","href":"https:\/\/api.w.org\/{rel}","templated":true}]}}