{"id":530,"date":"2018-07-02T12:30:42","date_gmt":"2018-07-02T12:30:42","guid":{"rendered":"http:\/\/eturkan.com\/?page_id=530"},"modified":"2020-01-16T10:05:10","modified_gmt":"2020-01-16T10:05:10","slug":"temizlik-urunleri","status":"publish","type":"page","link":"https:\/\/fakomakine.com\/en\/temizlik-urunleri\/","title":{"rendered":"Cleaning Products"},"content":{"rendered":"<hr \/>\n<p style=\"text-align: center;\"><img fetchpriority=\"high\" decoding=\"async\" class=\"wp-image-160 aligncenter\" src=\"http:\/\/eturkan.com\/wp-content\/uploads\/2018\/05\/shutterstock_120512629a-e1530543265925.jpg\" alt=\"\" width=\"462\" height=\"292\" srcset=\"https:\/\/fakomakine.com\/wp-content\/uploads\/2018\/05\/shutterstock_120512629a-e1530543265925.jpg 1680w, https:\/\/fakomakine.com\/wp-content\/uploads\/2018\/05\/shutterstock_120512629a-e1530543265925-300x190.jpg 300w, https:\/\/fakomakine.com\/wp-content\/uploads\/2018\/05\/shutterstock_120512629a-e1530543265925-768x485.jpg 768w, https:\/\/fakomakine.com\/wp-content\/uploads\/2018\/05\/shutterstock_120512629a-e1530543265925-1024x647.jpg 1024w, https:\/\/fakomakine.com\/wp-content\/uploads\/2018\/05\/shutterstock_120512629a-e1530543265925-640x405.jpg 640w, https:\/\/fakomakine.com\/wp-content\/uploads\/2018\/05\/shutterstock_120512629a-e1530543265925-830x525.jpg 830w, https:\/\/fakomakine.com\/wp-content\/uploads\/2018\/05\/shutterstock_120512629a-e1530543265925-230x145.jpg 230w, https:\/\/fakomakine.com\/wp-content\/uploads\/2018\/05\/shutterstock_120512629a-e1530543265925-350x221.jpg 350w, https:\/\/fakomakine.com\/wp-content\/uploads\/2018\/05\/shutterstock_120512629a-e1530543265925-480x303.jpg 480w\" sizes=\"(max-width: 462px) 100vw, 462px\" \/><\/p>\n<p style=\"text-align: center;\">Packages for daily cleaning products generally consist of very different shapes. Therefore, it can be extremely difficult to apply labels to their surfaces. It is extremely important how the labels appear at the point of sale where they reach potential buyers. For this reason, the labels should be placed perfectly on the packages without any asymmetry and folding.<\/p>\n<p style=\"text-align: center;\">In the front and back surface labeling process, which is frequently used in daily cleaning products packages, the product should be fully centered at the moment that the label is applied. Generally, a maximum of three or four labels are applied to a single product. In addition to the commercial label with the brand and features of the product, there can be a label indicating content and details, a booklet label for further instructions or information, or a promotional label. Therefore, in order to integrate three or four labeling modules into the system, multiple labels must be fully applicable to the product. As Fako Labeling Systems, we produce high precision systems that are perfectly compatible with your applications.<\/p>\n<p style=\"text-align: center;\"><img decoding=\"async\" class=\"alignnone size-medium wp-image-194 lazyload\" data-src=\"http:\/\/eturkan.com\/wp-content\/uploads\/2018\/05\/fk-wa-e1530187390825-300x277.jpg\" alt=\"\" width=\"300\" height=\"277\" data-srcset=\"https:\/\/fakomakine.com\/wp-content\/uploads\/2018\/05\/fk-wa-e1530187390825-300x277.jpg 300w, https:\/\/fakomakine.com\/wp-content\/uploads\/2018\/05\/fk-wa-e1530187390825-768x709.jpg 768w, https:\/\/fakomakine.com\/wp-content\/uploads\/2018\/05\/fk-wa-e1530187390825-1024x945.jpg 1024w, https:\/\/fakomakine.com\/wp-content\/uploads\/2018\/05\/fk-wa-e1530187390825-830x766.jpg 830w, https:\/\/fakomakine.com\/wp-content\/uploads\/2018\/05\/fk-wa-e1530187390825-230x212.jpg 230w, https:\/\/fakomakine.com\/wp-content\/uploads\/2018\/05\/fk-wa-e1530187390825-350x323.jpg 350w, https:\/\/fakomakine.com\/wp-content\/uploads\/2018\/05\/fk-wa-e1530187390825-480x443.jpg 480w, https:\/\/fakomakine.com\/wp-content\/uploads\/2018\/05\/fk-wa-e1530187390825.jpg 1075w\" data-sizes=\"(max-width: 300px) 100vw, 300px\" src=\"data:image\/svg+xml;base64,PHN2ZyB3aWR0aD0iMSIgaGVpZ2h0PSIxIiB4bWxucz0iaHR0cDovL3d3dy53My5vcmcvMjAwMC9zdmciPjwvc3ZnPg==\" style=\"--smush-placeholder-width: 300px; --smush-placeholder-aspect-ratio: 300\/277;\" \/><\/p>\n<hr \/>\n<p style=\"text-align: center;\">","protected":false},"excerpt":{"rendered":"<p>G\u00fcnl\u00fck temizlik \u00fcr\u00fcnlerine y\u00f6nelik ambalajlar genellikle birbirlerinden olduk\u00e7a farkl\u0131 \u015fekillerden olu\u015fmaktad\u0131r.\u00a0Bu nedenle etiketleri y\u00fczeylerine uygulamak fazlas\u0131yla zor olabilir.\u00a0Etiketlerin potansiyel al\u0131c\u0131lara ula\u015ft\u0131\u011f\u0131 sat\u0131\u015f [&hellip;]<\/p>","protected":false},"author":1,"featured_media":0,"parent":0,"menu_order":0,"comment_status":"closed","ping_status":"closed","template":"page-templates\/page_fullwidth.php","meta":{"footnotes":""},"class_list":["post-530","page","type-page","status-publish","hentry"],"yoast_head":"<!-- This site is optimized with the Yoast SEO plugin v23.4 - https:\/\/yoast.com\/wordpress\/plugins\/seo\/ -->\n<title>Temizlik \u00dcr\u00fcnleri - Fako Etiketleme Sistemleri<\/title>\n<meta name=\"description\" content=\"Etiketleme \u00c7\u00f6z\u00fcmlerimiz, \u00dcst Y\u00fczey Etiketleme, \u00d6n ve Arka Y\u00fczey Etiketleme, Alt ve \u00dcst Y\u00fczey Etiketleme, Sarmal Etiketleme, Fonksiyonel Etiketleme, \u00dc\u00e7 Y\u00fczey Etiketleme\" \/>\n<meta name=\"robots\" content=\"index, follow, max-snippet:-1, max-image-preview:large, max-video-preview:-1\" \/>\n<link rel=\"canonical\" href=\"https:\/\/fakomakine.com\/en\/temizlik-urunleri\/\" \/>\n<meta property=\"og:locale\" content=\"en_GB\" \/>\n<meta property=\"og:type\" content=\"article\" \/>\n<meta property=\"og:title\" content=\"Temizlik \u00dcr\u00fcnleri - Fako Etiketleme Sistemleri\" \/>\n<meta property=\"og:description\" content=\"Etiketleme \u00c7\u00f6z\u00fcmlerimiz, \u00dcst Y\u00fczey Etiketleme, \u00d6n ve Arka Y\u00fczey Etiketleme, Alt ve \u00dcst Y\u00fczey Etiketleme, Sarmal Etiketleme, Fonksiyonel Etiketleme, \u00dc\u00e7 Y\u00fczey Etiketleme\" \/>\n<meta property=\"og:url\" content=\"https:\/\/fakomakine.com\/en\/temizlik-urunleri\/\" \/>\n<meta property=\"og:site_name\" content=\"Fako Etiketleme Sistemleri\" \/>\n<meta property=\"article:modified_time\" content=\"2020-01-16T10:05:10+00:00\" \/>\n<meta property=\"og:image\" content=\"http:\/\/eturkan.com\/wp-content\/uploads\/2018\/05\/shutterstock_120512629a-e1530543265925.jpg\" \/>\n<meta name=\"twitter:card\" content=\"summary_large_image\" \/>\n<meta name=\"twitter:label1\" content=\"Estimated reading time\" \/>\n\t<meta name=\"twitter:data1\" content=\"1 minute\" \/>\n<script type=\"application\/ld+json\" class=\"yoast-schema-graph\">{\"@context\":\"https:\/\/schema.org\",\"@graph\":[{\"@type\":\"WebPage\",\"@id\":\"https:\/\/fakomakine.com\/temizlik-urunleri\/\",\"url\":\"https:\/\/fakomakine.com\/temizlik-urunleri\/\",\"name\":\"Temizlik \u00dcr\u00fcnleri - Fako Etiketleme Sistemleri\",\"isPartOf\":{\"@id\":\"https:\/\/fakomakine.com\/#website\"},\"primaryImageOfPage\":{\"@id\":\"https:\/\/fakomakine.com\/temizlik-urunleri\/#primaryimage\"},\"image\":{\"@id\":\"https:\/\/fakomakine.com\/temizlik-urunleri\/#primaryimage\"},\"thumbnailUrl\":\"http:\/\/eturkan.com\/wp-content\/uploads\/2018\/05\/shutterstock_120512629a-e1530543265925.jpg\",\"datePublished\":\"2018-07-02T12:30:42+00:00\",\"dateModified\":\"2020-01-16T10:05:10+00:00\",\"description\":\"Etiketleme \u00c7\u00f6z\u00fcmlerimiz, \u00dcst Y\u00fczey Etiketleme, \u00d6n ve Arka Y\u00fczey Etiketleme, Alt ve \u00dcst Y\u00fczey Etiketleme, Sarmal Etiketleme, Fonksiyonel Etiketleme, \u00dc\u00e7 Y\u00fczey Etiketleme\",\"breadcrumb\":{\"@id\":\"https:\/\/fakomakine.com\/temizlik-urunleri\/#breadcrumb\"},\"inLanguage\":\"en-GB\",\"potentialAction\":[{\"@type\":\"ReadAction\",\"target\":[\"https:\/\/fakomakine.com\/temizlik-urunleri\/\"]}]},{\"@type\":\"ImageObject\",\"inLanguage\":\"en-GB\",\"@id\":\"https:\/\/fakomakine.com\/temizlik-urunleri\/#primaryimage\",\"url\":\"http:\/\/eturkan.com\/wp-content\/uploads\/2018\/05\/shutterstock_120512629a-e1530543265925.jpg\",\"contentUrl\":\"http:\/\/eturkan.com\/wp-content\/uploads\/2018\/05\/shutterstock_120512629a-e1530543265925.jpg\"},{\"@type\":\"BreadcrumbList\",\"@id\":\"https:\/\/fakomakine.com\/temizlik-urunleri\/#breadcrumb\",\"itemListElement\":[{\"@type\":\"ListItem\",\"position\":1,\"name\":\"Ana sayfa\",\"item\":\"https:\/\/fakomakine.com\/\"},{\"@type\":\"ListItem\",\"position\":2,\"name\":\"Temizlik \u00dcr\u00fcnleri\"}]},{\"@type\":\"WebSite\",\"@id\":\"https:\/\/fakomakine.com\/#website\",\"url\":\"https:\/\/fakomakine.com\/\",\"name\":\"Fako Etiketleme Sistemleri\",\"description\":\"\u00d6n ve Arka Y\u00fczey Etiketleme\",\"publisher\":{\"@id\":\"https:\/\/fakomakine.com\/#organization\"},\"potentialAction\":[{\"@type\":\"SearchAction\",\"target\":{\"@type\":\"EntryPoint\",\"urlTemplate\":\"https:\/\/fakomakine.com\/?s={search_term_string}\"},\"query-input\":{\"@type\":\"PropertyValueSpecification\",\"valueRequired\":true,\"valueName\":\"search_term_string\"}}],\"inLanguage\":\"en-GB\"},{\"@type\":\"Organization\",\"@id\":\"https:\/\/fakomakine.com\/#organization\",\"name\":\"Fako Makine - Fako Etiketleme Sistemleri\",\"url\":\"https:\/\/fakomakine.com\/\",\"logo\":{\"@type\":\"ImageObject\",\"inLanguage\":\"en-GB\",\"@id\":\"https:\/\/fakomakine.com\/#\/schema\/logo\/image\/\",\"url\":\"https:\/\/fakomakine.com\/wp-content\/uploads\/2018\/07\/Fako-Etiketleme-Logo.png\",\"contentUrl\":\"https:\/\/fakomakine.com\/wp-content\/uploads\/2018\/07\/Fako-Etiketleme-Logo.png\",\"width\":924,\"height\":515,\"caption\":\"Fako Makine - Fako Etiketleme Sistemleri\"},\"image\":{\"@id\":\"https:\/\/fakomakine.com\/#\/schema\/logo\/image\/\"}}]}<\/script>\n<!-- \/ Yoast SEO plugin. -->","yoast_head_json":{"title":"Temizlik \u00dcr\u00fcnleri - Fako Etiketleme Sistemleri","description":"Etiketleme \u00c7\u00f6z\u00fcmlerimiz, \u00dcst Y\u00fczey Etiketleme, \u00d6n ve Arka Y\u00fczey Etiketleme, Alt ve \u00dcst Y\u00fczey Etiketleme, Sarmal Etiketleme, Fonksiyonel Etiketleme, \u00dc\u00e7 Y\u00fczey Etiketleme","robots":{"index":"index","follow":"follow","max-snippet":"max-snippet:-1","max-image-preview":"max-image-preview:large","max-video-preview":"max-video-preview:-1"},"canonical":"https:\/\/fakomakine.com\/en\/temizlik-urunleri\/","og_locale":"en_GB","og_type":"article","og_title":"Temizlik \u00dcr\u00fcnleri - Fako Etiketleme Sistemleri","og_description":"Etiketleme \u00c7\u00f6z\u00fcmlerimiz, \u00dcst Y\u00fczey Etiketleme, \u00d6n ve Arka Y\u00fczey Etiketleme, Alt ve \u00dcst Y\u00fczey Etiketleme, Sarmal Etiketleme, Fonksiyonel Etiketleme, \u00dc\u00e7 Y\u00fczey Etiketleme","og_url":"https:\/\/fakomakine.com\/en\/temizlik-urunleri\/","og_site_name":"Fako Etiketleme Sistemleri","article_modified_time":"2020-01-16T10:05:10+00:00","og_image":[{"url":"http:\/\/eturkan.com\/wp-content\/uploads\/2018\/05\/shutterstock_120512629a-e1530543265925.jpg"}],"twitter_card":"summary_large_image","twitter_misc":{"Estimated reading time":"1 minute"},"schema":{"@context":"https:\/\/schema.org","@graph":[{"@type":"WebPage","@id":"https:\/\/fakomakine.com\/temizlik-urunleri\/","url":"https:\/\/fakomakine.com\/temizlik-urunleri\/","name":"Temizlik \u00dcr\u00fcnleri - Fako Etiketleme Sistemleri","isPartOf":{"@id":"https:\/\/fakomakine.com\/#website"},"primaryImageOfPage":{"@id":"https:\/\/fakomakine.com\/temizlik-urunleri\/#primaryimage"},"image":{"@id":"https:\/\/fakomakine.com\/temizlik-urunleri\/#primaryimage"},"thumbnailUrl":"http:\/\/eturkan.com\/wp-content\/uploads\/2018\/05\/shutterstock_120512629a-e1530543265925.jpg","datePublished":"2018-07-02T12:30:42+00:00","dateModified":"2020-01-16T10:05:10+00:00","description":"Etiketleme \u00c7\u00f6z\u00fcmlerimiz, \u00dcst Y\u00fczey Etiketleme, \u00d6n ve Arka Y\u00fczey Etiketleme, Alt ve \u00dcst Y\u00fczey Etiketleme, Sarmal Etiketleme, Fonksiyonel Etiketleme, \u00dc\u00e7 Y\u00fczey Etiketleme","breadcrumb":{"@id":"https:\/\/fakomakine.com\/temizlik-urunleri\/#breadcrumb"},"inLanguage":"en-GB","potentialAction":[{"@type":"ReadAction","target":["https:\/\/fakomakine.com\/temizlik-urunleri\/"]}]},{"@type":"ImageObject","inLanguage":"en-GB","@id":"https:\/\/fakomakine.com\/temizlik-urunleri\/#primaryimage","url":"http:\/\/eturkan.com\/wp-content\/uploads\/2018\/05\/shutterstock_120512629a-e1530543265925.jpg","contentUrl":"http:\/\/eturkan.com\/wp-content\/uploads\/2018\/05\/shutterstock_120512629a-e1530543265925.jpg"},{"@type":"BreadcrumbList","@id":"https:\/\/fakomakine.com\/temizlik-urunleri\/#breadcrumb","itemListElement":[{"@type":"ListItem","position":1,"name":"Ana sayfa","item":"https:\/\/fakomakine.com\/"},{"@type":"ListItem","position":2,"name":"Temizlik \u00dcr\u00fcnleri"}]},{"@type":"WebSite","@id":"https:\/\/fakomakine.com\/#website","url":"https:\/\/fakomakine.com\/","name":"Fako Etiketleme Sistemleri","description":"\u00d6n ve Arka Y\u00fczey Etiketleme","publisher":{"@id":"https:\/\/fakomakine.com\/#organization"},"potentialAction":[{"@type":"SearchAction","target":{"@type":"EntryPoint","urlTemplate":"https:\/\/fakomakine.com\/?s={search_term_string}"},"query-input":{"@type":"PropertyValueSpecification","valueRequired":true,"valueName":"search_term_string"}}],"inLanguage":"en-GB"},{"@type":"Organization","@id":"https:\/\/fakomakine.com\/#organization","name":"Fako Makine - Fako Etiketleme Sistemleri","url":"https:\/\/fakomakine.com\/","logo":{"@type":"ImageObject","inLanguage":"en-GB","@id":"https:\/\/fakomakine.com\/#\/schema\/logo\/image\/","url":"https:\/\/fakomakine.com\/wp-content\/uploads\/2018\/07\/Fako-Etiketleme-Logo.png","contentUrl":"https:\/\/fakomakine.com\/wp-content\/uploads\/2018\/07\/Fako-Etiketleme-Logo.png","width":924,"height":515,"caption":"Fako Makine - Fako Etiketleme Sistemleri"},"image":{"@id":"https:\/\/fakomakine.com\/#\/schema\/logo\/image\/"}}]}},"_links":{"self":[{"href":"https:\/\/fakomakine.com\/en\/wp-json\/wp\/v2\/pages\/530"}],"collection":[{"href":"https:\/\/fakomakine.com\/en\/wp-json\/wp\/v2\/pages"}],"about":[{"href":"https:\/\/fakomakine.com\/en\/wp-json\/wp\/v2\/types\/page"}],"author":[{"embeddable":true,"href":"https:\/\/fakomakine.com\/en\/wp-json\/wp\/v2\/users\/1"}],"replies":[{"embeddable":true,"href":"https:\/\/fakomakine.com\/en\/wp-json\/wp\/v2\/comments?post=530"}],"version-history":[{"count":10,"href":"https:\/\/fakomakine.com\/en\/wp-json\/wp\/v2\/pages\/530\/revisions"}],"predecessor-version":[{"id":1257,"href":"https:\/\/fakomakine.com\/en\/wp-json\/wp\/v2\/pages\/530\/revisions\/1257"}],"wp:attachment":[{"href":"https:\/\/fakomakine.com\/en\/wp-json\/wp\/v2\/media?parent=530"}],"curies":[{"name":"wp","href":"https:\/\/api.w.org\/{rel}","templated":true}]}}