{"id":528,"date":"2018-07-02T12:29:48","date_gmt":"2018-07-02T12:29:48","guid":{"rendered":"http:\/\/eturkan.com\/?page_id=528"},"modified":"2025-09-22T18:44:58","modified_gmt":"2025-09-22T18:44:58","slug":"gida","status":"publish","type":"page","link":"https:\/\/fakomakine.com\/en\/gida\/","title":{"rendered":"Food"},"content":{"rendered":"<hr \/>\n<p><img fetchpriority=\"high\" decoding=\"async\" class=\"aligncenter wp-image-1659 size-medium\" src=\"https:\/\/fakomakine.com\/wp-content\/uploads\/2025\/09\/Gida-300x225.jpg\" alt=\"\" width=\"300\" height=\"225\" srcset=\"https:\/\/fakomakine.com\/wp-content\/uploads\/2025\/09\/Gida-300x225.jpg 300w, https:\/\/fakomakine.com\/wp-content\/uploads\/2025\/09\/Gida-16x12.jpg 16w, https:\/\/fakomakine.com\/wp-content\/uploads\/2025\/09\/Gida-230x173.jpg 230w, https:\/\/fakomakine.com\/wp-content\/uploads\/2025\/09\/Gida.jpg 400w\" sizes=\"(max-width: 300px) 100vw, 300px\" \/><\/p>\n<p style=\"text-align: center;\">Labels used in food packaging serve a wide range of purposes. They can be used to provide information about the product, to create a positive perception to the potential buyer, to indicate shelf life and freshness or to assist in product tracking. In addition, the packaging varies widely. If you require special labels allowing the packaging outside the standard labels to open and close, layered booklet labels with information for the consumer, or high-quality transparent labels, you need equipment that is perfectly adapted to your process.<\/p>\n<p style=\"text-align: center;\">Packaging surfaces to which labels will be applied in the food industry may contain moist, hot, cold and even frozen products. Thanks to the wide range of products that Fako Labeling Systems offer you with ease of use, labeling systems are equipped to meet all the requirements of manufacturers in the food industry. Labeling systems produced from robust and high-quality stainless steel. Therefore, these systems have a structure which possess the strict requirements of the food industry and is easy to clean. Printers can be easily integrated into the system to apply variable data. Our labeling systems require minimal maintenance, provide high labeling accuracy, can be modified to match installation differences and can be integrated into virtually any packaging line.<\/p>\n<p style=\"text-align: center;\"><img decoding=\"async\" class=\"aligncenter wp-image-196 lazyload\" data-src=\"https:\/\/fakomakine.com\/wp-content\/uploads\/2018\/05\/fk-ds-300x161.jpg\" alt=\"\" width=\"487\" height=\"261\" data-srcset=\"https:\/\/fakomakine.com\/wp-content\/uploads\/2018\/05\/fk-ds-300x161.jpg 300w, https:\/\/fakomakine.com\/wp-content\/uploads\/2018\/05\/fk-ds-768x413.jpg 768w, https:\/\/fakomakine.com\/wp-content\/uploads\/2018\/05\/fk-ds-1024x550.jpg 1024w, https:\/\/fakomakine.com\/wp-content\/uploads\/2018\/05\/fk-ds.jpg 1846w\" data-sizes=\"(max-width: 487px) 100vw, 487px\" src=\"data:image\/svg+xml;base64,PHN2ZyB3aWR0aD0iMSIgaGVpZ2h0PSIxIiB4bWxucz0iaHR0cDovL3d3dy53My5vcmcvMjAwMC9zdmciPjwvc3ZnPg==\" style=\"--smush-placeholder-width: 487px; --smush-placeholder-aspect-ratio: 487\/261;\" \/><\/p>\n<hr \/>\n<p style=\"text-align: center;\">\u00a0<\/p>\n\n\n<p><\/p>","protected":false},"excerpt":{"rendered":"<p>G\u0131da ambalajlar\u0131nda kullan\u0131lan etiketler geni\u015f bir amaca hizmet etmektedir.\u00a0\u00dcr\u00fcn hakk\u0131nda bilgi vermek, potansiyel al\u0131c\u0131da pozitif alg\u0131 olu\u015fturmak, raf \u00f6mr\u00fc ve tazelik belirtmek [&hellip;]<\/p>","protected":false},"author":1,"featured_media":0,"parent":0,"menu_order":0,"comment_status":"closed","ping_status":"closed","template":"page-templates\/page_fullwidth.php","meta":{"footnotes":""},"class_list":["post-528","page","type-page","status-publish","hentry"],"yoast_head":"<!-- This site is optimized with the Yoast SEO plugin v23.4 - https:\/\/yoast.com\/wordpress\/plugins\/seo\/ -->\n<title>G\u0131da - Fako Etiketleme Sistemleri<\/title>\n<meta name=\"description\" content=\"Etiketleme \u00c7\u00f6z\u00fcmlerimiz, \u00dcst Y\u00fczey Etiketleme, \u00d6n ve Arka Y\u00fczey Etiketleme, Alt ve \u00dcst Y\u00fczey Etiketleme, Sarmal Etiketleme, Fonksiyonel Etiketleme, \u00dc\u00e7 Y\u00fczey Etiketleme\" \/>\n<meta name=\"robots\" content=\"index, follow, max-snippet:-1, max-image-preview:large, max-video-preview:-1\" \/>\n<link rel=\"canonical\" href=\"https:\/\/fakomakine.com\/en\/gida\/\" \/>\n<meta property=\"og:locale\" content=\"en_GB\" \/>\n<meta property=\"og:type\" content=\"article\" \/>\n<meta property=\"og:title\" content=\"G\u0131da - Fako Etiketleme Sistemleri\" \/>\n<meta property=\"og:description\" content=\"Etiketleme \u00c7\u00f6z\u00fcmlerimiz, \u00dcst Y\u00fczey Etiketleme, \u00d6n ve Arka Y\u00fczey Etiketleme, Alt ve \u00dcst Y\u00fczey Etiketleme, Sarmal Etiketleme, Fonksiyonel Etiketleme, \u00dc\u00e7 Y\u00fczey Etiketleme\" \/>\n<meta property=\"og:url\" content=\"https:\/\/fakomakine.com\/en\/gida\/\" \/>\n<meta property=\"og:site_name\" content=\"Fako Etiketleme Sistemleri\" \/>\n<meta property=\"article:modified_time\" content=\"2025-09-22T18:44:58+00:00\" \/>\n<meta property=\"og:image\" content=\"https:\/\/fakomakine.com\/wp-content\/uploads\/2025\/09\/Gida-300x225.jpg\" \/>\n<meta name=\"twitter:card\" content=\"summary_large_image\" \/>\n<meta name=\"twitter:label1\" content=\"Estimated reading time\" \/>\n\t<meta name=\"twitter:data1\" content=\"1 minute\" \/>\n<script type=\"application\/ld+json\" class=\"yoast-schema-graph\">{\"@context\":\"https:\/\/schema.org\",\"@graph\":[{\"@type\":\"WebPage\",\"@id\":\"https:\/\/fakomakine.com\/gida\/\",\"url\":\"https:\/\/fakomakine.com\/gida\/\",\"name\":\"G\u0131da - Fako Etiketleme Sistemleri\",\"isPartOf\":{\"@id\":\"https:\/\/fakomakine.com\/#website\"},\"primaryImageOfPage\":{\"@id\":\"https:\/\/fakomakine.com\/gida\/#primaryimage\"},\"image\":{\"@id\":\"https:\/\/fakomakine.com\/gida\/#primaryimage\"},\"thumbnailUrl\":\"https:\/\/fakomakine.com\/wp-content\/uploads\/2025\/09\/Gida-300x225.jpg\",\"datePublished\":\"2018-07-02T12:29:48+00:00\",\"dateModified\":\"2025-09-22T18:44:58+00:00\",\"description\":\"Etiketleme \u00c7\u00f6z\u00fcmlerimiz, \u00dcst Y\u00fczey Etiketleme, \u00d6n ve Arka Y\u00fczey Etiketleme, Alt ve \u00dcst Y\u00fczey Etiketleme, Sarmal Etiketleme, Fonksiyonel Etiketleme, \u00dc\u00e7 Y\u00fczey Etiketleme\",\"breadcrumb\":{\"@id\":\"https:\/\/fakomakine.com\/gida\/#breadcrumb\"},\"inLanguage\":\"en-GB\",\"potentialAction\":[{\"@type\":\"ReadAction\",\"target\":[\"https:\/\/fakomakine.com\/gida\/\"]}]},{\"@type\":\"ImageObject\",\"inLanguage\":\"en-GB\",\"@id\":\"https:\/\/fakomakine.com\/gida\/#primaryimage\",\"url\":\"https:\/\/fakomakine.com\/wp-content\/uploads\/2025\/09\/Gida-300x225.jpg\",\"contentUrl\":\"https:\/\/fakomakine.com\/wp-content\/uploads\/2025\/09\/Gida-300x225.jpg\"},{\"@type\":\"BreadcrumbList\",\"@id\":\"https:\/\/fakomakine.com\/gida\/#breadcrumb\",\"itemListElement\":[{\"@type\":\"ListItem\",\"position\":1,\"name\":\"Ana sayfa\",\"item\":\"https:\/\/fakomakine.com\/\"},{\"@type\":\"ListItem\",\"position\":2,\"name\":\"G\u0131da\"}]},{\"@type\":\"WebSite\",\"@id\":\"https:\/\/fakomakine.com\/#website\",\"url\":\"https:\/\/fakomakine.com\/\",\"name\":\"Fako Etiketleme Sistemleri\",\"description\":\"\u00d6n ve Arka Y\u00fczey Etiketleme\",\"publisher\":{\"@id\":\"https:\/\/fakomakine.com\/#organization\"},\"potentialAction\":[{\"@type\":\"SearchAction\",\"target\":{\"@type\":\"EntryPoint\",\"urlTemplate\":\"https:\/\/fakomakine.com\/?s={search_term_string}\"},\"query-input\":{\"@type\":\"PropertyValueSpecification\",\"valueRequired\":true,\"valueName\":\"search_term_string\"}}],\"inLanguage\":\"en-GB\"},{\"@type\":\"Organization\",\"@id\":\"https:\/\/fakomakine.com\/#organization\",\"name\":\"Fako Makine - Fako Etiketleme Sistemleri\",\"url\":\"https:\/\/fakomakine.com\/\",\"logo\":{\"@type\":\"ImageObject\",\"inLanguage\":\"en-GB\",\"@id\":\"https:\/\/fakomakine.com\/#\/schema\/logo\/image\/\",\"url\":\"https:\/\/fakomakine.com\/wp-content\/uploads\/2018\/07\/Fako-Etiketleme-Logo.png\",\"contentUrl\":\"https:\/\/fakomakine.com\/wp-content\/uploads\/2018\/07\/Fako-Etiketleme-Logo.png\",\"width\":924,\"height\":515,\"caption\":\"Fako Makine - Fako Etiketleme Sistemleri\"},\"image\":{\"@id\":\"https:\/\/fakomakine.com\/#\/schema\/logo\/image\/\"}}]}<\/script>\n<!-- \/ Yoast SEO plugin. -->","yoast_head_json":{"title":"G\u0131da - Fako Etiketleme Sistemleri","description":"Etiketleme \u00c7\u00f6z\u00fcmlerimiz, \u00dcst Y\u00fczey Etiketleme, \u00d6n ve Arka Y\u00fczey Etiketleme, Alt ve \u00dcst Y\u00fczey Etiketleme, Sarmal Etiketleme, Fonksiyonel Etiketleme, \u00dc\u00e7 Y\u00fczey Etiketleme","robots":{"index":"index","follow":"follow","max-snippet":"max-snippet:-1","max-image-preview":"max-image-preview:large","max-video-preview":"max-video-preview:-1"},"canonical":"https:\/\/fakomakine.com\/en\/gida\/","og_locale":"en_GB","og_type":"article","og_title":"G\u0131da - Fako Etiketleme Sistemleri","og_description":"Etiketleme \u00c7\u00f6z\u00fcmlerimiz, \u00dcst Y\u00fczey Etiketleme, \u00d6n ve Arka Y\u00fczey Etiketleme, Alt ve \u00dcst Y\u00fczey Etiketleme, Sarmal Etiketleme, Fonksiyonel Etiketleme, \u00dc\u00e7 Y\u00fczey Etiketleme","og_url":"https:\/\/fakomakine.com\/en\/gida\/","og_site_name":"Fako Etiketleme Sistemleri","article_modified_time":"2025-09-22T18:44:58+00:00","og_image":[{"url":"https:\/\/fakomakine.com\/wp-content\/uploads\/2025\/09\/Gida-300x225.jpg"}],"twitter_card":"summary_large_image","twitter_misc":{"Estimated reading time":"1 minute"},"schema":{"@context":"https:\/\/schema.org","@graph":[{"@type":"WebPage","@id":"https:\/\/fakomakine.com\/gida\/","url":"https:\/\/fakomakine.com\/gida\/","name":"G\u0131da - Fako Etiketleme Sistemleri","isPartOf":{"@id":"https:\/\/fakomakine.com\/#website"},"primaryImageOfPage":{"@id":"https:\/\/fakomakine.com\/gida\/#primaryimage"},"image":{"@id":"https:\/\/fakomakine.com\/gida\/#primaryimage"},"thumbnailUrl":"https:\/\/fakomakine.com\/wp-content\/uploads\/2025\/09\/Gida-300x225.jpg","datePublished":"2018-07-02T12:29:48+00:00","dateModified":"2025-09-22T18:44:58+00:00","description":"Etiketleme \u00c7\u00f6z\u00fcmlerimiz, \u00dcst Y\u00fczey Etiketleme, \u00d6n ve Arka Y\u00fczey Etiketleme, Alt ve \u00dcst Y\u00fczey Etiketleme, Sarmal Etiketleme, Fonksiyonel Etiketleme, \u00dc\u00e7 Y\u00fczey Etiketleme","breadcrumb":{"@id":"https:\/\/fakomakine.com\/gida\/#breadcrumb"},"inLanguage":"en-GB","potentialAction":[{"@type":"ReadAction","target":["https:\/\/fakomakine.com\/gida\/"]}]},{"@type":"ImageObject","inLanguage":"en-GB","@id":"https:\/\/fakomakine.com\/gida\/#primaryimage","url":"https:\/\/fakomakine.com\/wp-content\/uploads\/2025\/09\/Gida-300x225.jpg","contentUrl":"https:\/\/fakomakine.com\/wp-content\/uploads\/2025\/09\/Gida-300x225.jpg"},{"@type":"BreadcrumbList","@id":"https:\/\/fakomakine.com\/gida\/#breadcrumb","itemListElement":[{"@type":"ListItem","position":1,"name":"Ana sayfa","item":"https:\/\/fakomakine.com\/"},{"@type":"ListItem","position":2,"name":"G\u0131da"}]},{"@type":"WebSite","@id":"https:\/\/fakomakine.com\/#website","url":"https:\/\/fakomakine.com\/","name":"Fako Etiketleme Sistemleri","description":"\u00d6n ve Arka Y\u00fczey Etiketleme","publisher":{"@id":"https:\/\/fakomakine.com\/#organization"},"potentialAction":[{"@type":"SearchAction","target":{"@type":"EntryPoint","urlTemplate":"https:\/\/fakomakine.com\/?s={search_term_string}"},"query-input":{"@type":"PropertyValueSpecification","valueRequired":true,"valueName":"search_term_string"}}],"inLanguage":"en-GB"},{"@type":"Organization","@id":"https:\/\/fakomakine.com\/#organization","name":"Fako Makine - Fako Etiketleme Sistemleri","url":"https:\/\/fakomakine.com\/","logo":{"@type":"ImageObject","inLanguage":"en-GB","@id":"https:\/\/fakomakine.com\/#\/schema\/logo\/image\/","url":"https:\/\/fakomakine.com\/wp-content\/uploads\/2018\/07\/Fako-Etiketleme-Logo.png","contentUrl":"https:\/\/fakomakine.com\/wp-content\/uploads\/2018\/07\/Fako-Etiketleme-Logo.png","width":924,"height":515,"caption":"Fako Makine - Fako Etiketleme Sistemleri"},"image":{"@id":"https:\/\/fakomakine.com\/#\/schema\/logo\/image\/"}}]}},"_links":{"self":[{"href":"https:\/\/fakomakine.com\/en\/wp-json\/wp\/v2\/pages\/528"}],"collection":[{"href":"https:\/\/fakomakine.com\/en\/wp-json\/wp\/v2\/pages"}],"about":[{"href":"https:\/\/fakomakine.com\/en\/wp-json\/wp\/v2\/types\/page"}],"author":[{"embeddable":true,"href":"https:\/\/fakomakine.com\/en\/wp-json\/wp\/v2\/users\/1"}],"replies":[{"embeddable":true,"href":"https:\/\/fakomakine.com\/en\/wp-json\/wp\/v2\/comments?post=528"}],"version-history":[{"count":11,"href":"https:\/\/fakomakine.com\/en\/wp-json\/wp\/v2\/pages\/528\/revisions"}],"predecessor-version":[{"id":1661,"href":"https:\/\/fakomakine.com\/en\/wp-json\/wp\/v2\/pages\/528\/revisions\/1661"}],"wp:attachment":[{"href":"https:\/\/fakomakine.com\/en\/wp-json\/wp\/v2\/media?parent=528"}],"curies":[{"name":"wp","href":"https:\/\/api.w.org\/{rel}","templated":true}]}}