{"id":526,"date":"2018-07-02T12:29:04","date_gmt":"2018-07-02T12:29:04","guid":{"rendered":"http:\/\/eturkan.com\/?page_id=526"},"modified":"2020-01-16T09:55:58","modified_gmt":"2020-01-16T09:55:58","slug":"ilac","status":"publish","type":"page","link":"https:\/\/fakomakine.com\/en\/ilac\/","title":{"rendered":"Pharmaceuticals"},"content":{"rendered":"<hr \/>\n<p style=\"text-align: center;\"><img fetchpriority=\"high\" decoding=\"async\" class=\"aligncenter wp-image-657\" src=\"http:\/\/eturkan.com\/wp-content\/uploads\/2018\/07\/7e92a69205499c8b9fc14013c658188f.jpg\" alt=\"\" width=\"491\" height=\"287\" srcset=\"https:\/\/fakomakine.com\/wp-content\/uploads\/2018\/07\/7e92a69205499c8b9fc14013c658188f.jpg 2300w, https:\/\/fakomakine.com\/wp-content\/uploads\/2018\/07\/7e92a69205499c8b9fc14013c658188f-300x175.jpg 300w, https:\/\/fakomakine.com\/wp-content\/uploads\/2018\/07\/7e92a69205499c8b9fc14013c658188f-768x448.jpg 768w, https:\/\/fakomakine.com\/wp-content\/uploads\/2018\/07\/7e92a69205499c8b9fc14013c658188f-1024x597.jpg 1024w, https:\/\/fakomakine.com\/wp-content\/uploads\/2018\/07\/7e92a69205499c8b9fc14013c658188f-830x484.jpg 830w, https:\/\/fakomakine.com\/wp-content\/uploads\/2018\/07\/7e92a69205499c8b9fc14013c658188f-230x134.jpg 230w, https:\/\/fakomakine.com\/wp-content\/uploads\/2018\/07\/7e92a69205499c8b9fc14013c658188f-350x204.jpg 350w, https:\/\/fakomakine.com\/wp-content\/uploads\/2018\/07\/7e92a69205499c8b9fc14013c658188f-480x280.jpg 480w\" sizes=\"(max-width: 491px) 100vw, 491px\" \/>Packages of medical products consist of very different forms. Quite different packages, such as bottles, light bulbs, cardboard or plastic boxes, pens and syringes, require special applications. In addition to the variety of packaging, label applications should be carried out in controlled and sanitary environments such as clean rooms due to medical sensitivities. Due to the strict inspections, the pharmaceutical industry is the leading industry in terms of sensitivity among all industries and applications. Fako Labeling Systems are manufactured with the latest technology equipment for perfect results even for the most sensitive applications.<\/p>\n<p style=\"text-align: center;\"><img decoding=\"async\" class=\"aligncenter size-medium wp-image-1165 lazyload\" data-src=\"http:\/\/fakomakine.com\/wp-content\/uploads\/2018\/07\/Mod\u00fcl-300x300.jpg\" alt=\"\" width=\"300\" height=\"300\" data-srcset=\"https:\/\/fakomakine.com\/wp-content\/uploads\/2018\/07\/Mod\u00fcl-300x300.jpg 300w, https:\/\/fakomakine.com\/wp-content\/uploads\/2018\/07\/Mod\u00fcl-150x150.jpg 150w, https:\/\/fakomakine.com\/wp-content\/uploads\/2018\/07\/Mod\u00fcl-768x768.jpg 768w, https:\/\/fakomakine.com\/wp-content\/uploads\/2018\/07\/Mod\u00fcl-830x830.jpg 830w, https:\/\/fakomakine.com\/wp-content\/uploads\/2018\/07\/Mod\u00fcl-230x230.jpg 230w, https:\/\/fakomakine.com\/wp-content\/uploads\/2018\/07\/Mod\u00fcl-350x350.jpg 350w, https:\/\/fakomakine.com\/wp-content\/uploads\/2018\/07\/Mod\u00fcl-480x480.jpg 480w, https:\/\/fakomakine.com\/wp-content\/uploads\/2018\/07\/Mod\u00fcl.jpg 862w\" data-sizes=\"(max-width: 300px) 100vw, 300px\" src=\"data:image\/svg+xml;base64,PHN2ZyB3aWR0aD0iMSIgaGVpZ2h0PSIxIiB4bWxucz0iaHR0cDovL3d3dy53My5vcmcvMjAwMC9zdmciPjwvc3ZnPg==\" style=\"--smush-placeholder-width: 300px; --smush-placeholder-aspect-ratio: 300\/300;\" \/><\/p>\n<hr \/>\n<p style=\"text-align: center;\">","protected":false},"excerpt":{"rendered":"<p>Medikal \u00fcr\u00fcnlerin paketleri birbirlerinden olduk\u00e7a farkl\u0131 formlardan olu\u015fmaktad\u0131r. \u015ei\u015feler, ampuler, karton veya plastik kutular, kalemler ve \u015f\u0131r\u0131ngalar gibi olduk\u00e7a farkl\u0131 ambalajlar \u00f6zel [&hellip;]<\/p>","protected":false},"author":1,"featured_media":0,"parent":0,"menu_order":0,"comment_status":"closed","ping_status":"closed","template":"page-templates\/page_fullwidth.php","meta":{"footnotes":""},"class_list":["post-526","page","type-page","status-publish","hentry"],"yoast_head":"<!-- This site is optimized with the Yoast SEO plugin v23.4 - https:\/\/yoast.com\/wordpress\/plugins\/seo\/ -->\n<title>\u0130la\u00e7 - Fako Etiketleme Sistemleri<\/title>\n<meta name=\"description\" content=\"Etiketleme \u00c7\u00f6z\u00fcmlerimiz, \u00dcst Y\u00fczey Etiketleme, \u00d6n ve Arka Y\u00fczey Etiketleme, Alt ve \u00dcst Y\u00fczey Etiketleme, Sarmal Etiketleme, Fonksiyonel Etiketleme, \u00dc\u00e7 Y\u00fczey Etiketleme\" \/>\n<meta name=\"robots\" content=\"index, follow, max-snippet:-1, max-image-preview:large, max-video-preview:-1\" \/>\n<link rel=\"canonical\" href=\"https:\/\/fakomakine.com\/en\/ilac\/\" \/>\n<meta property=\"og:locale\" content=\"en_GB\" \/>\n<meta property=\"og:type\" content=\"article\" \/>\n<meta property=\"og:title\" content=\"\u0130la\u00e7 - Fako Etiketleme Sistemleri\" \/>\n<meta property=\"og:description\" content=\"Etiketleme \u00c7\u00f6z\u00fcmlerimiz, \u00dcst Y\u00fczey Etiketleme, \u00d6n ve Arka Y\u00fczey Etiketleme, Alt ve \u00dcst Y\u00fczey Etiketleme, Sarmal Etiketleme, Fonksiyonel Etiketleme, \u00dc\u00e7 Y\u00fczey Etiketleme\" \/>\n<meta property=\"og:url\" content=\"https:\/\/fakomakine.com\/en\/ilac\/\" \/>\n<meta property=\"og:site_name\" content=\"Fako Etiketleme Sistemleri\" \/>\n<meta property=\"article:modified_time\" content=\"2020-01-16T09:55:58+00:00\" \/>\n<meta property=\"og:image\" content=\"http:\/\/eturkan.com\/wp-content\/uploads\/2018\/07\/7e92a69205499c8b9fc14013c658188f.jpg\" \/>\n<meta name=\"twitter:card\" content=\"summary_large_image\" \/>\n<meta name=\"twitter:label1\" content=\"Estimated reading time\" \/>\n\t<meta name=\"twitter:data1\" content=\"1 minute\" \/>\n<script type=\"application\/ld+json\" class=\"yoast-schema-graph\">{\"@context\":\"https:\/\/schema.org\",\"@graph\":[{\"@type\":\"WebPage\",\"@id\":\"https:\/\/fakomakine.com\/en\/ilac\/\",\"url\":\"https:\/\/fakomakine.com\/en\/ilac\/\",\"name\":\"\u0130la\u00e7 - Fako Etiketleme Sistemleri\",\"isPartOf\":{\"@id\":\"https:\/\/fakomakine.com\/#website\"},\"primaryImageOfPage\":{\"@id\":\"https:\/\/fakomakine.com\/en\/ilac\/#primaryimage\"},\"image\":{\"@id\":\"https:\/\/fakomakine.com\/en\/ilac\/#primaryimage\"},\"thumbnailUrl\":\"http:\/\/eturkan.com\/wp-content\/uploads\/2018\/07\/7e92a69205499c8b9fc14013c658188f.jpg\",\"datePublished\":\"2018-07-02T12:29:04+00:00\",\"dateModified\":\"2020-01-16T09:55:58+00:00\",\"description\":\"Etiketleme \u00c7\u00f6z\u00fcmlerimiz, \u00dcst Y\u00fczey Etiketleme, \u00d6n ve Arka Y\u00fczey Etiketleme, Alt ve \u00dcst Y\u00fczey Etiketleme, Sarmal Etiketleme, Fonksiyonel Etiketleme, \u00dc\u00e7 Y\u00fczey Etiketleme\",\"breadcrumb\":{\"@id\":\"https:\/\/fakomakine.com\/en\/ilac\/#breadcrumb\"},\"inLanguage\":\"en-GB\",\"potentialAction\":[{\"@type\":\"ReadAction\",\"target\":[\"https:\/\/fakomakine.com\/en\/ilac\/\"]}]},{\"@type\":\"ImageObject\",\"inLanguage\":\"en-GB\",\"@id\":\"https:\/\/fakomakine.com\/en\/ilac\/#primaryimage\",\"url\":\"http:\/\/eturkan.com\/wp-content\/uploads\/2018\/07\/7e92a69205499c8b9fc14013c658188f.jpg\",\"contentUrl\":\"http:\/\/eturkan.com\/wp-content\/uploads\/2018\/07\/7e92a69205499c8b9fc14013c658188f.jpg\"},{\"@type\":\"BreadcrumbList\",\"@id\":\"https:\/\/fakomakine.com\/en\/ilac\/#breadcrumb\",\"itemListElement\":[{\"@type\":\"ListItem\",\"position\":1,\"name\":\"Ana sayfa\",\"item\":\"https:\/\/fakomakine.com\/\"},{\"@type\":\"ListItem\",\"position\":2,\"name\":\"\u0130la\u00e7\"}]},{\"@type\":\"WebSite\",\"@id\":\"https:\/\/fakomakine.com\/#website\",\"url\":\"https:\/\/fakomakine.com\/\",\"name\":\"Fako Etiketleme Sistemleri\",\"description\":\"\u00d6n ve Arka Y\u00fczey Etiketleme\",\"publisher\":{\"@id\":\"https:\/\/fakomakine.com\/#organization\"},\"potentialAction\":[{\"@type\":\"SearchAction\",\"target\":{\"@type\":\"EntryPoint\",\"urlTemplate\":\"https:\/\/fakomakine.com\/?s={search_term_string}\"},\"query-input\":{\"@type\":\"PropertyValueSpecification\",\"valueRequired\":true,\"valueName\":\"search_term_string\"}}],\"inLanguage\":\"en-GB\"},{\"@type\":\"Organization\",\"@id\":\"https:\/\/fakomakine.com\/#organization\",\"name\":\"Fako Makine - Fako Etiketleme Sistemleri\",\"url\":\"https:\/\/fakomakine.com\/\",\"logo\":{\"@type\":\"ImageObject\",\"inLanguage\":\"en-GB\",\"@id\":\"https:\/\/fakomakine.com\/#\/schema\/logo\/image\/\",\"url\":\"https:\/\/fakomakine.com\/wp-content\/uploads\/2018\/07\/Fako-Etiketleme-Logo.png\",\"contentUrl\":\"https:\/\/fakomakine.com\/wp-content\/uploads\/2018\/07\/Fako-Etiketleme-Logo.png\",\"width\":924,\"height\":515,\"caption\":\"Fako Makine - Fako Etiketleme Sistemleri\"},\"image\":{\"@id\":\"https:\/\/fakomakine.com\/#\/schema\/logo\/image\/\"}}]}<\/script>\n<!-- \/ Yoast SEO plugin. -->","yoast_head_json":{"title":"\u0130la\u00e7 - Fako Etiketleme Sistemleri","description":"Etiketleme \u00c7\u00f6z\u00fcmlerimiz, \u00dcst Y\u00fczey Etiketleme, \u00d6n ve Arka Y\u00fczey Etiketleme, Alt ve \u00dcst Y\u00fczey Etiketleme, Sarmal Etiketleme, Fonksiyonel Etiketleme, \u00dc\u00e7 Y\u00fczey Etiketleme","robots":{"index":"index","follow":"follow","max-snippet":"max-snippet:-1","max-image-preview":"max-image-preview:large","max-video-preview":"max-video-preview:-1"},"canonical":"https:\/\/fakomakine.com\/en\/ilac\/","og_locale":"en_GB","og_type":"article","og_title":"\u0130la\u00e7 - Fako Etiketleme Sistemleri","og_description":"Etiketleme \u00c7\u00f6z\u00fcmlerimiz, \u00dcst Y\u00fczey Etiketleme, \u00d6n ve Arka Y\u00fczey Etiketleme, Alt ve \u00dcst Y\u00fczey Etiketleme, Sarmal Etiketleme, Fonksiyonel Etiketleme, \u00dc\u00e7 Y\u00fczey Etiketleme","og_url":"https:\/\/fakomakine.com\/en\/ilac\/","og_site_name":"Fako Etiketleme Sistemleri","article_modified_time":"2020-01-16T09:55:58+00:00","og_image":[{"url":"http:\/\/eturkan.com\/wp-content\/uploads\/2018\/07\/7e92a69205499c8b9fc14013c658188f.jpg"}],"twitter_card":"summary_large_image","twitter_misc":{"Estimated reading time":"1 minute"},"schema":{"@context":"https:\/\/schema.org","@graph":[{"@type":"WebPage","@id":"https:\/\/fakomakine.com\/en\/ilac\/","url":"https:\/\/fakomakine.com\/en\/ilac\/","name":"\u0130la\u00e7 - Fako Etiketleme Sistemleri","isPartOf":{"@id":"https:\/\/fakomakine.com\/#website"},"primaryImageOfPage":{"@id":"https:\/\/fakomakine.com\/en\/ilac\/#primaryimage"},"image":{"@id":"https:\/\/fakomakine.com\/en\/ilac\/#primaryimage"},"thumbnailUrl":"http:\/\/eturkan.com\/wp-content\/uploads\/2018\/07\/7e92a69205499c8b9fc14013c658188f.jpg","datePublished":"2018-07-02T12:29:04+00:00","dateModified":"2020-01-16T09:55:58+00:00","description":"Etiketleme \u00c7\u00f6z\u00fcmlerimiz, \u00dcst Y\u00fczey Etiketleme, \u00d6n ve Arka Y\u00fczey Etiketleme, Alt ve \u00dcst Y\u00fczey Etiketleme, Sarmal Etiketleme, Fonksiyonel Etiketleme, \u00dc\u00e7 Y\u00fczey Etiketleme","breadcrumb":{"@id":"https:\/\/fakomakine.com\/en\/ilac\/#breadcrumb"},"inLanguage":"en-GB","potentialAction":[{"@type":"ReadAction","target":["https:\/\/fakomakine.com\/en\/ilac\/"]}]},{"@type":"ImageObject","inLanguage":"en-GB","@id":"https:\/\/fakomakine.com\/en\/ilac\/#primaryimage","url":"http:\/\/eturkan.com\/wp-content\/uploads\/2018\/07\/7e92a69205499c8b9fc14013c658188f.jpg","contentUrl":"http:\/\/eturkan.com\/wp-content\/uploads\/2018\/07\/7e92a69205499c8b9fc14013c658188f.jpg"},{"@type":"BreadcrumbList","@id":"https:\/\/fakomakine.com\/en\/ilac\/#breadcrumb","itemListElement":[{"@type":"ListItem","position":1,"name":"Ana sayfa","item":"https:\/\/fakomakine.com\/"},{"@type":"ListItem","position":2,"name":"\u0130la\u00e7"}]},{"@type":"WebSite","@id":"https:\/\/fakomakine.com\/#website","url":"https:\/\/fakomakine.com\/","name":"Fako Etiketleme Sistemleri","description":"\u00d6n ve Arka Y\u00fczey Etiketleme","publisher":{"@id":"https:\/\/fakomakine.com\/#organization"},"potentialAction":[{"@type":"SearchAction","target":{"@type":"EntryPoint","urlTemplate":"https:\/\/fakomakine.com\/?s={search_term_string}"},"query-input":{"@type":"PropertyValueSpecification","valueRequired":true,"valueName":"search_term_string"}}],"inLanguage":"en-GB"},{"@type":"Organization","@id":"https:\/\/fakomakine.com\/#organization","name":"Fako Makine - Fako Etiketleme Sistemleri","url":"https:\/\/fakomakine.com\/","logo":{"@type":"ImageObject","inLanguage":"en-GB","@id":"https:\/\/fakomakine.com\/#\/schema\/logo\/image\/","url":"https:\/\/fakomakine.com\/wp-content\/uploads\/2018\/07\/Fako-Etiketleme-Logo.png","contentUrl":"https:\/\/fakomakine.com\/wp-content\/uploads\/2018\/07\/Fako-Etiketleme-Logo.png","width":924,"height":515,"caption":"Fako Makine - Fako Etiketleme Sistemleri"},"image":{"@id":"https:\/\/fakomakine.com\/#\/schema\/logo\/image\/"}}]}},"_links":{"self":[{"href":"https:\/\/fakomakine.com\/en\/wp-json\/wp\/v2\/pages\/526"}],"collection":[{"href":"https:\/\/fakomakine.com\/en\/wp-json\/wp\/v2\/pages"}],"about":[{"href":"https:\/\/fakomakine.com\/en\/wp-json\/wp\/v2\/types\/page"}],"author":[{"embeddable":true,"href":"https:\/\/fakomakine.com\/en\/wp-json\/wp\/v2\/users\/1"}],"replies":[{"embeddable":true,"href":"https:\/\/fakomakine.com\/en\/wp-json\/wp\/v2\/comments?post=526"}],"version-history":[{"count":11,"href":"https:\/\/fakomakine.com\/en\/wp-json\/wp\/v2\/pages\/526\/revisions"}],"predecessor-version":[{"id":1237,"href":"https:\/\/fakomakine.com\/en\/wp-json\/wp\/v2\/pages\/526\/revisions\/1237"}],"wp:attachment":[{"href":"https:\/\/fakomakine.com\/en\/wp-json\/wp\/v2\/media?parent=526"}],"curies":[{"name":"wp","href":"https:\/\/api.w.org\/{rel}","templated":true}]}}