{"id":521,"date":"2018-07-02T12:27:07","date_gmt":"2018-07-02T12:27:07","guid":{"rendered":"http:\/\/eturkan.com\/?page_id=521"},"modified":"2020-01-16T10:04:28","modified_gmt":"2020-01-16T10:04:28","slug":"sekerleme","status":"publish","type":"page","link":"https:\/\/fakomakine.com\/en\/sekerleme\/","title":{"rendered":"\u015eekerleme"},"content":{"rendered":"<hr \/>\n<p><img fetchpriority=\"high\" decoding=\"async\" class=\"wp-image-543 aligncenter\" src=\"http:\/\/eturkan.com\/wp-content\/uploads\/2018\/07\/canddd-e1530535401269.jpg\" alt=\"\" width=\"466\" height=\"203\" \/><\/p>\n<p style=\"text-align: center;\">\u015eekerleme ambalajlar\u0131nda kullan\u0131lan etiketler bir\u00e7ok farkl\u0131 amaca y\u00f6nelik tercih edilebilirler. Etiket \u00fcr\u00fcn i\u00e7eri\u011fi, marka ve tan\u0131t\u0131m ama\u00e7l\u0131 olabilece\u011fi gibi \u00fcr\u00fcn\u00fc m\u00fch\u00fcrlemek ama\u00e7l\u0131 da kullan\u0131labilirler. Bu t\u00fcr \u00fcr\u00fcnlerde ambalajlar olduk\u00e7a \u00e7e\u015fitlendirilmi\u015f durumdad\u0131r. Gerek \u00fcr\u00fcnlerin farkl\u0131 \u015fekillerde olu\u015fu gerekse etiketin uyguland\u0131\u011f\u0131 y\u00fczeylerin farkl\u0131la\u015fmas\u0131 etiket uygulamalar\u0131nda baz\u0131 zorluklar\u0131 da beraberinde getirmektedir. Fako Etiketleme Makineleri prosesinize uygun aplikat\u00f6r ve komple sistemlerle markan\u0131za en uygun \u00e7\u00f6z\u00fcmleri sunmaktad\u0131r.<img decoding=\"async\" class=\"size-medium wp-image-231 aligncenter lazyload\" data-src=\"http:\/\/eturkan.com\/wp-content\/uploads\/2018\/05\/23705-10199252-300x300.jpg\" alt=\"\" width=\"300\" height=\"300\" data-srcset=\"https:\/\/fakomakine.com\/wp-content\/uploads\/2018\/05\/23705-10199252-300x300.jpg 300w, https:\/\/fakomakine.com\/wp-content\/uploads\/2018\/05\/23705-10199252-150x150.jpg 150w, https:\/\/fakomakine.com\/wp-content\/uploads\/2018\/05\/23705-10199252-768x768.jpg 768w, https:\/\/fakomakine.com\/wp-content\/uploads\/2018\/05\/23705-10199252-1024x1024.jpg 1024w, https:\/\/fakomakine.com\/wp-content\/uploads\/2018\/05\/23705-10199252.jpg 1500w\" data-sizes=\"(max-width: 300px) 100vw, 300px\" src=\"data:image\/svg+xml;base64,PHN2ZyB3aWR0aD0iMSIgaGVpZ2h0PSIxIiB4bWxucz0iaHR0cDovL3d3dy53My5vcmcvMjAwMC9zdmciPjwvc3ZnPg==\" style=\"--smush-placeholder-width: 300px; --smush-placeholder-aspect-ratio: 300\/300;\" \/><\/p>","protected":false},"excerpt":{"rendered":"<p>\u015eekerleme ambalajlar\u0131nda kullan\u0131lan etiketler bir\u00e7ok farkl\u0131 amaca y\u00f6nelik tercih edilebilirler. Etiket \u00fcr\u00fcn i\u00e7eri\u011fi, marka ve tan\u0131t\u0131m ama\u00e7l\u0131 olabilece\u011fi gibi \u00fcr\u00fcn\u00fc m\u00fch\u00fcrlemek ama\u00e7l\u0131 [&hellip;]<\/p>","protected":false},"author":1,"featured_media":0,"parent":0,"menu_order":0,"comment_status":"closed","ping_status":"closed","template":"page-templates\/page_fullwidth.php","meta":{"footnotes":""},"class_list":["post-521","page","type-page","status-publish","hentry"],"yoast_head":"<!-- This site is optimized with the Yoast SEO plugin v23.4 - https:\/\/yoast.com\/wordpress\/plugins\/seo\/ -->\n<title>\u015eekerleme - Fako Etiketleme Sistemleri<\/title>\n<meta name=\"description\" content=\"Etiketleme \u00c7\u00f6z\u00fcmlerimiz, \u00dcst Y\u00fczey Etiketleme, \u00d6n ve Arka Y\u00fczey Etiketleme, Alt ve \u00dcst Y\u00fczey Etiketleme, Sarmal Etiketleme, Fonksiyonel Etiketleme, \u00dc\u00e7 Y\u00fczey Etiketleme\" \/>\n<meta name=\"robots\" content=\"index, follow, max-snippet:-1, max-image-preview:large, max-video-preview:-1\" \/>\n<link rel=\"canonical\" href=\"https:\/\/fakomakine.com\/en\/sekerleme\/\" \/>\n<meta property=\"og:locale\" content=\"en_GB\" \/>\n<meta property=\"og:type\" content=\"article\" \/>\n<meta property=\"og:title\" content=\"\u015eekerleme - Fako Etiketleme Sistemleri\" \/>\n<meta property=\"og:description\" content=\"Etiketleme \u00c7\u00f6z\u00fcmlerimiz, \u00dcst Y\u00fczey Etiketleme, \u00d6n ve Arka Y\u00fczey Etiketleme, Alt ve \u00dcst Y\u00fczey Etiketleme, Sarmal Etiketleme, Fonksiyonel Etiketleme, \u00dc\u00e7 Y\u00fczey Etiketleme\" \/>\n<meta property=\"og:url\" content=\"https:\/\/fakomakine.com\/en\/sekerleme\/\" \/>\n<meta property=\"og:site_name\" content=\"Fako Etiketleme Sistemleri\" \/>\n<meta property=\"article:modified_time\" content=\"2020-01-16T10:04:28+00:00\" \/>\n<meta property=\"og:image\" content=\"http:\/\/eturkan.com\/wp-content\/uploads\/2018\/07\/canddd-e1530535401269.jpg\" \/>\n<meta name=\"twitter:card\" content=\"summary_large_image\" \/>\n<script type=\"application\/ld+json\" class=\"yoast-schema-graph\">{\"@context\":\"https:\/\/schema.org\",\"@graph\":[{\"@type\":\"WebPage\",\"@id\":\"https:\/\/fakomakine.com\/en\/sekerleme\/\",\"url\":\"https:\/\/fakomakine.com\/en\/sekerleme\/\",\"name\":\"\u015eekerleme - Fako Etiketleme Sistemleri\",\"isPartOf\":{\"@id\":\"https:\/\/fakomakine.com\/#website\"},\"primaryImageOfPage\":{\"@id\":\"https:\/\/fakomakine.com\/en\/sekerleme\/#primaryimage\"},\"image\":{\"@id\":\"https:\/\/fakomakine.com\/en\/sekerleme\/#primaryimage\"},\"thumbnailUrl\":\"http:\/\/eturkan.com\/wp-content\/uploads\/2018\/07\/canddd-e1530535401269.jpg\",\"datePublished\":\"2018-07-02T12:27:07+00:00\",\"dateModified\":\"2020-01-16T10:04:28+00:00\",\"description\":\"Etiketleme \u00c7\u00f6z\u00fcmlerimiz, \u00dcst Y\u00fczey Etiketleme, \u00d6n ve Arka Y\u00fczey Etiketleme, Alt ve \u00dcst Y\u00fczey Etiketleme, Sarmal Etiketleme, Fonksiyonel Etiketleme, \u00dc\u00e7 Y\u00fczey Etiketleme\",\"breadcrumb\":{\"@id\":\"https:\/\/fakomakine.com\/en\/sekerleme\/#breadcrumb\"},\"inLanguage\":\"en-GB\",\"potentialAction\":[{\"@type\":\"ReadAction\",\"target\":[\"https:\/\/fakomakine.com\/en\/sekerleme\/\"]}]},{\"@type\":\"ImageObject\",\"inLanguage\":\"en-GB\",\"@id\":\"https:\/\/fakomakine.com\/en\/sekerleme\/#primaryimage\",\"url\":\"http:\/\/eturkan.com\/wp-content\/uploads\/2018\/07\/canddd-e1530535401269.jpg\",\"contentUrl\":\"http:\/\/eturkan.com\/wp-content\/uploads\/2018\/07\/canddd-e1530535401269.jpg\"},{\"@type\":\"BreadcrumbList\",\"@id\":\"https:\/\/fakomakine.com\/en\/sekerleme\/#breadcrumb\",\"itemListElement\":[{\"@type\":\"ListItem\",\"position\":1,\"name\":\"Ana sayfa\",\"item\":\"https:\/\/fakomakine.com\/\"},{\"@type\":\"ListItem\",\"position\":2,\"name\":\"\u015eekerleme\"}]},{\"@type\":\"WebSite\",\"@id\":\"https:\/\/fakomakine.com\/#website\",\"url\":\"https:\/\/fakomakine.com\/\",\"name\":\"Fako Etiketleme Sistemleri\",\"description\":\"\u00d6n ve Arka Y\u00fczey Etiketleme\",\"publisher\":{\"@id\":\"https:\/\/fakomakine.com\/#organization\"},\"potentialAction\":[{\"@type\":\"SearchAction\",\"target\":{\"@type\":\"EntryPoint\",\"urlTemplate\":\"https:\/\/fakomakine.com\/?s={search_term_string}\"},\"query-input\":{\"@type\":\"PropertyValueSpecification\",\"valueRequired\":true,\"valueName\":\"search_term_string\"}}],\"inLanguage\":\"en-GB\"},{\"@type\":\"Organization\",\"@id\":\"https:\/\/fakomakine.com\/#organization\",\"name\":\"Fako Makine - Fako Etiketleme Sistemleri\",\"url\":\"https:\/\/fakomakine.com\/\",\"logo\":{\"@type\":\"ImageObject\",\"inLanguage\":\"en-GB\",\"@id\":\"https:\/\/fakomakine.com\/#\/schema\/logo\/image\/\",\"url\":\"https:\/\/fakomakine.com\/wp-content\/uploads\/2018\/07\/Fako-Etiketleme-Logo.png\",\"contentUrl\":\"https:\/\/fakomakine.com\/wp-content\/uploads\/2018\/07\/Fako-Etiketleme-Logo.png\",\"width\":924,\"height\":515,\"caption\":\"Fako Makine - Fako Etiketleme Sistemleri\"},\"image\":{\"@id\":\"https:\/\/fakomakine.com\/#\/schema\/logo\/image\/\"}}]}<\/script>\n<!-- \/ Yoast SEO plugin. -->","yoast_head_json":{"title":"\u015eekerleme - Fako Etiketleme Sistemleri","description":"Etiketleme \u00c7\u00f6z\u00fcmlerimiz, \u00dcst Y\u00fczey Etiketleme, \u00d6n ve Arka Y\u00fczey Etiketleme, Alt ve \u00dcst Y\u00fczey Etiketleme, Sarmal Etiketleme, Fonksiyonel Etiketleme, \u00dc\u00e7 Y\u00fczey Etiketleme","robots":{"index":"index","follow":"follow","max-snippet":"max-snippet:-1","max-image-preview":"max-image-preview:large","max-video-preview":"max-video-preview:-1"},"canonical":"https:\/\/fakomakine.com\/en\/sekerleme\/","og_locale":"en_GB","og_type":"article","og_title":"\u015eekerleme - Fako Etiketleme Sistemleri","og_description":"Etiketleme \u00c7\u00f6z\u00fcmlerimiz, \u00dcst Y\u00fczey Etiketleme, \u00d6n ve Arka Y\u00fczey Etiketleme, Alt ve \u00dcst Y\u00fczey Etiketleme, Sarmal Etiketleme, Fonksiyonel Etiketleme, \u00dc\u00e7 Y\u00fczey Etiketleme","og_url":"https:\/\/fakomakine.com\/en\/sekerleme\/","og_site_name":"Fako Etiketleme Sistemleri","article_modified_time":"2020-01-16T10:04:28+00:00","og_image":[{"url":"http:\/\/eturkan.com\/wp-content\/uploads\/2018\/07\/canddd-e1530535401269.jpg"}],"twitter_card":"summary_large_image","schema":{"@context":"https:\/\/schema.org","@graph":[{"@type":"WebPage","@id":"https:\/\/fakomakine.com\/en\/sekerleme\/","url":"https:\/\/fakomakine.com\/en\/sekerleme\/","name":"\u015eekerleme - Fako Etiketleme Sistemleri","isPartOf":{"@id":"https:\/\/fakomakine.com\/#website"},"primaryImageOfPage":{"@id":"https:\/\/fakomakine.com\/en\/sekerleme\/#primaryimage"},"image":{"@id":"https:\/\/fakomakine.com\/en\/sekerleme\/#primaryimage"},"thumbnailUrl":"http:\/\/eturkan.com\/wp-content\/uploads\/2018\/07\/canddd-e1530535401269.jpg","datePublished":"2018-07-02T12:27:07+00:00","dateModified":"2020-01-16T10:04:28+00:00","description":"Etiketleme \u00c7\u00f6z\u00fcmlerimiz, \u00dcst Y\u00fczey Etiketleme, \u00d6n ve Arka Y\u00fczey Etiketleme, Alt ve \u00dcst Y\u00fczey Etiketleme, Sarmal Etiketleme, Fonksiyonel Etiketleme, \u00dc\u00e7 Y\u00fczey Etiketleme","breadcrumb":{"@id":"https:\/\/fakomakine.com\/en\/sekerleme\/#breadcrumb"},"inLanguage":"en-GB","potentialAction":[{"@type":"ReadAction","target":["https:\/\/fakomakine.com\/en\/sekerleme\/"]}]},{"@type":"ImageObject","inLanguage":"en-GB","@id":"https:\/\/fakomakine.com\/en\/sekerleme\/#primaryimage","url":"http:\/\/eturkan.com\/wp-content\/uploads\/2018\/07\/canddd-e1530535401269.jpg","contentUrl":"http:\/\/eturkan.com\/wp-content\/uploads\/2018\/07\/canddd-e1530535401269.jpg"},{"@type":"BreadcrumbList","@id":"https:\/\/fakomakine.com\/en\/sekerleme\/#breadcrumb","itemListElement":[{"@type":"ListItem","position":1,"name":"Ana sayfa","item":"https:\/\/fakomakine.com\/"},{"@type":"ListItem","position":2,"name":"\u015eekerleme"}]},{"@type":"WebSite","@id":"https:\/\/fakomakine.com\/#website","url":"https:\/\/fakomakine.com\/","name":"Fako Etiketleme Sistemleri","description":"\u00d6n ve Arka Y\u00fczey Etiketleme","publisher":{"@id":"https:\/\/fakomakine.com\/#organization"},"potentialAction":[{"@type":"SearchAction","target":{"@type":"EntryPoint","urlTemplate":"https:\/\/fakomakine.com\/?s={search_term_string}"},"query-input":{"@type":"PropertyValueSpecification","valueRequired":true,"valueName":"search_term_string"}}],"inLanguage":"en-GB"},{"@type":"Organization","@id":"https:\/\/fakomakine.com\/#organization","name":"Fako Makine - Fako Etiketleme Sistemleri","url":"https:\/\/fakomakine.com\/","logo":{"@type":"ImageObject","inLanguage":"en-GB","@id":"https:\/\/fakomakine.com\/#\/schema\/logo\/image\/","url":"https:\/\/fakomakine.com\/wp-content\/uploads\/2018\/07\/Fako-Etiketleme-Logo.png","contentUrl":"https:\/\/fakomakine.com\/wp-content\/uploads\/2018\/07\/Fako-Etiketleme-Logo.png","width":924,"height":515,"caption":"Fako Makine - Fako Etiketleme Sistemleri"},"image":{"@id":"https:\/\/fakomakine.com\/#\/schema\/logo\/image\/"}}]}},"_links":{"self":[{"href":"https:\/\/fakomakine.com\/en\/wp-json\/wp\/v2\/pages\/521"}],"collection":[{"href":"https:\/\/fakomakine.com\/en\/wp-json\/wp\/v2\/pages"}],"about":[{"href":"https:\/\/fakomakine.com\/en\/wp-json\/wp\/v2\/types\/page"}],"author":[{"embeddable":true,"href":"https:\/\/fakomakine.com\/en\/wp-json\/wp\/v2\/users\/1"}],"replies":[{"embeddable":true,"href":"https:\/\/fakomakine.com\/en\/wp-json\/wp\/v2\/comments?post=521"}],"version-history":[{"count":5,"href":"https:\/\/fakomakine.com\/en\/wp-json\/wp\/v2\/pages\/521\/revisions"}],"predecessor-version":[{"id":571,"href":"https:\/\/fakomakine.com\/en\/wp-json\/wp\/v2\/pages\/521\/revisions\/571"}],"wp:attachment":[{"href":"https:\/\/fakomakine.com\/en\/wp-json\/wp\/v2\/media?parent=521"}],"curies":[{"name":"wp","href":"https:\/\/api.w.org\/{rel}","templated":true}]}}