{"id":288,"date":"2018-05-30T12:46:41","date_gmt":"2018-05-30T12:46:41","guid":{"rendered":"http:\/\/eturkan.com\/?page_id=288"},"modified":"2025-09-22T18:48:39","modified_gmt":"2025-09-22T18:48:39","slug":"icecek","status":"publish","type":"page","link":"https:\/\/fakomakine.com\/en\/icecek\/","title":{"rendered":"Beverage"},"content":{"rendered":"<hr \/>\n<p><img fetchpriority=\"high\" decoding=\"async\" class=\"aligncenter wp-image-655 size-medium\" src=\"https:\/\/fakomakine.com\/wp-content\/uploads\/2018\/07\/ccf4bbb608b569180e0c1c607b556769-1-300x211.jpg\" alt=\"\" width=\"300\" height=\"211\" srcset=\"https:\/\/fakomakine.com\/wp-content\/uploads\/2018\/07\/ccf4bbb608b569180e0c1c607b556769-1-300x211.jpg 300w, https:\/\/fakomakine.com\/wp-content\/uploads\/2018\/07\/ccf4bbb608b569180e0c1c607b556769-1-768x540.jpg 768w, https:\/\/fakomakine.com\/wp-content\/uploads\/2018\/07\/ccf4bbb608b569180e0c1c607b556769-1-1024x721.jpg 1024w, https:\/\/fakomakine.com\/wp-content\/uploads\/2018\/07\/ccf4bbb608b569180e0c1c607b556769-1-830x584.jpg 830w, https:\/\/fakomakine.com\/wp-content\/uploads\/2018\/07\/ccf4bbb608b569180e0c1c607b556769-1-230x162.jpg 230w, https:\/\/fakomakine.com\/wp-content\/uploads\/2018\/07\/ccf4bbb608b569180e0c1c607b556769-1-350x246.jpg 350w, https:\/\/fakomakine.com\/wp-content\/uploads\/2018\/07\/ccf4bbb608b569180e0c1c607b556769-1-480x338.jpg 480w, https:\/\/fakomakine.com\/wp-content\/uploads\/2018\/07\/ccf4bbb608b569180e0c1c607b556769-1.jpg 1600w\" sizes=\"(max-width: 300px) 100vw, 300px\" \/><\/p>\n<p style=\"text-align: center;\">Labels applied in beverage packaging generally have to withstand the challenges of moisture, friction and varying temperatures. As Fako Labeling Systems, we take into consideration every challenge that labels will face and produce solutions accordingly. Labels that are visually stylish and flawless in practice will make your first impressions much better for your potential buyers.<img decoding=\"async\" class=\"aligncenter wp-image-74 size-medium lazyload\" data-src=\"https:\/\/fakomakine.com\/wp-content\/uploads\/2018\/05\/FK-WX-PN\u00d6-300x200.jpg\" alt=\"\" width=\"300\" height=\"200\" data-srcset=\"https:\/\/fakomakine.com\/wp-content\/uploads\/2018\/05\/FK-WX-PN\u00d6-300x200.jpg 300w, https:\/\/fakomakine.com\/wp-content\/uploads\/2018\/05\/FK-WX-PN\u00d6-768x512.jpg 768w, https:\/\/fakomakine.com\/wp-content\/uploads\/2018\/05\/FK-WX-PN\u00d6-1024x683.jpg 1024w, https:\/\/fakomakine.com\/wp-content\/uploads\/2018\/05\/FK-WX-PN\u00d6-1920x1280.jpg 1920w\" data-sizes=\"(max-width: 300px) 100vw, 300px\" src=\"data:image\/svg+xml;base64,PHN2ZyB3aWR0aD0iMSIgaGVpZ2h0PSIxIiB4bWxucz0iaHR0cDovL3d3dy53My5vcmcvMjAwMC9zdmciPjwvc3ZnPg==\" style=\"--smush-placeholder-width: 300px; --smush-placeholder-aspect-ratio: 300\/200;\" \/><\/p>\n<hr \/>\n<p style=\"text-align: center;\">","protected":false},"excerpt":{"rendered":"<p>\u0130\u00e7ecek ambalajlar\u0131nda uygulanan etiketler genellikle nem, s\u00fcrt\u00fcnme ve de\u011fi\u015fken s\u0131cakl\u0131klar\u0131n zorluklar\u0131na dayanmak zorundad\u0131r. Fako Etiketleme Sistemleri olarak etiketlerin kar\u015f\u0131 kar\u015f\u0131ya kalaca\u011f\u0131 her [&hellip;]<\/p>","protected":false},"author":1,"featured_media":0,"parent":0,"menu_order":0,"comment_status":"closed","ping_status":"closed","template":"page-templates\/page_fullwidth.php","meta":{"footnotes":""},"class_list":["post-288","page","type-page","status-publish","hentry"],"yoast_head":"<!-- This site is optimized with the Yoast SEO plugin v23.4 - https:\/\/yoast.com\/wordpress\/plugins\/seo\/ -->\n<title>\u0130\u00e7ecek - Fako Etiketleme Sistemleri<\/title>\n<meta name=\"description\" content=\"Etiketleme \u00c7\u00f6z\u00fcmlerimiz, \u00dcst Y\u00fczey Etiketleme, \u00d6n ve Arka Y\u00fczey Etiketleme, Alt ve \u00dcst Y\u00fczey Etiketleme, Sarmal Etiketleme, Fonksiyonel Etiketleme, \u00dc\u00e7 Y\u00fczey Etiketleme\" \/>\n<meta name=\"robots\" content=\"index, follow, max-snippet:-1, max-image-preview:large, max-video-preview:-1\" \/>\n<link rel=\"canonical\" href=\"https:\/\/fakomakine.com\/en\/icecek\/\" \/>\n<meta property=\"og:locale\" content=\"en_GB\" \/>\n<meta property=\"og:type\" content=\"article\" \/>\n<meta property=\"og:title\" content=\"\u0130\u00e7ecek - Fako Etiketleme Sistemleri\" \/>\n<meta property=\"og:description\" content=\"Etiketleme \u00c7\u00f6z\u00fcmlerimiz, \u00dcst Y\u00fczey Etiketleme, \u00d6n ve Arka Y\u00fczey Etiketleme, Alt ve \u00dcst Y\u00fczey Etiketleme, Sarmal Etiketleme, Fonksiyonel Etiketleme, \u00dc\u00e7 Y\u00fczey Etiketleme\" \/>\n<meta property=\"og:url\" content=\"https:\/\/fakomakine.com\/en\/icecek\/\" \/>\n<meta property=\"og:site_name\" content=\"Fako Etiketleme Sistemleri\" \/>\n<meta property=\"article:modified_time\" content=\"2025-09-22T18:48:39+00:00\" \/>\n<meta property=\"og:image\" content=\"https:\/\/fakomakine.com\/wp-content\/uploads\/2018\/07\/ccf4bbb608b569180e0c1c607b556769-1-300x211.jpg\" \/>\n<meta name=\"twitter:card\" content=\"summary_large_image\" \/>\n<script type=\"application\/ld+json\" class=\"yoast-schema-graph\">{\"@context\":\"https:\/\/schema.org\",\"@graph\":[{\"@type\":\"WebPage\",\"@id\":\"https:\/\/fakomakine.com\/icecek\/\",\"url\":\"https:\/\/fakomakine.com\/icecek\/\",\"name\":\"\u0130\u00e7ecek - Fako Etiketleme Sistemleri\",\"isPartOf\":{\"@id\":\"https:\/\/fakomakine.com\/#website\"},\"primaryImageOfPage\":{\"@id\":\"https:\/\/fakomakine.com\/icecek\/#primaryimage\"},\"image\":{\"@id\":\"https:\/\/fakomakine.com\/icecek\/#primaryimage\"},\"thumbnailUrl\":\"https:\/\/fakomakine.com\/wp-content\/uploads\/2018\/07\/ccf4bbb608b569180e0c1c607b556769-1-300x211.jpg\",\"datePublished\":\"2018-05-30T12:46:41+00:00\",\"dateModified\":\"2025-09-22T18:48:39+00:00\",\"description\":\"Etiketleme \u00c7\u00f6z\u00fcmlerimiz, \u00dcst Y\u00fczey Etiketleme, \u00d6n ve Arka Y\u00fczey Etiketleme, Alt ve \u00dcst Y\u00fczey Etiketleme, Sarmal Etiketleme, Fonksiyonel Etiketleme, \u00dc\u00e7 Y\u00fczey Etiketleme\",\"breadcrumb\":{\"@id\":\"https:\/\/fakomakine.com\/icecek\/#breadcrumb\"},\"inLanguage\":\"en-GB\",\"potentialAction\":[{\"@type\":\"ReadAction\",\"target\":[\"https:\/\/fakomakine.com\/icecek\/\"]}]},{\"@type\":\"ImageObject\",\"inLanguage\":\"en-GB\",\"@id\":\"https:\/\/fakomakine.com\/icecek\/#primaryimage\",\"url\":\"https:\/\/fakomakine.com\/wp-content\/uploads\/2018\/07\/ccf4bbb608b569180e0c1c607b556769-1-300x211.jpg\",\"contentUrl\":\"https:\/\/fakomakine.com\/wp-content\/uploads\/2018\/07\/ccf4bbb608b569180e0c1c607b556769-1-300x211.jpg\"},{\"@type\":\"BreadcrumbList\",\"@id\":\"https:\/\/fakomakine.com\/icecek\/#breadcrumb\",\"itemListElement\":[{\"@type\":\"ListItem\",\"position\":1,\"name\":\"Ana sayfa\",\"item\":\"https:\/\/fakomakine.com\/\"},{\"@type\":\"ListItem\",\"position\":2,\"name\":\"\u0130\u00e7ecek\"}]},{\"@type\":\"WebSite\",\"@id\":\"https:\/\/fakomakine.com\/#website\",\"url\":\"https:\/\/fakomakine.com\/\",\"name\":\"Fako Etiketleme Sistemleri\",\"description\":\"\u00d6n ve Arka Y\u00fczey Etiketleme\",\"publisher\":{\"@id\":\"https:\/\/fakomakine.com\/#organization\"},\"potentialAction\":[{\"@type\":\"SearchAction\",\"target\":{\"@type\":\"EntryPoint\",\"urlTemplate\":\"https:\/\/fakomakine.com\/?s={search_term_string}\"},\"query-input\":{\"@type\":\"PropertyValueSpecification\",\"valueRequired\":true,\"valueName\":\"search_term_string\"}}],\"inLanguage\":\"en-GB\"},{\"@type\":\"Organization\",\"@id\":\"https:\/\/fakomakine.com\/#organization\",\"name\":\"Fako Makine - Fako Etiketleme Sistemleri\",\"url\":\"https:\/\/fakomakine.com\/\",\"logo\":{\"@type\":\"ImageObject\",\"inLanguage\":\"en-GB\",\"@id\":\"https:\/\/fakomakine.com\/#\/schema\/logo\/image\/\",\"url\":\"https:\/\/fakomakine.com\/wp-content\/uploads\/2018\/07\/Fako-Etiketleme-Logo.png\",\"contentUrl\":\"https:\/\/fakomakine.com\/wp-content\/uploads\/2018\/07\/Fako-Etiketleme-Logo.png\",\"width\":924,\"height\":515,\"caption\":\"Fako Makine - Fako Etiketleme Sistemleri\"},\"image\":{\"@id\":\"https:\/\/fakomakine.com\/#\/schema\/logo\/image\/\"}}]}<\/script>\n<!-- \/ Yoast SEO plugin. -->","yoast_head_json":{"title":"\u0130\u00e7ecek - Fako Etiketleme Sistemleri","description":"Etiketleme \u00c7\u00f6z\u00fcmlerimiz, \u00dcst Y\u00fczey Etiketleme, \u00d6n ve Arka Y\u00fczey Etiketleme, Alt ve \u00dcst Y\u00fczey Etiketleme, Sarmal Etiketleme, Fonksiyonel Etiketleme, \u00dc\u00e7 Y\u00fczey Etiketleme","robots":{"index":"index","follow":"follow","max-snippet":"max-snippet:-1","max-image-preview":"max-image-preview:large","max-video-preview":"max-video-preview:-1"},"canonical":"https:\/\/fakomakine.com\/en\/icecek\/","og_locale":"en_GB","og_type":"article","og_title":"\u0130\u00e7ecek - Fako Etiketleme Sistemleri","og_description":"Etiketleme \u00c7\u00f6z\u00fcmlerimiz, \u00dcst Y\u00fczey Etiketleme, \u00d6n ve Arka Y\u00fczey Etiketleme, Alt ve \u00dcst Y\u00fczey Etiketleme, Sarmal Etiketleme, Fonksiyonel Etiketleme, \u00dc\u00e7 Y\u00fczey Etiketleme","og_url":"https:\/\/fakomakine.com\/en\/icecek\/","og_site_name":"Fako Etiketleme Sistemleri","article_modified_time":"2025-09-22T18:48:39+00:00","og_image":[{"url":"https:\/\/fakomakine.com\/wp-content\/uploads\/2018\/07\/ccf4bbb608b569180e0c1c607b556769-1-300x211.jpg"}],"twitter_card":"summary_large_image","schema":{"@context":"https:\/\/schema.org","@graph":[{"@type":"WebPage","@id":"https:\/\/fakomakine.com\/icecek\/","url":"https:\/\/fakomakine.com\/icecek\/","name":"\u0130\u00e7ecek - Fako Etiketleme Sistemleri","isPartOf":{"@id":"https:\/\/fakomakine.com\/#website"},"primaryImageOfPage":{"@id":"https:\/\/fakomakine.com\/icecek\/#primaryimage"},"image":{"@id":"https:\/\/fakomakine.com\/icecek\/#primaryimage"},"thumbnailUrl":"https:\/\/fakomakine.com\/wp-content\/uploads\/2018\/07\/ccf4bbb608b569180e0c1c607b556769-1-300x211.jpg","datePublished":"2018-05-30T12:46:41+00:00","dateModified":"2025-09-22T18:48:39+00:00","description":"Etiketleme \u00c7\u00f6z\u00fcmlerimiz, \u00dcst Y\u00fczey Etiketleme, \u00d6n ve Arka Y\u00fczey Etiketleme, Alt ve \u00dcst Y\u00fczey Etiketleme, Sarmal Etiketleme, Fonksiyonel Etiketleme, \u00dc\u00e7 Y\u00fczey Etiketleme","breadcrumb":{"@id":"https:\/\/fakomakine.com\/icecek\/#breadcrumb"},"inLanguage":"en-GB","potentialAction":[{"@type":"ReadAction","target":["https:\/\/fakomakine.com\/icecek\/"]}]},{"@type":"ImageObject","inLanguage":"en-GB","@id":"https:\/\/fakomakine.com\/icecek\/#primaryimage","url":"https:\/\/fakomakine.com\/wp-content\/uploads\/2018\/07\/ccf4bbb608b569180e0c1c607b556769-1-300x211.jpg","contentUrl":"https:\/\/fakomakine.com\/wp-content\/uploads\/2018\/07\/ccf4bbb608b569180e0c1c607b556769-1-300x211.jpg"},{"@type":"BreadcrumbList","@id":"https:\/\/fakomakine.com\/icecek\/#breadcrumb","itemListElement":[{"@type":"ListItem","position":1,"name":"Ana sayfa","item":"https:\/\/fakomakine.com\/"},{"@type":"ListItem","position":2,"name":"\u0130\u00e7ecek"}]},{"@type":"WebSite","@id":"https:\/\/fakomakine.com\/#website","url":"https:\/\/fakomakine.com\/","name":"Fako Etiketleme Sistemleri","description":"\u00d6n ve Arka Y\u00fczey Etiketleme","publisher":{"@id":"https:\/\/fakomakine.com\/#organization"},"potentialAction":[{"@type":"SearchAction","target":{"@type":"EntryPoint","urlTemplate":"https:\/\/fakomakine.com\/?s={search_term_string}"},"query-input":{"@type":"PropertyValueSpecification","valueRequired":true,"valueName":"search_term_string"}}],"inLanguage":"en-GB"},{"@type":"Organization","@id":"https:\/\/fakomakine.com\/#organization","name":"Fako Makine - Fako Etiketleme Sistemleri","url":"https:\/\/fakomakine.com\/","logo":{"@type":"ImageObject","inLanguage":"en-GB","@id":"https:\/\/fakomakine.com\/#\/schema\/logo\/image\/","url":"https:\/\/fakomakine.com\/wp-content\/uploads\/2018\/07\/Fako-Etiketleme-Logo.png","contentUrl":"https:\/\/fakomakine.com\/wp-content\/uploads\/2018\/07\/Fako-Etiketleme-Logo.png","width":924,"height":515,"caption":"Fako Makine - Fako Etiketleme Sistemleri"},"image":{"@id":"https:\/\/fakomakine.com\/#\/schema\/logo\/image\/"}}]}},"_links":{"self":[{"href":"https:\/\/fakomakine.com\/en\/wp-json\/wp\/v2\/pages\/288"}],"collection":[{"href":"https:\/\/fakomakine.com\/en\/wp-json\/wp\/v2\/pages"}],"about":[{"href":"https:\/\/fakomakine.com\/en\/wp-json\/wp\/v2\/types\/page"}],"author":[{"embeddable":true,"href":"https:\/\/fakomakine.com\/en\/wp-json\/wp\/v2\/users\/1"}],"replies":[{"embeddable":true,"href":"https:\/\/fakomakine.com\/en\/wp-json\/wp\/v2\/comments?post=288"}],"version-history":[{"count":15,"href":"https:\/\/fakomakine.com\/en\/wp-json\/wp\/v2\/pages\/288\/revisions"}],"predecessor-version":[{"id":1664,"href":"https:\/\/fakomakine.com\/en\/wp-json\/wp\/v2\/pages\/288\/revisions\/1664"}],"wp:attachment":[{"href":"https:\/\/fakomakine.com\/en\/wp-json\/wp\/v2\/media?parent=288"}],"curies":[{"name":"wp","href":"https:\/\/api.w.org\/{rel}","templated":true}]}}