{"id":280,"date":"2018-05-30T12:40:47","date_gmt":"2018-05-30T12:40:47","guid":{"rendered":"http:\/\/eturkan.com\/?page_id=280"},"modified":"2022-01-08T19:19:15","modified_gmt":"2022-01-08T19:19:15","slug":"kozmetik","status":"publish","type":"page","link":"https:\/\/fakomakine.com\/en\/kozmetik\/","title":{"rendered":"Cosmetics"},"content":{"rendered":"<hr \/>\n<figure id=\"attachment_152\" aria-describedby=\"caption-attachment-152\" style=\"width: 263px\" class=\"wp-caption aligncenter\"><img fetchpriority=\"high\" decoding=\"async\" class=\"wp-image-152\" src=\"http:\/\/eturkan.com\/wp-content\/uploads\/2018\/05\/bottle.jpg\" alt=\"kozmetik etiketleme makinalar\u0131\" width=\"263\" height=\"240\" srcset=\"https:\/\/fakomakine.com\/wp-content\/uploads\/2018\/05\/bottle.jpg 736w, https:\/\/fakomakine.com\/wp-content\/uploads\/2018\/05\/bottle-300x273.jpg 300w\" sizes=\"(max-width: 263px) 100vw, 263px\" \/><figcaption id=\"caption-attachment-152\" class=\"wp-caption-text\">kozmetik etiketleme makinalar\u0131<\/figcaption><\/figure>\n<p style=\"text-align: center;\">Especially when it comes to cosmetic products such as perfume, nail polish, lipstick and mascara, visuality becomes an extremely powerful buying incentive. Perfectly adapted to packaging, labeling plays an increasingly important role in attracting attention to the product, conveying the brand message and persuading the potential buyer to buy. The increasing diversity of unique designs require labeling systems that offer the highest performance in precision and flexibility without sacrificing speed.<\/p>\n<figure id=\"attachment_191\" aria-describedby=\"caption-attachment-191\" style=\"width: 436px\" class=\"wp-caption aligncenter\"><img decoding=\"async\" class=\"wp-image-191 lazyload\" data-src=\"http:\/\/eturkan.com\/wp-content\/uploads\/2018\/05\/fk-t.jpg\" alt=\"kozmetik etiketleme makinesi\" width=\"436\" height=\"309\" data-srcset=\"https:\/\/fakomakine.com\/wp-content\/uploads\/2018\/05\/fk-t.jpg 1400w, https:\/\/fakomakine.com\/wp-content\/uploads\/2018\/05\/fk-t-300x213.jpg 300w, https:\/\/fakomakine.com\/wp-content\/uploads\/2018\/05\/fk-t-768x544.jpg 768w, https:\/\/fakomakine.com\/wp-content\/uploads\/2018\/05\/fk-t-1024x726.jpg 1024w\" data-sizes=\"(max-width: 436px) 100vw, 436px\" src=\"data:image\/svg+xml;base64,PHN2ZyB3aWR0aD0iMSIgaGVpZ2h0PSIxIiB4bWxucz0iaHR0cDovL3d3dy53My5vcmcvMjAwMC9zdmciPjwvc3ZnPg==\" style=\"--smush-placeholder-width: 436px; --smush-placeholder-aspect-ratio: 436\/309;\" \/><figcaption id=\"caption-attachment-191\" class=\"wp-caption-text\">kozmetik etiketleme makinesi<\/figcaption><\/figure>\n<hr \/>","protected":false},"excerpt":{"rendered":"<p>\u00d6zellikle parf\u00fcm, oje, ruj ve maskara gibi kozmetik \u00fcr\u00fcnler s\u00f6z konusu oldu\u011funda, g\u00f6rsellik son derece g\u00fc\u00e7l\u00fc bir sat\u0131n alma te\u015fviki haline gelmektedir.\u00a0Ambalajlamaya [&hellip;]<\/p>","protected":false},"author":1,"featured_media":0,"parent":0,"menu_order":0,"comment_status":"closed","ping_status":"closed","template":"page-templates\/page_fullwidth.php","meta":{"footnotes":""},"class_list":["post-280","page","type-page","status-publish","hentry"],"yoast_head":"<!-- This site is optimized with the Yoast SEO plugin v23.4 - https:\/\/yoast.com\/wordpress\/plugins\/seo\/ -->\n<title>Kozmetik - Fako Etiketleme Sistemleri<\/title>\n<meta name=\"description\" content=\"fonksiyonel etiketleme makinesi, fonksiyonel etiketleme makineleri, etiketleme makinalar\u0131, etiketleme makinas\u0131, kozmetik makinesi\" \/>\n<meta name=\"robots\" content=\"index, follow, max-snippet:-1, max-image-preview:large, max-video-preview:-1\" \/>\n<link rel=\"canonical\" href=\"https:\/\/fakomakine.com\/en\/kozmetik\/\" \/>\n<meta property=\"og:locale\" content=\"en_GB\" \/>\n<meta property=\"og:type\" content=\"article\" \/>\n<meta property=\"og:title\" content=\"Kozmetik - Fako Etiketleme Sistemleri\" \/>\n<meta property=\"og:description\" content=\"fonksiyonel etiketleme makinesi, fonksiyonel etiketleme makineleri, etiketleme makinalar\u0131, etiketleme makinas\u0131, kozmetik makinesi\" \/>\n<meta property=\"og:url\" content=\"https:\/\/fakomakine.com\/en\/kozmetik\/\" \/>\n<meta property=\"og:site_name\" content=\"Fako Etiketleme Sistemleri\" \/>\n<meta property=\"article:modified_time\" content=\"2022-01-08T19:19:15+00:00\" \/>\n<meta property=\"og:image\" content=\"http:\/\/eturkan.com\/wp-content\/uploads\/2018\/05\/bottle.jpg\" \/>\n<meta name=\"twitter:card\" content=\"summary_large_image\" \/>\n<meta name=\"twitter:label1\" content=\"Estimated reading time\" \/>\n\t<meta name=\"twitter:data1\" content=\"1 minute\" \/>\n<script type=\"application\/ld+json\" class=\"yoast-schema-graph\">{\"@context\":\"https:\/\/schema.org\",\"@graph\":[{\"@type\":\"WebPage\",\"@id\":\"https:\/\/fakomakine.com\/en\/kozmetik\/\",\"url\":\"https:\/\/fakomakine.com\/en\/kozmetik\/\",\"name\":\"Kozmetik - Fako Etiketleme Sistemleri\",\"isPartOf\":{\"@id\":\"https:\/\/fakomakine.com\/#website\"},\"primaryImageOfPage\":{\"@id\":\"https:\/\/fakomakine.com\/en\/kozmetik\/#primaryimage\"},\"image\":{\"@id\":\"https:\/\/fakomakine.com\/en\/kozmetik\/#primaryimage\"},\"thumbnailUrl\":\"http:\/\/eturkan.com\/wp-content\/uploads\/2018\/05\/bottle.jpg\",\"datePublished\":\"2018-05-30T12:40:47+00:00\",\"dateModified\":\"2022-01-08T19:19:15+00:00\",\"description\":\"fonksiyonel etiketleme makinesi, fonksiyonel etiketleme makineleri, etiketleme makinalar\u0131, etiketleme makinas\u0131, kozmetik makinesi\",\"breadcrumb\":{\"@id\":\"https:\/\/fakomakine.com\/en\/kozmetik\/#breadcrumb\"},\"inLanguage\":\"en-GB\",\"potentialAction\":[{\"@type\":\"ReadAction\",\"target\":[\"https:\/\/fakomakine.com\/en\/kozmetik\/\"]}]},{\"@type\":\"ImageObject\",\"inLanguage\":\"en-GB\",\"@id\":\"https:\/\/fakomakine.com\/en\/kozmetik\/#primaryimage\",\"url\":\"http:\/\/eturkan.com\/wp-content\/uploads\/2018\/05\/bottle.jpg\",\"contentUrl\":\"http:\/\/eturkan.com\/wp-content\/uploads\/2018\/05\/bottle.jpg\"},{\"@type\":\"BreadcrumbList\",\"@id\":\"https:\/\/fakomakine.com\/en\/kozmetik\/#breadcrumb\",\"itemListElement\":[{\"@type\":\"ListItem\",\"position\":1,\"name\":\"Ana sayfa\",\"item\":\"https:\/\/fakomakine.com\/\"},{\"@type\":\"ListItem\",\"position\":2,\"name\":\"Kozmetik\"}]},{\"@type\":\"WebSite\",\"@id\":\"https:\/\/fakomakine.com\/#website\",\"url\":\"https:\/\/fakomakine.com\/\",\"name\":\"Fako Etiketleme Sistemleri\",\"description\":\"\u00d6n ve Arka Y\u00fczey Etiketleme\",\"publisher\":{\"@id\":\"https:\/\/fakomakine.com\/#organization\"},\"potentialAction\":[{\"@type\":\"SearchAction\",\"target\":{\"@type\":\"EntryPoint\",\"urlTemplate\":\"https:\/\/fakomakine.com\/?s={search_term_string}\"},\"query-input\":{\"@type\":\"PropertyValueSpecification\",\"valueRequired\":true,\"valueName\":\"search_term_string\"}}],\"inLanguage\":\"en-GB\"},{\"@type\":\"Organization\",\"@id\":\"https:\/\/fakomakine.com\/#organization\",\"name\":\"Fako Makine - Fako Etiketleme Sistemleri\",\"url\":\"https:\/\/fakomakine.com\/\",\"logo\":{\"@type\":\"ImageObject\",\"inLanguage\":\"en-GB\",\"@id\":\"https:\/\/fakomakine.com\/#\/schema\/logo\/image\/\",\"url\":\"https:\/\/fakomakine.com\/wp-content\/uploads\/2018\/07\/Fako-Etiketleme-Logo.png\",\"contentUrl\":\"https:\/\/fakomakine.com\/wp-content\/uploads\/2018\/07\/Fako-Etiketleme-Logo.png\",\"width\":924,\"height\":515,\"caption\":\"Fako Makine - Fako Etiketleme Sistemleri\"},\"image\":{\"@id\":\"https:\/\/fakomakine.com\/#\/schema\/logo\/image\/\"}}]}<\/script>\n<!-- \/ Yoast SEO plugin. -->","yoast_head_json":{"title":"Kozmetik - Fako Etiketleme Sistemleri","description":"fonksiyonel etiketleme makinesi, fonksiyonel etiketleme makineleri, etiketleme makinalar\u0131, etiketleme makinas\u0131, kozmetik makinesi","robots":{"index":"index","follow":"follow","max-snippet":"max-snippet:-1","max-image-preview":"max-image-preview:large","max-video-preview":"max-video-preview:-1"},"canonical":"https:\/\/fakomakine.com\/en\/kozmetik\/","og_locale":"en_GB","og_type":"article","og_title":"Kozmetik - Fako Etiketleme Sistemleri","og_description":"fonksiyonel etiketleme makinesi, fonksiyonel etiketleme makineleri, etiketleme makinalar\u0131, etiketleme makinas\u0131, kozmetik makinesi","og_url":"https:\/\/fakomakine.com\/en\/kozmetik\/","og_site_name":"Fako Etiketleme Sistemleri","article_modified_time":"2022-01-08T19:19:15+00:00","og_image":[{"url":"http:\/\/eturkan.com\/wp-content\/uploads\/2018\/05\/bottle.jpg"}],"twitter_card":"summary_large_image","twitter_misc":{"Estimated reading time":"1 minute"},"schema":{"@context":"https:\/\/schema.org","@graph":[{"@type":"WebPage","@id":"https:\/\/fakomakine.com\/en\/kozmetik\/","url":"https:\/\/fakomakine.com\/en\/kozmetik\/","name":"Kozmetik - Fako Etiketleme Sistemleri","isPartOf":{"@id":"https:\/\/fakomakine.com\/#website"},"primaryImageOfPage":{"@id":"https:\/\/fakomakine.com\/en\/kozmetik\/#primaryimage"},"image":{"@id":"https:\/\/fakomakine.com\/en\/kozmetik\/#primaryimage"},"thumbnailUrl":"http:\/\/eturkan.com\/wp-content\/uploads\/2018\/05\/bottle.jpg","datePublished":"2018-05-30T12:40:47+00:00","dateModified":"2022-01-08T19:19:15+00:00","description":"fonksiyonel etiketleme makinesi, fonksiyonel etiketleme makineleri, etiketleme makinalar\u0131, etiketleme makinas\u0131, kozmetik makinesi","breadcrumb":{"@id":"https:\/\/fakomakine.com\/en\/kozmetik\/#breadcrumb"},"inLanguage":"en-GB","potentialAction":[{"@type":"ReadAction","target":["https:\/\/fakomakine.com\/en\/kozmetik\/"]}]},{"@type":"ImageObject","inLanguage":"en-GB","@id":"https:\/\/fakomakine.com\/en\/kozmetik\/#primaryimage","url":"http:\/\/eturkan.com\/wp-content\/uploads\/2018\/05\/bottle.jpg","contentUrl":"http:\/\/eturkan.com\/wp-content\/uploads\/2018\/05\/bottle.jpg"},{"@type":"BreadcrumbList","@id":"https:\/\/fakomakine.com\/en\/kozmetik\/#breadcrumb","itemListElement":[{"@type":"ListItem","position":1,"name":"Ana sayfa","item":"https:\/\/fakomakine.com\/"},{"@type":"ListItem","position":2,"name":"Kozmetik"}]},{"@type":"WebSite","@id":"https:\/\/fakomakine.com\/#website","url":"https:\/\/fakomakine.com\/","name":"Fako Etiketleme Sistemleri","description":"\u00d6n ve Arka Y\u00fczey Etiketleme","publisher":{"@id":"https:\/\/fakomakine.com\/#organization"},"potentialAction":[{"@type":"SearchAction","target":{"@type":"EntryPoint","urlTemplate":"https:\/\/fakomakine.com\/?s={search_term_string}"},"query-input":{"@type":"PropertyValueSpecification","valueRequired":true,"valueName":"search_term_string"}}],"inLanguage":"en-GB"},{"@type":"Organization","@id":"https:\/\/fakomakine.com\/#organization","name":"Fako Makine - Fako Etiketleme Sistemleri","url":"https:\/\/fakomakine.com\/","logo":{"@type":"ImageObject","inLanguage":"en-GB","@id":"https:\/\/fakomakine.com\/#\/schema\/logo\/image\/","url":"https:\/\/fakomakine.com\/wp-content\/uploads\/2018\/07\/Fako-Etiketleme-Logo.png","contentUrl":"https:\/\/fakomakine.com\/wp-content\/uploads\/2018\/07\/Fako-Etiketleme-Logo.png","width":924,"height":515,"caption":"Fako Makine - Fako Etiketleme Sistemleri"},"image":{"@id":"https:\/\/fakomakine.com\/#\/schema\/logo\/image\/"}}]}},"_links":{"self":[{"href":"https:\/\/fakomakine.com\/en\/wp-json\/wp\/v2\/pages\/280"}],"collection":[{"href":"https:\/\/fakomakine.com\/en\/wp-json\/wp\/v2\/pages"}],"about":[{"href":"https:\/\/fakomakine.com\/en\/wp-json\/wp\/v2\/types\/page"}],"author":[{"embeddable":true,"href":"https:\/\/fakomakine.com\/en\/wp-json\/wp\/v2\/users\/1"}],"replies":[{"embeddable":true,"href":"https:\/\/fakomakine.com\/en\/wp-json\/wp\/v2\/comments?post=280"}],"version-history":[{"count":7,"href":"https:\/\/fakomakine.com\/en\/wp-json\/wp\/v2\/pages\/280\/revisions"}],"predecessor-version":[{"id":1665,"href":"https:\/\/fakomakine.com\/en\/wp-json\/wp\/v2\/pages\/280\/revisions\/1665"}],"wp:attachment":[{"href":"https:\/\/fakomakine.com\/en\/wp-json\/wp\/v2\/media?parent=280"}],"curies":[{"name":"wp","href":"https:\/\/api.w.org\/{rel}","templated":true}]}}