{"id":28,"date":"2018-05-28T09:26:11","date_gmt":"2018-05-28T09:26:11","guid":{"rendered":"http:\/\/eturkan.com\/?page_id=28"},"modified":"2018-07-13T15:18:08","modified_gmt":"2018-07-13T15:18:08","slug":"kursat-korkmaz","status":"publish","type":"page","link":"https:\/\/fakomakine.com\/en\/kursat-korkmaz\/","title":{"rendered":"FK-WA"},"content":{"rendered":"<div data-elementor-type=\"wp-post\" data-elementor-id=\"28\" class=\"elementor elementor-28 elementor-bc-flex-widget\">\n\t\t\t\t\t\t<section class=\"elementor-section elementor-top-section elementor-element elementor-element-7f75ca83 elementor-section-content-middle elementor-section-boxed elementor-section-height-default elementor-section-height-default\" data-id=\"7f75ca83\" data-element_type=\"section\" data-settings=\"{&quot;background_background&quot;:&quot;classic&quot;}\">\n\t\t\t\t\t\t<div class=\"elementor-container elementor-column-gap-default\">\n\t\t\t\t\t<div class=\"elementor-column elementor-col-100 elementor-top-column elementor-element elementor-element-63987cbd\" data-id=\"63987cbd\" data-element_type=\"column\">\n\t\t\t<div class=\"elementor-widget-wrap elementor-element-populated\">\n\t\t\t\t\t\t<div class=\"elementor-element elementor-element-9c5c663 elementor-widget elementor-widget-text-editor\" data-id=\"9c5c663\" data-element_type=\"widget\" data-widget_type=\"text-editor.default\">\n\t\t\t\t<div class=\"elementor-widget-container\">\n\t\t\t\t\t\t\t\t\t<hr \/><h3 style=\"text-align: center;\">Referanslar\u0131m\u0131z\u00a0<\/h3>\t\t\t\t\t\t\t\t<\/div>\n\t\t\t\t<\/div>\n\t\t\t\t<div class=\"elementor-element elementor-element-3f616cac elementor-pagination-position-inside animated-slow elementor-invisible elementor-widget elementor-widget-image-carousel\" data-id=\"3f616cac\" data-element_type=\"widget\" data-settings=\"{&quot;slides_to_show&quot;:&quot;4&quot;,&quot;slides_to_scroll&quot;:&quot;1&quot;,&quot;navigation&quot;:&quot;dots&quot;,&quot;image_spacing_custom&quot;:{&quot;unit&quot;:&quot;px&quot;,&quot;size&quot;:48,&quot;sizes&quot;:[]},&quot;_animation&quot;:&quot;fadeIn&quot;,&quot;autoplay&quot;:&quot;yes&quot;,&quot;pause_on_hover&quot;:&quot;yes&quot;,&quot;pause_on_interaction&quot;:&quot;yes&quot;,&quot;autoplay_speed&quot;:5000,&quot;infinite&quot;:&quot;yes&quot;,&quot;speed&quot;:500,&quot;image_spacing_custom_tablet&quot;:{&quot;unit&quot;:&quot;px&quot;,&quot;size&quot;:&quot;&quot;,&quot;sizes&quot;:[]},&quot;image_spacing_custom_mobile&quot;:{&quot;unit&quot;:&quot;px&quot;,&quot;size&quot;:&quot;&quot;,&quot;sizes&quot;:[]}}\" data-widget_type=\"image-carousel.default\">\n\t\t\t\t<div class=\"elementor-widget-container\">\n\t\t\t\t\t\t\t<div class=\"elementor-image-carousel-wrapper swiper\" role=\"region\" aria-roledescription=\"carousel\" aria-label=\"Image Carousel\" dir=\"ltr\" data-no-translation-aria-label=\"\">\n\t\t\t<div class=\"elementor-image-carousel swiper-wrapper swiper-image-stretch\" aria-live=\"off\">\n\t\t\t\t\t\t\t\t<div class=\"swiper-slide\" role=\"group\" aria-roledescription=\"slide\" aria-label=\"1 of 4\" data-no-translation-aria-label=\"\"><figure class=\"swiper-slide-inner\"><img decoding=\"async\" class=\"swiper-slide-image lazyload\" data-src=\"https:\/\/fakomakine.com\/wp-content\/uploads\/2018\/07\/Henkel-Org..png\" alt=\"Henkel Org.\" src=\"data:image\/svg+xml;base64,PHN2ZyB3aWR0aD0iMSIgaGVpZ2h0PSIxIiB4bWxucz0iaHR0cDovL3d3dy53My5vcmcvMjAwMC9zdmciPjwvc3ZnPg==\" style=\"--smush-placeholder-width: 1773px; --smush-placeholder-aspect-ratio: 1773\/828;\" \/><\/figure><\/div><div class=\"swiper-slide\" role=\"group\" aria-roledescription=\"slide\" aria-label=\"2 of 4\" data-no-translation-aria-label=\"\"><figure class=\"swiper-slide-inner\"><img decoding=\"async\" class=\"swiper-slide-image lazyload\" data-src=\"https:\/\/fakomakine.com\/wp-content\/uploads\/2018\/07\/Solgar-Org..png\" alt=\"Solgar Org.\" src=\"data:image\/svg+xml;base64,PHN2ZyB3aWR0aD0iMSIgaGVpZ2h0PSIxIiB4bWxucz0iaHR0cDovL3d3dy53My5vcmcvMjAwMC9zdmciPjwvc3ZnPg==\" style=\"--smush-placeholder-width: 1773px; --smush-placeholder-aspect-ratio: 1773\/828;\" \/><\/figure><\/div><div class=\"swiper-slide\" role=\"group\" aria-roledescription=\"slide\" aria-label=\"3 of 4\" data-no-translation-aria-label=\"\"><figure class=\"swiper-slide-inner\"><img decoding=\"async\" class=\"swiper-slide-image lazyload\" data-src=\"https:\/\/fakomakine.com\/wp-content\/uploads\/2018\/07\/Ceysu-Org..png\" alt=\"Ceysu Org.\" src=\"data:image\/svg+xml;base64,PHN2ZyB3aWR0aD0iMSIgaGVpZ2h0PSIxIiB4bWxucz0iaHR0cDovL3d3dy53My5vcmcvMjAwMC9zdmciPjwvc3ZnPg==\" style=\"--smush-placeholder-width: 1772px; --smush-placeholder-aspect-ratio: 1772\/828;\" \/><\/figure><\/div><div class=\"swiper-slide\" role=\"group\" aria-roledescription=\"slide\" aria-label=\"4 of 4\" data-no-translation-aria-label=\"\"><figure class=\"swiper-slide-inner\"><img decoding=\"async\" class=\"swiper-slide-image lazyload\" data-src=\"https:\/\/fakomakine.com\/wp-content\/uploads\/2018\/07\/S\u0131rma-Org..png\" alt=\"S\u0131rma Org.\" src=\"data:image\/svg+xml;base64,PHN2ZyB3aWR0aD0iMSIgaGVpZ2h0PSIxIiB4bWxucz0iaHR0cDovL3d3dy53My5vcmcvMjAwMC9zdmciPjwvc3ZnPg==\" style=\"--smush-placeholder-width: 1773px; --smush-placeholder-aspect-ratio: 1773\/827;\" \/><\/figure><\/div>\t\t\t<\/div>\n\t\t\t\t\t\t\t\n\t\t\t\t\t\t\t\t\t<div class=\"swiper-pagination\"><\/div>\n\t\t\t\t\t\t\t\t\t<\/div>\n\t\t\t\t\t\t<\/div>\n\t\t\t\t<\/div>\n\t\t\t\t\t<\/div>\n\t\t<\/div>\n\t\t\t\t\t<\/div>\n\t\t<\/section>\n\t\t\t\t<section class=\"elementor-section elementor-top-section elementor-element elementor-element-10b5b0e elementor-section-boxed elementor-section-height-default elementor-section-height-default\" data-id=\"10b5b0e\" data-element_type=\"section\">\n\t\t\t\t\t\t<div class=\"elementor-container elementor-column-gap-default\">\n\t\t\t\t\t<div class=\"elementor-column elementor-col-100 elementor-top-column elementor-element elementor-element-c44d763\" data-id=\"c44d763\" data-element_type=\"column\">\n\t\t\t<div class=\"elementor-widget-wrap\">\n\t\t\t\t\t\t\t<\/div>\n\t\t<\/div>\n\t\t\t\t\t<\/div>\n\t\t<\/section>\n\t\t\t\t<section class=\"elementor-section elementor-top-section elementor-element elementor-element-0adb6fa elementor-section-boxed elementor-section-height-default elementor-section-height-default\" data-id=\"0adb6fa\" data-element_type=\"section\">\n\t\t\t\t\t\t<div class=\"elementor-container elementor-column-gap-default\">\n\t\t\t\t\t<div class=\"elementor-column elementor-col-100 elementor-top-column elementor-element elementor-element-4630520\" data-id=\"4630520\" data-element_type=\"column\">\n\t\t\t<div class=\"elementor-widget-wrap\">\n\t\t\t\t\t\t\t<\/div>\n\t\t<\/div>\n\t\t\t\t\t<\/div>\n\t\t<\/section>\n\t\t\t\t<\/div>","protected":false},"excerpt":{"rendered":"<p>Referanslar\u0131m\u0131z\u00a0<\/p>","protected":false},"author":1,"featured_media":194,"parent":0,"menu_order":0,"comment_status":"closed","ping_status":"closed","template":"page-templates\/page_fullwidth.php","meta":{"footnotes":""},"class_list":["post-28","page","type-page","status-publish","has-post-thumbnail","hentry"],"yoast_head":"<!-- This site is optimized with the Yoast SEO plugin v23.4 - https:\/\/yoast.com\/wordpress\/plugins\/seo\/ -->\n<title>FK-WA - Fako Etiketleme Sistemleri<\/title>\n<meta name=\"description\" content=\"Etiketleme \u00c7\u00f6z\u00fcmlerimiz, \u00dcst Y\u00fczey Etiketleme, \u00d6n ve Arka Y\u00fczey Etiketleme, Alt ve \u00dcst Y\u00fczey Etiketleme, Sarmal Etiketleme, Fonksiyonel Etiketleme, \u00dc\u00e7 Y\u00fczey Etiketleme\" \/>\n<meta name=\"robots\" content=\"index, follow, max-snippet:-1, max-image-preview:large, max-video-preview:-1\" \/>\n<link rel=\"canonical\" href=\"https:\/\/fakomakine.com\/en\/kursat-korkmaz\/\" \/>\n<meta property=\"og:locale\" content=\"en_GB\" \/>\n<meta property=\"og:type\" content=\"article\" \/>\n<meta property=\"og:title\" content=\"FK-WA - Fako Etiketleme Sistemleri\" \/>\n<meta property=\"og:description\" content=\"Etiketleme \u00c7\u00f6z\u00fcmlerimiz, \u00dcst Y\u00fczey Etiketleme, \u00d6n ve Arka Y\u00fczey Etiketleme, Alt ve \u00dcst Y\u00fczey Etiketleme, Sarmal Etiketleme, Fonksiyonel Etiketleme, \u00dc\u00e7 Y\u00fczey Etiketleme\" \/>\n<meta property=\"og:url\" content=\"https:\/\/fakomakine.com\/en\/kursat-korkmaz\/\" \/>\n<meta property=\"og:site_name\" content=\"Fako Etiketleme Sistemleri\" \/>\n<meta property=\"article:modified_time\" content=\"2018-07-13T15:18:08+00:00\" \/>\n<meta property=\"og:image\" content=\"https:\/\/fakomakine.com\/wp-content\/uploads\/2018\/05\/fk-wa-e1530187390825.jpg\" \/>\n\t<meta property=\"og:image:width\" content=\"1075\" \/>\n\t<meta property=\"og:image:height\" content=\"992\" \/>\n\t<meta property=\"og:image:type\" content=\"image\/jpeg\" \/>\n<meta name=\"twitter:card\" content=\"summary_large_image\" \/>\n<script type=\"application\/ld+json\" class=\"yoast-schema-graph\">{\"@context\":\"https:\/\/schema.org\",\"@graph\":[{\"@type\":\"WebPage\",\"@id\":\"https:\/\/fakomakine.com\/kursat-korkmaz\/\",\"url\":\"https:\/\/fakomakine.com\/kursat-korkmaz\/\",\"name\":\"FK-WA - Fako Etiketleme Sistemleri\",\"isPartOf\":{\"@id\":\"https:\/\/fakomakine.com\/#website\"},\"primaryImageOfPage\":{\"@id\":\"https:\/\/fakomakine.com\/kursat-korkmaz\/#primaryimage\"},\"image\":{\"@id\":\"https:\/\/fakomakine.com\/kursat-korkmaz\/#primaryimage\"},\"thumbnailUrl\":\"https:\/\/fakomakine.com\/wp-content\/uploads\/2018\/05\/fk-wa-e1530187390825.jpg\",\"datePublished\":\"2018-05-28T09:26:11+00:00\",\"dateModified\":\"2018-07-13T15:18:08+00:00\",\"description\":\"Etiketleme \u00c7\u00f6z\u00fcmlerimiz, \u00dcst Y\u00fczey Etiketleme, \u00d6n ve Arka Y\u00fczey Etiketleme, Alt ve \u00dcst Y\u00fczey Etiketleme, Sarmal Etiketleme, Fonksiyonel Etiketleme, \u00dc\u00e7 Y\u00fczey Etiketleme\",\"breadcrumb\":{\"@id\":\"https:\/\/fakomakine.com\/kursat-korkmaz\/#breadcrumb\"},\"inLanguage\":\"en-GB\",\"potentialAction\":[{\"@type\":\"ReadAction\",\"target\":[\"https:\/\/fakomakine.com\/kursat-korkmaz\/\"]}]},{\"@type\":\"ImageObject\",\"inLanguage\":\"en-GB\",\"@id\":\"https:\/\/fakomakine.com\/kursat-korkmaz\/#primaryimage\",\"url\":\"https:\/\/fakomakine.com\/wp-content\/uploads\/2018\/05\/fk-wa-e1530187390825.jpg\",\"contentUrl\":\"https:\/\/fakomakine.com\/wp-content\/uploads\/2018\/05\/fk-wa-e1530187390825.jpg\",\"width\":1075,\"height\":992},{\"@type\":\"BreadcrumbList\",\"@id\":\"https:\/\/fakomakine.com\/kursat-korkmaz\/#breadcrumb\",\"itemListElement\":[{\"@type\":\"ListItem\",\"position\":1,\"name\":\"Ana sayfa\",\"item\":\"https:\/\/fakomakine.com\/\"},{\"@type\":\"ListItem\",\"position\":2,\"name\":\"FK-WA\"}]},{\"@type\":\"WebSite\",\"@id\":\"https:\/\/fakomakine.com\/#website\",\"url\":\"https:\/\/fakomakine.com\/\",\"name\":\"Fako Etiketleme Sistemleri\",\"description\":\"\u00d6n ve Arka Y\u00fczey Etiketleme\",\"publisher\":{\"@id\":\"https:\/\/fakomakine.com\/#organization\"},\"potentialAction\":[{\"@type\":\"SearchAction\",\"target\":{\"@type\":\"EntryPoint\",\"urlTemplate\":\"https:\/\/fakomakine.com\/?s={search_term_string}\"},\"query-input\":{\"@type\":\"PropertyValueSpecification\",\"valueRequired\":true,\"valueName\":\"search_term_string\"}}],\"inLanguage\":\"en-GB\"},{\"@type\":\"Organization\",\"@id\":\"https:\/\/fakomakine.com\/#organization\",\"name\":\"Fako Makine - Fako Etiketleme Sistemleri\",\"url\":\"https:\/\/fakomakine.com\/\",\"logo\":{\"@type\":\"ImageObject\",\"inLanguage\":\"en-GB\",\"@id\":\"https:\/\/fakomakine.com\/#\/schema\/logo\/image\/\",\"url\":\"https:\/\/fakomakine.com\/wp-content\/uploads\/2018\/07\/Fako-Etiketleme-Logo.png\",\"contentUrl\":\"https:\/\/fakomakine.com\/wp-content\/uploads\/2018\/07\/Fako-Etiketleme-Logo.png\",\"width\":924,\"height\":515,\"caption\":\"Fako Makine - Fako Etiketleme Sistemleri\"},\"image\":{\"@id\":\"https:\/\/fakomakine.com\/#\/schema\/logo\/image\/\"}}]}<\/script>\n<!-- \/ Yoast SEO plugin. -->","yoast_head_json":{"title":"FK-WA - Fako Etiketleme Sistemleri","description":"Etiketleme \u00c7\u00f6z\u00fcmlerimiz, \u00dcst Y\u00fczey Etiketleme, \u00d6n ve Arka Y\u00fczey Etiketleme, Alt ve \u00dcst Y\u00fczey Etiketleme, Sarmal Etiketleme, Fonksiyonel Etiketleme, \u00dc\u00e7 Y\u00fczey Etiketleme","robots":{"index":"index","follow":"follow","max-snippet":"max-snippet:-1","max-image-preview":"max-image-preview:large","max-video-preview":"max-video-preview:-1"},"canonical":"https:\/\/fakomakine.com\/en\/kursat-korkmaz\/","og_locale":"en_GB","og_type":"article","og_title":"FK-WA - Fako Etiketleme Sistemleri","og_description":"Etiketleme \u00c7\u00f6z\u00fcmlerimiz, \u00dcst Y\u00fczey Etiketleme, \u00d6n ve Arka Y\u00fczey Etiketleme, Alt ve \u00dcst Y\u00fczey Etiketleme, Sarmal Etiketleme, Fonksiyonel Etiketleme, \u00dc\u00e7 Y\u00fczey Etiketleme","og_url":"https:\/\/fakomakine.com\/en\/kursat-korkmaz\/","og_site_name":"Fako Etiketleme Sistemleri","article_modified_time":"2018-07-13T15:18:08+00:00","og_image":[{"width":1075,"height":992,"url":"https:\/\/fakomakine.com\/wp-content\/uploads\/2018\/05\/fk-wa-e1530187390825.jpg","type":"image\/jpeg"}],"twitter_card":"summary_large_image","schema":{"@context":"https:\/\/schema.org","@graph":[{"@type":"WebPage","@id":"https:\/\/fakomakine.com\/kursat-korkmaz\/","url":"https:\/\/fakomakine.com\/kursat-korkmaz\/","name":"FK-WA - Fako Etiketleme Sistemleri","isPartOf":{"@id":"https:\/\/fakomakine.com\/#website"},"primaryImageOfPage":{"@id":"https:\/\/fakomakine.com\/kursat-korkmaz\/#primaryimage"},"image":{"@id":"https:\/\/fakomakine.com\/kursat-korkmaz\/#primaryimage"},"thumbnailUrl":"https:\/\/fakomakine.com\/wp-content\/uploads\/2018\/05\/fk-wa-e1530187390825.jpg","datePublished":"2018-05-28T09:26:11+00:00","dateModified":"2018-07-13T15:18:08+00:00","description":"Etiketleme \u00c7\u00f6z\u00fcmlerimiz, \u00dcst Y\u00fczey Etiketleme, \u00d6n ve Arka Y\u00fczey Etiketleme, Alt ve \u00dcst Y\u00fczey Etiketleme, Sarmal Etiketleme, Fonksiyonel Etiketleme, \u00dc\u00e7 Y\u00fczey Etiketleme","breadcrumb":{"@id":"https:\/\/fakomakine.com\/kursat-korkmaz\/#breadcrumb"},"inLanguage":"en-GB","potentialAction":[{"@type":"ReadAction","target":["https:\/\/fakomakine.com\/kursat-korkmaz\/"]}]},{"@type":"ImageObject","inLanguage":"en-GB","@id":"https:\/\/fakomakine.com\/kursat-korkmaz\/#primaryimage","url":"https:\/\/fakomakine.com\/wp-content\/uploads\/2018\/05\/fk-wa-e1530187390825.jpg","contentUrl":"https:\/\/fakomakine.com\/wp-content\/uploads\/2018\/05\/fk-wa-e1530187390825.jpg","width":1075,"height":992},{"@type":"BreadcrumbList","@id":"https:\/\/fakomakine.com\/kursat-korkmaz\/#breadcrumb","itemListElement":[{"@type":"ListItem","position":1,"name":"Ana sayfa","item":"https:\/\/fakomakine.com\/"},{"@type":"ListItem","position":2,"name":"FK-WA"}]},{"@type":"WebSite","@id":"https:\/\/fakomakine.com\/#website","url":"https:\/\/fakomakine.com\/","name":"Fako Etiketleme Sistemleri","description":"\u00d6n ve Arka Y\u00fczey Etiketleme","publisher":{"@id":"https:\/\/fakomakine.com\/#organization"},"potentialAction":[{"@type":"SearchAction","target":{"@type":"EntryPoint","urlTemplate":"https:\/\/fakomakine.com\/?s={search_term_string}"},"query-input":{"@type":"PropertyValueSpecification","valueRequired":true,"valueName":"search_term_string"}}],"inLanguage":"en-GB"},{"@type":"Organization","@id":"https:\/\/fakomakine.com\/#organization","name":"Fako Makine - Fako Etiketleme Sistemleri","url":"https:\/\/fakomakine.com\/","logo":{"@type":"ImageObject","inLanguage":"en-GB","@id":"https:\/\/fakomakine.com\/#\/schema\/logo\/image\/","url":"https:\/\/fakomakine.com\/wp-content\/uploads\/2018\/07\/Fako-Etiketleme-Logo.png","contentUrl":"https:\/\/fakomakine.com\/wp-content\/uploads\/2018\/07\/Fako-Etiketleme-Logo.png","width":924,"height":515,"caption":"Fako Makine - Fako Etiketleme Sistemleri"},"image":{"@id":"https:\/\/fakomakine.com\/#\/schema\/logo\/image\/"}}]}},"_links":{"self":[{"href":"https:\/\/fakomakine.com\/en\/wp-json\/wp\/v2\/pages\/28"}],"collection":[{"href":"https:\/\/fakomakine.com\/en\/wp-json\/wp\/v2\/pages"}],"about":[{"href":"https:\/\/fakomakine.com\/en\/wp-json\/wp\/v2\/types\/page"}],"author":[{"embeddable":true,"href":"https:\/\/fakomakine.com\/en\/wp-json\/wp\/v2\/users\/1"}],"replies":[{"embeddable":true,"href":"https:\/\/fakomakine.com\/en\/wp-json\/wp\/v2\/comments?post=28"}],"version-history":[{"count":11,"href":"https:\/\/fakomakine.com\/en\/wp-json\/wp\/v2\/pages\/28\/revisions"}],"predecessor-version":[{"id":1212,"href":"https:\/\/fakomakine.com\/en\/wp-json\/wp\/v2\/pages\/28\/revisions\/1212"}],"wp:featuredmedia":[{"embeddable":true,"href":"https:\/\/fakomakine.com\/en\/wp-json\/wp\/v2\/media\/194"}],"wp:attachment":[{"href":"https:\/\/fakomakine.com\/en\/wp-json\/wp\/v2\/media?parent=28"}],"curies":[{"name":"wp","href":"https:\/\/api.w.org\/{rel}","templated":true}]}}