{"id":253,"date":"2018-05-30T12:12:41","date_gmt":"2018-05-30T12:12:41","guid":{"rendered":"http:\/\/eturkan.com\/?page_id=253"},"modified":"2025-09-22T18:25:28","modified_gmt":"2025-09-22T18:25:28","slug":"fonksiyonel-etiketleme-makineleri","status":"publish","type":"page","link":"https:\/\/fakomakine.com\/en\/fonksiyonel-etiketleme-makineleri\/","title":{"rendered":"Fonksiyonel etiketleme makineleri"},"content":{"rendered":"<hr \/>\n<p style=\"text-align: center;\"><img decoding=\"async\" class=\"wp-image-259 aligncenter lazyload\" data-src=\"http:\/\/eturkan.com\/wp-content\/uploads\/2018\/05\/3dfnk.jpg\" alt=\"\" width=\"226\" height=\"161\" data-srcset=\"https:\/\/fakomakine.com\/wp-content\/uploads\/2018\/05\/3dfnk.jpg 1563w, https:\/\/fakomakine.com\/wp-content\/uploads\/2018\/05\/3dfnk-300x213.jpg 300w, https:\/\/fakomakine.com\/wp-content\/uploads\/2018\/05\/3dfnk-768x546.jpg 768w, https:\/\/fakomakine.com\/wp-content\/uploads\/2018\/05\/3dfnk-1024x729.jpg 1024w\" data-sizes=\"(max-width: 226px) 100vw, 226px\" src=\"data:image\/svg+xml;base64,PHN2ZyB3aWR0aD0iMSIgaGVpZ2h0PSIxIiB4bWxucz0iaHR0cDovL3d3dy53My5vcmcvMjAwMC9zdmciPjwvc3ZnPg==\" style=\"--smush-placeholder-width: 226px; --smush-placeholder-aspect-ratio: 226\/161;\" \/><\/p>\n<p style=\"text-align: center;\"><span style=\"font-size: 11.0pt; font-family: 'Arial',sans-serif; color: #5c6573; background: #FEFEFE;\">The labels contain information about the product and visuality as well as covering and sealing the packaging. Particularly in electronics, pharmaceuticals and convenience food packages, the application of functional labels has become a necessity in order to keep the products safely on the shelf. In order for the package to be safely labeled, the label must generally be positioned on more than one surface.\u00a0<\/span><\/p>\n<p style=\"text-align: center;\"><img decoding=\"async\" class=\"aligncenter wp-image-1638 size-medium lazyload\" data-src=\"https:\/\/fakomakine.com\/wp-content\/uploads\/2025\/09\/Fonksiyonel-etiketleme-makineleri-300x150.jpg\" alt=\"\" width=\"300\" height=\"150\" data-srcset=\"https:\/\/fakomakine.com\/wp-content\/uploads\/2025\/09\/Fonksiyonel-etiketleme-makineleri-300x150.jpg 300w, https:\/\/fakomakine.com\/wp-content\/uploads\/2025\/09\/Fonksiyonel-etiketleme-makineleri-18x9.jpg 18w, https:\/\/fakomakine.com\/wp-content\/uploads\/2025\/09\/Fonksiyonel-etiketleme-makineleri-230x115.jpg 230w, https:\/\/fakomakine.com\/wp-content\/uploads\/2025\/09\/Fonksiyonel-etiketleme-makineleri-350x175.jpg 350w, https:\/\/fakomakine.com\/wp-content\/uploads\/2025\/09\/Fonksiyonel-etiketleme-makineleri-480x240.jpg 480w, https:\/\/fakomakine.com\/wp-content\/uploads\/2025\/09\/Fonksiyonel-etiketleme-makineleri.jpg 600w\" data-sizes=\"(max-width: 300px) 100vw, 300px\" src=\"data:image\/svg+xml;base64,PHN2ZyB3aWR0aD0iMSIgaGVpZ2h0PSIxIiB4bWxucz0iaHR0cDovL3d3dy53My5vcmcvMjAwMC9zdmciPjwvc3ZnPg==\" style=\"--smush-placeholder-width: 300px; --smush-placeholder-aspect-ratio: 300\/150;\" \/><\/p>\n<p style=\"text-align: center;\"><span style=\"font-size: 11.0pt; font-family: 'Arial',sans-serif; color: #5c6573; background: #FEFEFE;\">Y\u00fczey fazlal\u0131\u011f\u0131n\u0131n yan\u0131 s\u0131ra ila\u00e7 ve haz\u0131r g\u0131da \u00fcr\u00fcnlerinin bulunduklar\u0131 ortamlar da etiket i\u00e7in zorluklar\u0131 art\u0131rmaktad\u0131r. T\u00fcm bu nedenlerle fonksiyonel etiketleme di\u011fer etiketleme uygulamalar\u0131na k\u0131yasla bas\u0131n\u00e7l\u0131 ekipmanlarla desteklenen \u00f6zel kenar bask\u0131 \u00fcniteleri de i\u00e7ermektedir. Fako Etiketleme Sistemleri fonksiyonel etiketleme makineleri alan\u0131nda size ambalaj ve uygulaman\u0131za en uygun \u00e7\u00f6z\u00fcmleri sunmaktad\u0131r.<\/span><\/p>\n<p><img fetchpriority=\"high\" decoding=\"async\" class=\"aligncenter wp-image-1639\" src=\"https:\/\/fakomakine.com\/wp-content\/uploads\/2025\/09\/Fonksiyonel-etiketleme-makineleri-1-300x161.jpg\" alt=\"\" width=\"448\" height=\"240\" srcset=\"https:\/\/fakomakine.com\/wp-content\/uploads\/2025\/09\/Fonksiyonel-etiketleme-makineleri-1-300x161.jpg 300w, https:\/\/fakomakine.com\/wp-content\/uploads\/2025\/09\/Fonksiyonel-etiketleme-makineleri-1-1024x550.jpg 1024w, https:\/\/fakomakine.com\/wp-content\/uploads\/2025\/09\/Fonksiyonel-etiketleme-makineleri-1-768x413.jpg 768w, https:\/\/fakomakine.com\/wp-content\/uploads\/2025\/09\/Fonksiyonel-etiketleme-makineleri-1-1536x825.jpg 1536w, https:\/\/fakomakine.com\/wp-content\/uploads\/2025\/09\/Fonksiyonel-etiketleme-makineleri-1-18x10.jpg 18w, https:\/\/fakomakine.com\/wp-content\/uploads\/2025\/09\/Fonksiyonel-etiketleme-makineleri-1-1000x537.jpg 1000w, https:\/\/fakomakine.com\/wp-content\/uploads\/2025\/09\/Fonksiyonel-etiketleme-makineleri-1-230x124.jpg 230w, https:\/\/fakomakine.com\/wp-content\/uploads\/2025\/09\/Fonksiyonel-etiketleme-makineleri-1-350x188.jpg 350w, https:\/\/fakomakine.com\/wp-content\/uploads\/2025\/09\/Fonksiyonel-etiketleme-makineleri-1-480x258.jpg 480w, https:\/\/fakomakine.com\/wp-content\/uploads\/2025\/09\/Fonksiyonel-etiketleme-makineleri-1.jpg 1846w\" sizes=\"(max-width: 448px) 100vw, 448px\" \/><\/p>\n<hr \/>\n<p><a href=\"http:\/\/fakomakine.com\/en\/bize-ulasin\/\"><img decoding=\"async\" class=\"aligncenter wp-image-610 lazyload\" data-src=\"http:\/\/eturkan.com\/wp-content\/uploads\/2018\/07\/bu.png\" alt=\"\" width=\"141\" height=\"38\" data-srcset=\"https:\/\/fakomakine.com\/wp-content\/uploads\/2018\/07\/bu.png 896w, https:\/\/fakomakine.com\/wp-content\/uploads\/2018\/07\/bu-300x81.png 300w, https:\/\/fakomakine.com\/wp-content\/uploads\/2018\/07\/bu-768x207.png 768w, https:\/\/fakomakine.com\/wp-content\/uploads\/2018\/07\/bu-640x172.png 640w, https:\/\/fakomakine.com\/wp-content\/uploads\/2018\/07\/bu-830x223.png 830w, https:\/\/fakomakine.com\/wp-content\/uploads\/2018\/07\/bu-230x62.png 230w, https:\/\/fakomakine.com\/wp-content\/uploads\/2018\/07\/bu-350x94.png 350w, https:\/\/fakomakine.com\/wp-content\/uploads\/2018\/07\/bu-480x129.png 480w\" data-sizes=\"(max-width: 141px) 100vw, 141px\" src=\"data:image\/svg+xml;base64,PHN2ZyB3aWR0aD0iMSIgaGVpZ2h0PSIxIiB4bWxucz0iaHR0cDovL3d3dy53My5vcmcvMjAwMC9zdmciPjwvc3ZnPg==\" style=\"--smush-placeholder-width: 141px; --smush-placeholder-aspect-ratio: 141\/38;\" \/><\/a><\/p>","protected":false},"excerpt":{"rendered":"<p>Etiketler \u00fcr\u00fcn hakk\u0131nda bilgi i\u00e7ermesi ve g\u00f6rsellik yan\u0131nda ambalajlar\u0131n kapat\u0131lmas\u0131 ve m\u00fch\u00fcrlenmesi gibi olduk\u00e7a \u00f6nemli bir rol de \u00fcstlenmektedir. \u00d6zellikle elektronik, ila\u00e7 [&hellip;]<\/p>","protected":false},"author":1,"featured_media":0,"parent":0,"menu_order":0,"comment_status":"closed","ping_status":"closed","template":"page-templates\/page_fullwidth.php","meta":{"footnotes":""},"class_list":["post-253","page","type-page","status-publish","hentry"],"yoast_head":"<!-- This site is optimized with the Yoast SEO plugin v23.4 - https:\/\/yoast.com\/wordpress\/plugins\/seo\/ -->\n<title>Fonksiyonel etiketleme makineleri - Fako Etiketleme Sistemleri<\/title>\n<meta name=\"description\" content=\"Etiketler \u00fcr\u00fcn hakk\u0131nda bilgi i\u00e7ermesi ve g\u00f6rsellik yan\u0131nda ambalajlar\u0131n kapat\u0131lmas\u0131 ve m\u00fch\u00fcrlenmesi gibi olduk\u00e7a \u00f6nemli bir rol de \u00fcstlenmektedir.\" \/>\n<meta name=\"robots\" content=\"index, follow, max-snippet:-1, max-image-preview:large, max-video-preview:-1\" \/>\n<link rel=\"canonical\" href=\"https:\/\/fakomakine.com\/en\/fonksiyonel-etiketleme-makineleri\/\" \/>\n<meta property=\"og:locale\" content=\"en_GB\" \/>\n<meta property=\"og:type\" content=\"article\" \/>\n<meta property=\"og:title\" content=\"Fonksiyonel etiketleme makineleri - Fako Etiketleme Sistemleri\" \/>\n<meta property=\"og:description\" content=\"Etiketler \u00fcr\u00fcn hakk\u0131nda bilgi i\u00e7ermesi ve g\u00f6rsellik yan\u0131nda ambalajlar\u0131n kapat\u0131lmas\u0131 ve m\u00fch\u00fcrlenmesi gibi olduk\u00e7a \u00f6nemli bir rol de \u00fcstlenmektedir.\" \/>\n<meta property=\"og:url\" content=\"https:\/\/fakomakine.com\/en\/fonksiyonel-etiketleme-makineleri\/\" \/>\n<meta property=\"og:site_name\" content=\"Fako Etiketleme Sistemleri\" \/>\n<meta property=\"article:modified_time\" content=\"2025-09-22T18:25:28+00:00\" \/>\n<meta property=\"og:image\" content=\"http:\/\/eturkan.com\/wp-content\/uploads\/2018\/05\/3dfnk.jpg\" \/>\n<meta name=\"twitter:card\" content=\"summary_large_image\" \/>\n<meta name=\"twitter:label1\" content=\"Estimated reading time\" \/>\n\t<meta name=\"twitter:data1\" content=\"1 minute\" \/>\n<script type=\"application\/ld+json\" class=\"yoast-schema-graph\">{\"@context\":\"https:\/\/schema.org\",\"@graph\":[{\"@type\":\"WebPage\",\"@id\":\"https:\/\/fakomakine.com\/fonksiyonel-etiketleme-makineleri\/\",\"url\":\"https:\/\/fakomakine.com\/fonksiyonel-etiketleme-makineleri\/\",\"name\":\"Fonksiyonel etiketleme makineleri - Fako Etiketleme Sistemleri\",\"isPartOf\":{\"@id\":\"https:\/\/fakomakine.com\/#website\"},\"primaryImageOfPage\":{\"@id\":\"https:\/\/fakomakine.com\/fonksiyonel-etiketleme-makineleri\/#primaryimage\"},\"image\":{\"@id\":\"https:\/\/fakomakine.com\/fonksiyonel-etiketleme-makineleri\/#primaryimage\"},\"thumbnailUrl\":\"http:\/\/eturkan.com\/wp-content\/uploads\/2018\/05\/3dfnk.jpg\",\"datePublished\":\"2018-05-30T12:12:41+00:00\",\"dateModified\":\"2025-09-22T18:25:28+00:00\",\"description\":\"Etiketler \u00fcr\u00fcn hakk\u0131nda bilgi i\u00e7ermesi ve g\u00f6rsellik yan\u0131nda ambalajlar\u0131n kapat\u0131lmas\u0131 ve m\u00fch\u00fcrlenmesi gibi olduk\u00e7a \u00f6nemli bir rol de \u00fcstlenmektedir.\",\"breadcrumb\":{\"@id\":\"https:\/\/fakomakine.com\/fonksiyonel-etiketleme-makineleri\/#breadcrumb\"},\"inLanguage\":\"en-GB\",\"potentialAction\":[{\"@type\":\"ReadAction\",\"target\":[\"https:\/\/fakomakine.com\/fonksiyonel-etiketleme-makineleri\/\"]}]},{\"@type\":\"ImageObject\",\"inLanguage\":\"en-GB\",\"@id\":\"https:\/\/fakomakine.com\/fonksiyonel-etiketleme-makineleri\/#primaryimage\",\"url\":\"http:\/\/eturkan.com\/wp-content\/uploads\/2018\/05\/3dfnk.jpg\",\"contentUrl\":\"http:\/\/eturkan.com\/wp-content\/uploads\/2018\/05\/3dfnk.jpg\"},{\"@type\":\"BreadcrumbList\",\"@id\":\"https:\/\/fakomakine.com\/fonksiyonel-etiketleme-makineleri\/#breadcrumb\",\"itemListElement\":[{\"@type\":\"ListItem\",\"position\":1,\"name\":\"Ana sayfa\",\"item\":\"https:\/\/fakomakine.com\/\"},{\"@type\":\"ListItem\",\"position\":2,\"name\":\"Fonksiyonel etiketleme makineleri\"}]},{\"@type\":\"WebSite\",\"@id\":\"https:\/\/fakomakine.com\/#website\",\"url\":\"https:\/\/fakomakine.com\/\",\"name\":\"Fako Etiketleme Sistemleri\",\"description\":\"\u00d6n ve Arka Y\u00fczey Etiketleme\",\"publisher\":{\"@id\":\"https:\/\/fakomakine.com\/#organization\"},\"potentialAction\":[{\"@type\":\"SearchAction\",\"target\":{\"@type\":\"EntryPoint\",\"urlTemplate\":\"https:\/\/fakomakine.com\/?s={search_term_string}\"},\"query-input\":{\"@type\":\"PropertyValueSpecification\",\"valueRequired\":true,\"valueName\":\"search_term_string\"}}],\"inLanguage\":\"en-GB\"},{\"@type\":\"Organization\",\"@id\":\"https:\/\/fakomakine.com\/#organization\",\"name\":\"Fako Makine - Fako Etiketleme Sistemleri\",\"url\":\"https:\/\/fakomakine.com\/\",\"logo\":{\"@type\":\"ImageObject\",\"inLanguage\":\"en-GB\",\"@id\":\"https:\/\/fakomakine.com\/#\/schema\/logo\/image\/\",\"url\":\"https:\/\/fakomakine.com\/wp-content\/uploads\/2018\/07\/Fako-Etiketleme-Logo.png\",\"contentUrl\":\"https:\/\/fakomakine.com\/wp-content\/uploads\/2018\/07\/Fako-Etiketleme-Logo.png\",\"width\":924,\"height\":515,\"caption\":\"Fako Makine - Fako Etiketleme Sistemleri\"},\"image\":{\"@id\":\"https:\/\/fakomakine.com\/#\/schema\/logo\/image\/\"}}]}<\/script>\n<!-- \/ Yoast SEO plugin. -->","yoast_head_json":{"title":"Fonksiyonel etiketleme makineleri - Fako Etiketleme Sistemleri","description":"Etiketler \u00fcr\u00fcn hakk\u0131nda bilgi i\u00e7ermesi ve g\u00f6rsellik yan\u0131nda ambalajlar\u0131n kapat\u0131lmas\u0131 ve m\u00fch\u00fcrlenmesi gibi olduk\u00e7a \u00f6nemli bir rol de \u00fcstlenmektedir.","robots":{"index":"index","follow":"follow","max-snippet":"max-snippet:-1","max-image-preview":"max-image-preview:large","max-video-preview":"max-video-preview:-1"},"canonical":"https:\/\/fakomakine.com\/en\/fonksiyonel-etiketleme-makineleri\/","og_locale":"en_GB","og_type":"article","og_title":"Fonksiyonel etiketleme makineleri - Fako Etiketleme Sistemleri","og_description":"Etiketler \u00fcr\u00fcn hakk\u0131nda bilgi i\u00e7ermesi ve g\u00f6rsellik yan\u0131nda ambalajlar\u0131n kapat\u0131lmas\u0131 ve m\u00fch\u00fcrlenmesi gibi olduk\u00e7a \u00f6nemli bir rol de \u00fcstlenmektedir.","og_url":"https:\/\/fakomakine.com\/en\/fonksiyonel-etiketleme-makineleri\/","og_site_name":"Fako Etiketleme Sistemleri","article_modified_time":"2025-09-22T18:25:28+00:00","og_image":[{"url":"http:\/\/eturkan.com\/wp-content\/uploads\/2018\/05\/3dfnk.jpg"}],"twitter_card":"summary_large_image","twitter_misc":{"Estimated reading time":"1 minute"},"schema":{"@context":"https:\/\/schema.org","@graph":[{"@type":"WebPage","@id":"https:\/\/fakomakine.com\/fonksiyonel-etiketleme-makineleri\/","url":"https:\/\/fakomakine.com\/fonksiyonel-etiketleme-makineleri\/","name":"Fonksiyonel etiketleme makineleri - Fako Etiketleme Sistemleri","isPartOf":{"@id":"https:\/\/fakomakine.com\/#website"},"primaryImageOfPage":{"@id":"https:\/\/fakomakine.com\/fonksiyonel-etiketleme-makineleri\/#primaryimage"},"image":{"@id":"https:\/\/fakomakine.com\/fonksiyonel-etiketleme-makineleri\/#primaryimage"},"thumbnailUrl":"http:\/\/eturkan.com\/wp-content\/uploads\/2018\/05\/3dfnk.jpg","datePublished":"2018-05-30T12:12:41+00:00","dateModified":"2025-09-22T18:25:28+00:00","description":"Etiketler \u00fcr\u00fcn hakk\u0131nda bilgi i\u00e7ermesi ve g\u00f6rsellik yan\u0131nda ambalajlar\u0131n kapat\u0131lmas\u0131 ve m\u00fch\u00fcrlenmesi gibi olduk\u00e7a \u00f6nemli bir rol de \u00fcstlenmektedir.","breadcrumb":{"@id":"https:\/\/fakomakine.com\/fonksiyonel-etiketleme-makineleri\/#breadcrumb"},"inLanguage":"en-GB","potentialAction":[{"@type":"ReadAction","target":["https:\/\/fakomakine.com\/fonksiyonel-etiketleme-makineleri\/"]}]},{"@type":"ImageObject","inLanguage":"en-GB","@id":"https:\/\/fakomakine.com\/fonksiyonel-etiketleme-makineleri\/#primaryimage","url":"http:\/\/eturkan.com\/wp-content\/uploads\/2018\/05\/3dfnk.jpg","contentUrl":"http:\/\/eturkan.com\/wp-content\/uploads\/2018\/05\/3dfnk.jpg"},{"@type":"BreadcrumbList","@id":"https:\/\/fakomakine.com\/fonksiyonel-etiketleme-makineleri\/#breadcrumb","itemListElement":[{"@type":"ListItem","position":1,"name":"Ana sayfa","item":"https:\/\/fakomakine.com\/"},{"@type":"ListItem","position":2,"name":"Fonksiyonel etiketleme makineleri"}]},{"@type":"WebSite","@id":"https:\/\/fakomakine.com\/#website","url":"https:\/\/fakomakine.com\/","name":"Fako Etiketleme Sistemleri","description":"\u00d6n ve Arka Y\u00fczey Etiketleme","publisher":{"@id":"https:\/\/fakomakine.com\/#organization"},"potentialAction":[{"@type":"SearchAction","target":{"@type":"EntryPoint","urlTemplate":"https:\/\/fakomakine.com\/?s={search_term_string}"},"query-input":{"@type":"PropertyValueSpecification","valueRequired":true,"valueName":"search_term_string"}}],"inLanguage":"en-GB"},{"@type":"Organization","@id":"https:\/\/fakomakine.com\/#organization","name":"Fako Makine - Fako Etiketleme Sistemleri","url":"https:\/\/fakomakine.com\/","logo":{"@type":"ImageObject","inLanguage":"en-GB","@id":"https:\/\/fakomakine.com\/#\/schema\/logo\/image\/","url":"https:\/\/fakomakine.com\/wp-content\/uploads\/2018\/07\/Fako-Etiketleme-Logo.png","contentUrl":"https:\/\/fakomakine.com\/wp-content\/uploads\/2018\/07\/Fako-Etiketleme-Logo.png","width":924,"height":515,"caption":"Fako Makine - Fako Etiketleme Sistemleri"},"image":{"@id":"https:\/\/fakomakine.com\/#\/schema\/logo\/image\/"}}]}},"_links":{"self":[{"href":"https:\/\/fakomakine.com\/en\/wp-json\/wp\/v2\/pages\/253"}],"collection":[{"href":"https:\/\/fakomakine.com\/en\/wp-json\/wp\/v2\/pages"}],"about":[{"href":"https:\/\/fakomakine.com\/en\/wp-json\/wp\/v2\/types\/page"}],"author":[{"embeddable":true,"href":"https:\/\/fakomakine.com\/en\/wp-json\/wp\/v2\/users\/1"}],"replies":[{"embeddable":true,"href":"https:\/\/fakomakine.com\/en\/wp-json\/wp\/v2\/comments?post=253"}],"version-history":[{"count":13,"href":"https:\/\/fakomakine.com\/en\/wp-json\/wp\/v2\/pages\/253\/revisions"}],"predecessor-version":[{"id":1640,"href":"https:\/\/fakomakine.com\/en\/wp-json\/wp\/v2\/pages\/253\/revisions\/1640"}],"wp:attachment":[{"href":"https:\/\/fakomakine.com\/en\/wp-json\/wp\/v2\/media?parent=253"}],"curies":[{"name":"wp","href":"https:\/\/api.w.org\/{rel}","templated":true}]}}