{"id":251,"date":"2018-05-30T12:11:37","date_gmt":"2018-05-30T12:11:37","guid":{"rendered":"http:\/\/eturkan.com\/?page_id=251"},"modified":"2025-09-22T18:17:12","modified_gmt":"2025-09-22T18:17:12","slug":"on-ve-arka-yuzey-etiketleme","status":"publish","type":"page","link":"https:\/\/fakomakine.com\/en\/on-ve-arka-yuzey-etiketleme\/","title":{"rendered":"\u00d6n ve Arka Y\u00fczey Etiketleme"},"content":{"rendered":"<div data-elementor-type=\"wp-page\" data-elementor-id=\"251\" class=\"elementor elementor-251\">\n\t\t\t\t\t\t<section class=\"elementor-section elementor-top-section elementor-element elementor-element-1b1c664a elementor-section-boxed elementor-section-height-default elementor-section-height-default\" data-id=\"1b1c664a\" data-element_type=\"section\">\n\t\t\t\t\t\t<div class=\"elementor-container elementor-column-gap-default\">\n\t\t\t\t\t<div class=\"elementor-column elementor-col-100 elementor-top-column elementor-element elementor-element-3da1702d\" data-id=\"3da1702d\" data-element_type=\"column\">\n\t\t\t<div class=\"elementor-widget-wrap elementor-element-populated\">\n\t\t\t\t\t\t<div class=\"elementor-element elementor-element-4281e78b elementor-widget elementor-widget-text-editor\" data-id=\"4281e78b\" data-element_type=\"widget\" data-widget_type=\"text-editor.default\">\n\t\t\t\t<div class=\"elementor-widget-container\">\n\t\t\t\t\t\t\t\t\t<hr \/><p><img decoding=\"async\" class=\"wp-image-262 aligncenter lazyload\" data-src=\"http:\/\/eturkan.com\/wp-content\/uploads\/2018\/05\/3dsmpoo.jpg\" alt=\"\" width=\"141\" height=\"216\" data-srcset=\"https:\/\/fakomakine.com\/wp-content\/uploads\/2018\/05\/3dsmpoo.jpg 723w, https:\/\/fakomakine.com\/wp-content\/uploads\/2018\/05\/3dsmpoo-196x300.jpg 196w, https:\/\/fakomakine.com\/wp-content\/uploads\/2018\/05\/3dsmpoo-669x1024.jpg 669w\" data-sizes=\"(max-width: 141px) 100vw, 141px\" src=\"data:image\/svg+xml;base64,PHN2ZyB3aWR0aD0iMSIgaGVpZ2h0PSIxIiB4bWxucz0iaHR0cDovL3d3dy53My5vcmcvMjAwMC9zdmciPjwvc3ZnPg==\" style=\"--smush-placeholder-width: 141px; --smush-placeholder-aspect-ratio: 141\/216;\" \/><\/p><p style=\"background: #fefefe; text-align: center;\"><span style=\"font-size: 11.0pt; font-family: 'Arial',sans-serif; color: #5c6573;\">In the widely used process of front and back labeling; package should be delicately positioned for labeling. The most ideal solution for positioning, for the fields where the production quantity is rather low, would be semi-automatic systems. In this solution the product is placed on a simple holder and manually slid to a carrier between the applicator. At the application of the label, the product is automatically held by the system and the label positioning with high delicacy is completed.\u00a0<\/span><\/p><p style=\"text-align: center;\"><img fetchpriority=\"high\" decoding=\"async\" class=\"aligncenter wp-image-1626 size-medium\" src=\"https:\/\/fakomakine.com\/wp-content\/uploads\/2025\/09\/On-ve-Arka-Yuzey-Etiketleme-300x200.png\" alt=\"\" width=\"300\" height=\"200\" srcset=\"https:\/\/fakomakine.com\/wp-content\/uploads\/2025\/09\/On-ve-Arka-Yuzey-Etiketleme-300x200.png 300w, https:\/\/fakomakine.com\/wp-content\/uploads\/2025\/09\/On-ve-Arka-Yuzey-Etiketleme-18x12.png 18w, https:\/\/fakomakine.com\/wp-content\/uploads\/2025\/09\/On-ve-Arka-Yuzey-Etiketleme-230x153.png 230w, https:\/\/fakomakine.com\/wp-content\/uploads\/2025\/09\/On-ve-Arka-Yuzey-Etiketleme-350x233.png 350w, https:\/\/fakomakine.com\/wp-content\/uploads\/2025\/09\/On-ve-Arka-Yuzey-Etiketleme.png 400w\" sizes=\"(max-width: 300px) 100vw, 300px\" \/><\/p><p style=\"text-align: center;\" class=\"translation-block\">There are no limitations on the product size at this system. Wasted time can be kept minimum when different kinds of packaging are processed, by changing the product stabilizer in a few simple steps. In medium and high quantity productions, it is advised to set up a fully automatic system that can satisfy the maximum delicacy requirements. The system provides the perfect positioning by the synchronized movement with the conveyor. Fako Makine offers you the most suitable solutions for your packaging and application in the field of front and back surface labeling.<\/p><p><img decoding=\"async\" class=\"aligncenter wp-image-1627 size-medium lazyload\" data-src=\"https:\/\/fakomakine.com\/wp-content\/uploads\/2025\/09\/On-ve-Arka-Yuzey-Etiketleme-1-300x225.jpg\" alt=\"\" width=\"300\" height=\"225\" data-srcset=\"https:\/\/fakomakine.com\/wp-content\/uploads\/2025\/09\/On-ve-Arka-Yuzey-Etiketleme-1-300x225.jpg 300w, https:\/\/fakomakine.com\/wp-content\/uploads\/2025\/09\/On-ve-Arka-Yuzey-Etiketleme-1-16x12.jpg 16w, https:\/\/fakomakine.com\/wp-content\/uploads\/2025\/09\/On-ve-Arka-Yuzey-Etiketleme-1-230x173.jpg 230w, https:\/\/fakomakine.com\/wp-content\/uploads\/2025\/09\/On-ve-Arka-Yuzey-Etiketleme-1-350x263.jpg 350w, https:\/\/fakomakine.com\/wp-content\/uploads\/2025\/09\/On-ve-Arka-Yuzey-Etiketleme-1-480x360.jpg 480w, https:\/\/fakomakine.com\/wp-content\/uploads\/2025\/09\/On-ve-Arka-Yuzey-Etiketleme-1.jpg 768w\" data-sizes=\"(max-width: 300px) 100vw, 300px\" src=\"data:image\/svg+xml;base64,PHN2ZyB3aWR0aD0iMSIgaGVpZ2h0PSIxIiB4bWxucz0iaHR0cDovL3d3dy53My5vcmcvMjAwMC9zdmciPjwvc3ZnPg==\" style=\"--smush-placeholder-width: 300px; --smush-placeholder-aspect-ratio: 300\/225;\" \/><\/p><hr \/><p>\u00a0<\/p>\t\t\t\t\t\t\t\t<\/div>\n\t\t\t\t<\/div>\n\t\t\t\t\t<\/div>\n\t\t<\/div>\n\t\t\t\t\t<\/div>\n\t\t<\/section>\n\t\t\t\t<\/div>","protected":false},"excerpt":{"rendered":"<p>Yo\u011fun olarak kullan\u0131lan \u00f6n ve arka y\u00fczey etiketleme prosesinde; ambalaj etiketin uyguland\u0131\u011f\u0131 anda hassas bir \u015fekilde konumland\u0131r\u0131lmal\u0131d\u0131r. \u00dcretim adetlerinin g\u00f6rece d\u00fc\u015f\u00fck oldu\u011fu [&hellip;]<\/p>","protected":false},"author":1,"featured_media":0,"parent":0,"menu_order":0,"comment_status":"closed","ping_status":"closed","template":"page-templates\/page_fullwidth.php","meta":{"footnotes":""},"class_list":["post-251","page","type-page","status-publish","hentry"],"yoast_head":"<!-- This site is optimized with the Yoast SEO plugin v23.4 - https:\/\/yoast.com\/wordpress\/plugins\/seo\/ -->\n<title>\u00d6n ve Arka Y\u00fczey Etiketleme - Fako Etiketleme Sistemleri<\/title>\n<meta name=\"description\" content=\"Etiketleme \u00c7\u00f6z\u00fcmlerimiz, \u00dcst Y\u00fczey Etiketleme, \u00d6n ve Arka Y\u00fczey Etiketleme, Alt ve \u00dcst Y\u00fczey Etiketleme, Sarmal Etiketleme, Fonksiyonel Etiketleme, \u00dc\u00e7 Y\u00fczey Etiketleme\" \/>\n<meta name=\"robots\" content=\"index, follow, max-snippet:-1, max-image-preview:large, max-video-preview:-1\" \/>\n<link rel=\"canonical\" href=\"https:\/\/fakomakine.com\/en\/on-ve-arka-yuzey-etiketleme\/\" \/>\n<meta property=\"og:locale\" content=\"en_GB\" \/>\n<meta property=\"og:type\" content=\"article\" \/>\n<meta property=\"og:title\" content=\"\u00d6n ve Arka Y\u00fczey Etiketleme - Fako Etiketleme Sistemleri\" \/>\n<meta property=\"og:description\" content=\"Etiketleme \u00c7\u00f6z\u00fcmlerimiz, \u00dcst Y\u00fczey Etiketleme, \u00d6n ve Arka Y\u00fczey Etiketleme, Alt ve \u00dcst Y\u00fczey Etiketleme, Sarmal Etiketleme, Fonksiyonel Etiketleme, \u00dc\u00e7 Y\u00fczey Etiketleme\" \/>\n<meta property=\"og:url\" content=\"https:\/\/fakomakine.com\/en\/on-ve-arka-yuzey-etiketleme\/\" \/>\n<meta property=\"og:site_name\" content=\"Fako Etiketleme Sistemleri\" \/>\n<meta property=\"article:modified_time\" content=\"2025-09-22T18:17:12+00:00\" \/>\n<meta property=\"og:image\" content=\"http:\/\/eturkan.com\/wp-content\/uploads\/2018\/05\/3dsmpoo.jpg\" \/>\n<meta name=\"twitter:card\" content=\"summary_large_image\" \/>\n<meta name=\"twitter:label1\" content=\"Estimated reading time\" \/>\n\t<meta name=\"twitter:data1\" content=\"1 minute\" \/>\n<script type=\"application\/ld+json\" class=\"yoast-schema-graph\">{\"@context\":\"https:\/\/schema.org\",\"@graph\":[{\"@type\":\"WebPage\",\"@id\":\"https:\/\/fakomakine.com\/on-ve-arka-yuzey-etiketleme\/\",\"url\":\"https:\/\/fakomakine.com\/on-ve-arka-yuzey-etiketleme\/\",\"name\":\"\u00d6n ve Arka Y\u00fczey Etiketleme - Fako Etiketleme Sistemleri\",\"isPartOf\":{\"@id\":\"https:\/\/fakomakine.com\/#website\"},\"primaryImageOfPage\":{\"@id\":\"https:\/\/fakomakine.com\/on-ve-arka-yuzey-etiketleme\/#primaryimage\"},\"image\":{\"@id\":\"https:\/\/fakomakine.com\/on-ve-arka-yuzey-etiketleme\/#primaryimage\"},\"thumbnailUrl\":\"http:\/\/eturkan.com\/wp-content\/uploads\/2018\/05\/3dsmpoo.jpg\",\"datePublished\":\"2018-05-30T12:11:37+00:00\",\"dateModified\":\"2025-09-22T18:17:12+00:00\",\"description\":\"Etiketleme \u00c7\u00f6z\u00fcmlerimiz, \u00dcst Y\u00fczey Etiketleme, \u00d6n ve Arka Y\u00fczey Etiketleme, Alt ve \u00dcst Y\u00fczey Etiketleme, Sarmal Etiketleme, Fonksiyonel Etiketleme, \u00dc\u00e7 Y\u00fczey Etiketleme\",\"breadcrumb\":{\"@id\":\"https:\/\/fakomakine.com\/on-ve-arka-yuzey-etiketleme\/#breadcrumb\"},\"inLanguage\":\"en-GB\",\"potentialAction\":[{\"@type\":\"ReadAction\",\"target\":[\"https:\/\/fakomakine.com\/on-ve-arka-yuzey-etiketleme\/\"]}]},{\"@type\":\"ImageObject\",\"inLanguage\":\"en-GB\",\"@id\":\"https:\/\/fakomakine.com\/on-ve-arka-yuzey-etiketleme\/#primaryimage\",\"url\":\"http:\/\/eturkan.com\/wp-content\/uploads\/2018\/05\/3dsmpoo.jpg\",\"contentUrl\":\"http:\/\/eturkan.com\/wp-content\/uploads\/2018\/05\/3dsmpoo.jpg\"},{\"@type\":\"BreadcrumbList\",\"@id\":\"https:\/\/fakomakine.com\/on-ve-arka-yuzey-etiketleme\/#breadcrumb\",\"itemListElement\":[{\"@type\":\"ListItem\",\"position\":1,\"name\":\"Ana sayfa\",\"item\":\"https:\/\/fakomakine.com\/\"},{\"@type\":\"ListItem\",\"position\":2,\"name\":\"\u00d6n ve Arka Y\u00fczey Etiketleme\"}]},{\"@type\":\"WebSite\",\"@id\":\"https:\/\/fakomakine.com\/#website\",\"url\":\"https:\/\/fakomakine.com\/\",\"name\":\"Fako Etiketleme Sistemleri\",\"description\":\"\u00d6n ve Arka Y\u00fczey Etiketleme\",\"publisher\":{\"@id\":\"https:\/\/fakomakine.com\/#organization\"},\"potentialAction\":[{\"@type\":\"SearchAction\",\"target\":{\"@type\":\"EntryPoint\",\"urlTemplate\":\"https:\/\/fakomakine.com\/?s={search_term_string}\"},\"query-input\":{\"@type\":\"PropertyValueSpecification\",\"valueRequired\":true,\"valueName\":\"search_term_string\"}}],\"inLanguage\":\"en-GB\"},{\"@type\":\"Organization\",\"@id\":\"https:\/\/fakomakine.com\/#organization\",\"name\":\"Fako Makine - Fako Etiketleme Sistemleri\",\"url\":\"https:\/\/fakomakine.com\/\",\"logo\":{\"@type\":\"ImageObject\",\"inLanguage\":\"en-GB\",\"@id\":\"https:\/\/fakomakine.com\/#\/schema\/logo\/image\/\",\"url\":\"https:\/\/fakomakine.com\/wp-content\/uploads\/2018\/07\/Fako-Etiketleme-Logo.png\",\"contentUrl\":\"https:\/\/fakomakine.com\/wp-content\/uploads\/2018\/07\/Fako-Etiketleme-Logo.png\",\"width\":924,\"height\":515,\"caption\":\"Fako Makine - Fako Etiketleme Sistemleri\"},\"image\":{\"@id\":\"https:\/\/fakomakine.com\/#\/schema\/logo\/image\/\"}}]}<\/script>\n<!-- \/ Yoast SEO plugin. -->","yoast_head_json":{"title":"\u00d6n ve Arka Y\u00fczey Etiketleme - Fako Etiketleme Sistemleri","description":"Etiketleme \u00c7\u00f6z\u00fcmlerimiz, \u00dcst Y\u00fczey Etiketleme, \u00d6n ve Arka Y\u00fczey Etiketleme, Alt ve \u00dcst Y\u00fczey Etiketleme, Sarmal Etiketleme, Fonksiyonel Etiketleme, \u00dc\u00e7 Y\u00fczey Etiketleme","robots":{"index":"index","follow":"follow","max-snippet":"max-snippet:-1","max-image-preview":"max-image-preview:large","max-video-preview":"max-video-preview:-1"},"canonical":"https:\/\/fakomakine.com\/en\/on-ve-arka-yuzey-etiketleme\/","og_locale":"en_GB","og_type":"article","og_title":"\u00d6n ve Arka Y\u00fczey Etiketleme - Fako Etiketleme Sistemleri","og_description":"Etiketleme \u00c7\u00f6z\u00fcmlerimiz, \u00dcst Y\u00fczey Etiketleme, \u00d6n ve Arka Y\u00fczey Etiketleme, Alt ve \u00dcst Y\u00fczey Etiketleme, Sarmal Etiketleme, Fonksiyonel Etiketleme, \u00dc\u00e7 Y\u00fczey Etiketleme","og_url":"https:\/\/fakomakine.com\/en\/on-ve-arka-yuzey-etiketleme\/","og_site_name":"Fako Etiketleme Sistemleri","article_modified_time":"2025-09-22T18:17:12+00:00","og_image":[{"url":"http:\/\/eturkan.com\/wp-content\/uploads\/2018\/05\/3dsmpoo.jpg"}],"twitter_card":"summary_large_image","twitter_misc":{"Estimated reading time":"1 minute"},"schema":{"@context":"https:\/\/schema.org","@graph":[{"@type":"WebPage","@id":"https:\/\/fakomakine.com\/on-ve-arka-yuzey-etiketleme\/","url":"https:\/\/fakomakine.com\/on-ve-arka-yuzey-etiketleme\/","name":"\u00d6n ve Arka Y\u00fczey Etiketleme - Fako Etiketleme Sistemleri","isPartOf":{"@id":"https:\/\/fakomakine.com\/#website"},"primaryImageOfPage":{"@id":"https:\/\/fakomakine.com\/on-ve-arka-yuzey-etiketleme\/#primaryimage"},"image":{"@id":"https:\/\/fakomakine.com\/on-ve-arka-yuzey-etiketleme\/#primaryimage"},"thumbnailUrl":"http:\/\/eturkan.com\/wp-content\/uploads\/2018\/05\/3dsmpoo.jpg","datePublished":"2018-05-30T12:11:37+00:00","dateModified":"2025-09-22T18:17:12+00:00","description":"Etiketleme \u00c7\u00f6z\u00fcmlerimiz, \u00dcst Y\u00fczey Etiketleme, \u00d6n ve Arka Y\u00fczey Etiketleme, Alt ve \u00dcst Y\u00fczey Etiketleme, Sarmal Etiketleme, Fonksiyonel Etiketleme, \u00dc\u00e7 Y\u00fczey Etiketleme","breadcrumb":{"@id":"https:\/\/fakomakine.com\/on-ve-arka-yuzey-etiketleme\/#breadcrumb"},"inLanguage":"en-GB","potentialAction":[{"@type":"ReadAction","target":["https:\/\/fakomakine.com\/on-ve-arka-yuzey-etiketleme\/"]}]},{"@type":"ImageObject","inLanguage":"en-GB","@id":"https:\/\/fakomakine.com\/on-ve-arka-yuzey-etiketleme\/#primaryimage","url":"http:\/\/eturkan.com\/wp-content\/uploads\/2018\/05\/3dsmpoo.jpg","contentUrl":"http:\/\/eturkan.com\/wp-content\/uploads\/2018\/05\/3dsmpoo.jpg"},{"@type":"BreadcrumbList","@id":"https:\/\/fakomakine.com\/on-ve-arka-yuzey-etiketleme\/#breadcrumb","itemListElement":[{"@type":"ListItem","position":1,"name":"Ana sayfa","item":"https:\/\/fakomakine.com\/"},{"@type":"ListItem","position":2,"name":"\u00d6n ve Arka Y\u00fczey Etiketleme"}]},{"@type":"WebSite","@id":"https:\/\/fakomakine.com\/#website","url":"https:\/\/fakomakine.com\/","name":"Fako Etiketleme Sistemleri","description":"\u00d6n ve Arka Y\u00fczey Etiketleme","publisher":{"@id":"https:\/\/fakomakine.com\/#organization"},"potentialAction":[{"@type":"SearchAction","target":{"@type":"EntryPoint","urlTemplate":"https:\/\/fakomakine.com\/?s={search_term_string}"},"query-input":{"@type":"PropertyValueSpecification","valueRequired":true,"valueName":"search_term_string"}}],"inLanguage":"en-GB"},{"@type":"Organization","@id":"https:\/\/fakomakine.com\/#organization","name":"Fako Makine - Fako Etiketleme Sistemleri","url":"https:\/\/fakomakine.com\/","logo":{"@type":"ImageObject","inLanguage":"en-GB","@id":"https:\/\/fakomakine.com\/#\/schema\/logo\/image\/","url":"https:\/\/fakomakine.com\/wp-content\/uploads\/2018\/07\/Fako-Etiketleme-Logo.png","contentUrl":"https:\/\/fakomakine.com\/wp-content\/uploads\/2018\/07\/Fako-Etiketleme-Logo.png","width":924,"height":515,"caption":"Fako Makine - Fako Etiketleme Sistemleri"},"image":{"@id":"https:\/\/fakomakine.com\/#\/schema\/logo\/image\/"}}]}},"_links":{"self":[{"href":"https:\/\/fakomakine.com\/en\/wp-json\/wp\/v2\/pages\/251"}],"collection":[{"href":"https:\/\/fakomakine.com\/en\/wp-json\/wp\/v2\/pages"}],"about":[{"href":"https:\/\/fakomakine.com\/en\/wp-json\/wp\/v2\/types\/page"}],"author":[{"embeddable":true,"href":"https:\/\/fakomakine.com\/en\/wp-json\/wp\/v2\/users\/1"}],"replies":[{"embeddable":true,"href":"https:\/\/fakomakine.com\/en\/wp-json\/wp\/v2\/comments?post=251"}],"version-history":[{"count":16,"href":"https:\/\/fakomakine.com\/en\/wp-json\/wp\/v2\/pages\/251\/revisions"}],"predecessor-version":[{"id":1630,"href":"https:\/\/fakomakine.com\/en\/wp-json\/wp\/v2\/pages\/251\/revisions\/1630"}],"wp:attachment":[{"href":"https:\/\/fakomakine.com\/en\/wp-json\/wp\/v2\/media?parent=251"}],"curies":[{"name":"wp","href":"https:\/\/api.w.org\/{rel}","templated":true}]}}