{"id":244,"date":"2018-05-30T11:10:06","date_gmt":"2018-05-30T11:10:06","guid":{"rendered":"http:\/\/eturkan.com\/?page_id=244"},"modified":"2025-09-22T18:23:30","modified_gmt":"2025-09-22T18:23:30","slug":"uc-yuzey-etiketleme","status":"publish","type":"page","link":"https:\/\/fakomakine.com\/en\/uc-yuzey-etiketleme\/","title":{"rendered":"\u00dc\u00e7 Y\u00fczey Etiketleme"},"content":{"rendered":"<hr \/>\n<p><img decoding=\"async\" class=\"wp-image-261 aligncenter lazyload\" data-src=\"http:\/\/eturkan.com\/wp-content\/uploads\/2018\/05\/3dmdcn.jpg\" alt=\"\" width=\"123\" height=\"188\" data-srcset=\"https:\/\/fakomakine.com\/wp-content\/uploads\/2018\/05\/3dmdcn.jpg 723w, https:\/\/fakomakine.com\/wp-content\/uploads\/2018\/05\/3dmdcn-196x300.jpg 196w, https:\/\/fakomakine.com\/wp-content\/uploads\/2018\/05\/3dmdcn-668x1024.jpg 668w\" data-sizes=\"(max-width: 123px) 100vw, 123px\" src=\"data:image\/svg+xml;base64,PHN2ZyB3aWR0aD0iMSIgaGVpZ2h0PSIxIiB4bWxucz0iaHR0cDovL3d3dy53My5vcmcvMjAwMC9zdmciPjwvc3ZnPg==\" style=\"--smush-placeholder-width: 123px; --smush-placeholder-aspect-ratio: 123\/188;\" \/><\/p>\n<p style=\"text-align: center;\">As with many other label types, Three Sides Labeling is in demand in many different and diverse sectors. At this point, the main determinant is the shape of the packaging rather than the sector. It is more preferred in vertical packages with edged design.<\/p>\n<p><img fetchpriority=\"high\" decoding=\"async\" class=\"aligncenter wp-image-1634 size-medium\" src=\"https:\/\/fakomakine.com\/wp-content\/uploads\/2025\/09\/Uc-Yuzey-Etiketleme-300x225.jpg\" alt=\"\" width=\"300\" height=\"225\" srcset=\"https:\/\/fakomakine.com\/wp-content\/uploads\/2025\/09\/Uc-Yuzey-Etiketleme-300x225.jpg 300w, https:\/\/fakomakine.com\/wp-content\/uploads\/2025\/09\/Uc-Yuzey-Etiketleme-768x576.jpg 768w, https:\/\/fakomakine.com\/wp-content\/uploads\/2025\/09\/Uc-Yuzey-Etiketleme-16x12.jpg 16w, https:\/\/fakomakine.com\/wp-content\/uploads\/2025\/09\/Uc-Yuzey-Etiketleme-230x173.jpg 230w, https:\/\/fakomakine.com\/wp-content\/uploads\/2025\/09\/Uc-Yuzey-Etiketleme-350x263.jpg 350w, https:\/\/fakomakine.com\/wp-content\/uploads\/2025\/09\/Uc-Yuzey-Etiketleme-480x360.jpg 480w, https:\/\/fakomakine.com\/wp-content\/uploads\/2025\/09\/Uc-Yuzey-Etiketleme.jpg 800w\" sizes=\"(max-width: 300px) 100vw, 300px\" \/><\/p>\n<p style=\"text-align: center;\">These systems are applied with a solution that completely prevents wrinkles or puffiness. Fako Labeling Systems offers you the most ideal solutions in line with your needs.<\/p>\n<p><img decoding=\"async\" class=\"aligncenter wp-image-1635 size-medium lazyload\" data-src=\"https:\/\/fakomakine.com\/wp-content\/uploads\/2025\/09\/Uc-Yuzey-Etiketleme-1-300x225.jpg\" alt=\"\" width=\"300\" height=\"225\" data-srcset=\"https:\/\/fakomakine.com\/wp-content\/uploads\/2025\/09\/Uc-Yuzey-Etiketleme-1-300x225.jpg 300w, https:\/\/fakomakine.com\/wp-content\/uploads\/2025\/09\/Uc-Yuzey-Etiketleme-1-16x12.jpg 16w, https:\/\/fakomakine.com\/wp-content\/uploads\/2025\/09\/Uc-Yuzey-Etiketleme-1-230x173.jpg 230w, https:\/\/fakomakine.com\/wp-content\/uploads\/2025\/09\/Uc-Yuzey-Etiketleme-1-350x263.jpg 350w, https:\/\/fakomakine.com\/wp-content\/uploads\/2025\/09\/Uc-Yuzey-Etiketleme-1-480x360.jpg 480w, https:\/\/fakomakine.com\/wp-content\/uploads\/2025\/09\/Uc-Yuzey-Etiketleme-1.jpg 768w\" data-sizes=\"(max-width: 300px) 100vw, 300px\" src=\"data:image\/svg+xml;base64,PHN2ZyB3aWR0aD0iMSIgaGVpZ2h0PSIxIiB4bWxucz0iaHR0cDovL3d3dy53My5vcmcvMjAwMC9zdmciPjwvc3ZnPg==\" style=\"--smush-placeholder-width: 300px; --smush-placeholder-aspect-ratio: 300\/225;\" \/><\/p>\n<hr \/>\n<p><a href=\"http:\/\/fakomakine.com\/en\/bize-ulasin\/\"><img decoding=\"async\" class=\"aligncenter wp-image-610 lazyload\" data-src=\"http:\/\/eturkan.com\/wp-content\/uploads\/2018\/07\/bu.png\" alt=\"\" width=\"141\" height=\"38\" data-srcset=\"https:\/\/fakomakine.com\/wp-content\/uploads\/2018\/07\/bu.png 896w, https:\/\/fakomakine.com\/wp-content\/uploads\/2018\/07\/bu-300x81.png 300w, https:\/\/fakomakine.com\/wp-content\/uploads\/2018\/07\/bu-768x207.png 768w, https:\/\/fakomakine.com\/wp-content\/uploads\/2018\/07\/bu-640x172.png 640w, https:\/\/fakomakine.com\/wp-content\/uploads\/2018\/07\/bu-830x223.png 830w, https:\/\/fakomakine.com\/wp-content\/uploads\/2018\/07\/bu-230x62.png 230w, https:\/\/fakomakine.com\/wp-content\/uploads\/2018\/07\/bu-350x94.png 350w, https:\/\/fakomakine.com\/wp-content\/uploads\/2018\/07\/bu-480x129.png 480w\" data-sizes=\"(max-width: 141px) 100vw, 141px\" src=\"data:image\/svg+xml;base64,PHN2ZyB3aWR0aD0iMSIgaGVpZ2h0PSIxIiB4bWxucz0iaHR0cDovL3d3dy53My5vcmcvMjAwMC9zdmciPjwvc3ZnPg==\" style=\"--smush-placeholder-width: 141px; --smush-placeholder-aspect-ratio: 141\/38;\" \/><\/a><\/p>\n\n\n<p><\/p>","protected":false},"excerpt":{"rendered":"<p>\u00dc\u00e7 Y\u00fczey Etiketleme di\u011fer bir\u00e7ok etiket \u00e7e\u015fidinde oldu\u011fu gibi olduk\u00e7a farkl\u0131 ve \u00e7e\u015fitli sekt\u00f6rde talep g\u00f6rmektedir. Bu noktada as\u0131l belirleyici unsur sekt\u00f6rden [&hellip;]<\/p>","protected":false},"author":1,"featured_media":0,"parent":0,"menu_order":0,"comment_status":"closed","ping_status":"closed","template":"page-templates\/page_fullwidth.php","meta":{"footnotes":""},"class_list":["post-244","page","type-page","status-publish","hentry"],"yoast_head":"<!-- This site is optimized with the Yoast SEO plugin v23.4 - https:\/\/yoast.com\/wordpress\/plugins\/seo\/ -->\n<title>\u00dc\u00e7 Y\u00fczey Etiketleme - Fako Etiketleme Sistemleri<\/title>\n<meta name=\"description\" content=\"Etiketleme \u00c7\u00f6z\u00fcmlerimiz, \u00dcst Y\u00fczey Etiketleme, \u00d6n ve Arka Y\u00fczey Etiketleme, Alt ve \u00dcst Y\u00fczey Etiketleme, Sarmal Etiketleme, Fonksiyonel Etiketleme, \u00dc\u00e7 Y\u00fczey Etiketleme\" \/>\n<meta name=\"robots\" content=\"index, follow, max-snippet:-1, max-image-preview:large, max-video-preview:-1\" \/>\n<link rel=\"canonical\" href=\"https:\/\/fakomakine.com\/en\/uc-yuzey-etiketleme\/\" \/>\n<meta property=\"og:locale\" content=\"en_GB\" \/>\n<meta property=\"og:type\" content=\"article\" \/>\n<meta property=\"og:title\" content=\"\u00dc\u00e7 Y\u00fczey Etiketleme - Fako Etiketleme Sistemleri\" \/>\n<meta property=\"og:description\" content=\"Etiketleme \u00c7\u00f6z\u00fcmlerimiz, \u00dcst Y\u00fczey Etiketleme, \u00d6n ve Arka Y\u00fczey Etiketleme, Alt ve \u00dcst Y\u00fczey Etiketleme, Sarmal Etiketleme, Fonksiyonel Etiketleme, \u00dc\u00e7 Y\u00fczey Etiketleme\" \/>\n<meta property=\"og:url\" content=\"https:\/\/fakomakine.com\/en\/uc-yuzey-etiketleme\/\" \/>\n<meta property=\"og:site_name\" content=\"Fako Etiketleme Sistemleri\" \/>\n<meta property=\"article:modified_time\" content=\"2025-09-22T18:23:30+00:00\" \/>\n<meta property=\"og:image\" content=\"http:\/\/eturkan.com\/wp-content\/uploads\/2018\/05\/3dmdcn.jpg\" \/>\n<meta name=\"twitter:card\" content=\"summary_large_image\" \/>\n<script type=\"application\/ld+json\" class=\"yoast-schema-graph\">{\"@context\":\"https:\/\/schema.org\",\"@graph\":[{\"@type\":\"WebPage\",\"@id\":\"https:\/\/fakomakine.com\/uc-yuzey-etiketleme\/\",\"url\":\"https:\/\/fakomakine.com\/uc-yuzey-etiketleme\/\",\"name\":\"\u00dc\u00e7 Y\u00fczey Etiketleme - Fako Etiketleme Sistemleri\",\"isPartOf\":{\"@id\":\"https:\/\/fakomakine.com\/#website\"},\"primaryImageOfPage\":{\"@id\":\"https:\/\/fakomakine.com\/uc-yuzey-etiketleme\/#primaryimage\"},\"image\":{\"@id\":\"https:\/\/fakomakine.com\/uc-yuzey-etiketleme\/#primaryimage\"},\"thumbnailUrl\":\"http:\/\/eturkan.com\/wp-content\/uploads\/2018\/05\/3dmdcn.jpg\",\"datePublished\":\"2018-05-30T11:10:06+00:00\",\"dateModified\":\"2025-09-22T18:23:30+00:00\",\"description\":\"Etiketleme \u00c7\u00f6z\u00fcmlerimiz, \u00dcst Y\u00fczey Etiketleme, \u00d6n ve Arka Y\u00fczey Etiketleme, Alt ve \u00dcst Y\u00fczey Etiketleme, Sarmal Etiketleme, Fonksiyonel Etiketleme, \u00dc\u00e7 Y\u00fczey Etiketleme\",\"breadcrumb\":{\"@id\":\"https:\/\/fakomakine.com\/uc-yuzey-etiketleme\/#breadcrumb\"},\"inLanguage\":\"en-GB\",\"potentialAction\":[{\"@type\":\"ReadAction\",\"target\":[\"https:\/\/fakomakine.com\/uc-yuzey-etiketleme\/\"]}]},{\"@type\":\"ImageObject\",\"inLanguage\":\"en-GB\",\"@id\":\"https:\/\/fakomakine.com\/uc-yuzey-etiketleme\/#primaryimage\",\"url\":\"http:\/\/eturkan.com\/wp-content\/uploads\/2018\/05\/3dmdcn.jpg\",\"contentUrl\":\"http:\/\/eturkan.com\/wp-content\/uploads\/2018\/05\/3dmdcn.jpg\"},{\"@type\":\"BreadcrumbList\",\"@id\":\"https:\/\/fakomakine.com\/uc-yuzey-etiketleme\/#breadcrumb\",\"itemListElement\":[{\"@type\":\"ListItem\",\"position\":1,\"name\":\"Ana sayfa\",\"item\":\"https:\/\/fakomakine.com\/\"},{\"@type\":\"ListItem\",\"position\":2,\"name\":\"\u00dc\u00e7 Y\u00fczey Etiketleme\"}]},{\"@type\":\"WebSite\",\"@id\":\"https:\/\/fakomakine.com\/#website\",\"url\":\"https:\/\/fakomakine.com\/\",\"name\":\"Fako Etiketleme Sistemleri\",\"description\":\"\u00d6n ve Arka Y\u00fczey Etiketleme\",\"publisher\":{\"@id\":\"https:\/\/fakomakine.com\/#organization\"},\"potentialAction\":[{\"@type\":\"SearchAction\",\"target\":{\"@type\":\"EntryPoint\",\"urlTemplate\":\"https:\/\/fakomakine.com\/?s={search_term_string}\"},\"query-input\":{\"@type\":\"PropertyValueSpecification\",\"valueRequired\":true,\"valueName\":\"search_term_string\"}}],\"inLanguage\":\"en-GB\"},{\"@type\":\"Organization\",\"@id\":\"https:\/\/fakomakine.com\/#organization\",\"name\":\"Fako Makine - Fako Etiketleme Sistemleri\",\"url\":\"https:\/\/fakomakine.com\/\",\"logo\":{\"@type\":\"ImageObject\",\"inLanguage\":\"en-GB\",\"@id\":\"https:\/\/fakomakine.com\/#\/schema\/logo\/image\/\",\"url\":\"https:\/\/fakomakine.com\/wp-content\/uploads\/2018\/07\/Fako-Etiketleme-Logo.png\",\"contentUrl\":\"https:\/\/fakomakine.com\/wp-content\/uploads\/2018\/07\/Fako-Etiketleme-Logo.png\",\"width\":924,\"height\":515,\"caption\":\"Fako Makine - Fako Etiketleme Sistemleri\"},\"image\":{\"@id\":\"https:\/\/fakomakine.com\/#\/schema\/logo\/image\/\"}}]}<\/script>\n<!-- \/ Yoast SEO plugin. -->","yoast_head_json":{"title":"\u00dc\u00e7 Y\u00fczey Etiketleme - Fako Etiketleme Sistemleri","description":"Etiketleme \u00c7\u00f6z\u00fcmlerimiz, \u00dcst Y\u00fczey Etiketleme, \u00d6n ve Arka Y\u00fczey Etiketleme, Alt ve \u00dcst Y\u00fczey Etiketleme, Sarmal Etiketleme, Fonksiyonel Etiketleme, \u00dc\u00e7 Y\u00fczey Etiketleme","robots":{"index":"index","follow":"follow","max-snippet":"max-snippet:-1","max-image-preview":"max-image-preview:large","max-video-preview":"max-video-preview:-1"},"canonical":"https:\/\/fakomakine.com\/en\/uc-yuzey-etiketleme\/","og_locale":"en_GB","og_type":"article","og_title":"\u00dc\u00e7 Y\u00fczey Etiketleme - Fako Etiketleme Sistemleri","og_description":"Etiketleme \u00c7\u00f6z\u00fcmlerimiz, \u00dcst Y\u00fczey Etiketleme, \u00d6n ve Arka Y\u00fczey Etiketleme, Alt ve \u00dcst Y\u00fczey Etiketleme, Sarmal Etiketleme, Fonksiyonel Etiketleme, \u00dc\u00e7 Y\u00fczey Etiketleme","og_url":"https:\/\/fakomakine.com\/en\/uc-yuzey-etiketleme\/","og_site_name":"Fako Etiketleme Sistemleri","article_modified_time":"2025-09-22T18:23:30+00:00","og_image":[{"url":"http:\/\/eturkan.com\/wp-content\/uploads\/2018\/05\/3dmdcn.jpg"}],"twitter_card":"summary_large_image","schema":{"@context":"https:\/\/schema.org","@graph":[{"@type":"WebPage","@id":"https:\/\/fakomakine.com\/uc-yuzey-etiketleme\/","url":"https:\/\/fakomakine.com\/uc-yuzey-etiketleme\/","name":"\u00dc\u00e7 Y\u00fczey Etiketleme - Fako Etiketleme Sistemleri","isPartOf":{"@id":"https:\/\/fakomakine.com\/#website"},"primaryImageOfPage":{"@id":"https:\/\/fakomakine.com\/uc-yuzey-etiketleme\/#primaryimage"},"image":{"@id":"https:\/\/fakomakine.com\/uc-yuzey-etiketleme\/#primaryimage"},"thumbnailUrl":"http:\/\/eturkan.com\/wp-content\/uploads\/2018\/05\/3dmdcn.jpg","datePublished":"2018-05-30T11:10:06+00:00","dateModified":"2025-09-22T18:23:30+00:00","description":"Etiketleme \u00c7\u00f6z\u00fcmlerimiz, \u00dcst Y\u00fczey Etiketleme, \u00d6n ve Arka Y\u00fczey Etiketleme, Alt ve \u00dcst Y\u00fczey Etiketleme, Sarmal Etiketleme, Fonksiyonel Etiketleme, \u00dc\u00e7 Y\u00fczey Etiketleme","breadcrumb":{"@id":"https:\/\/fakomakine.com\/uc-yuzey-etiketleme\/#breadcrumb"},"inLanguage":"en-GB","potentialAction":[{"@type":"ReadAction","target":["https:\/\/fakomakine.com\/uc-yuzey-etiketleme\/"]}]},{"@type":"ImageObject","inLanguage":"en-GB","@id":"https:\/\/fakomakine.com\/uc-yuzey-etiketleme\/#primaryimage","url":"http:\/\/eturkan.com\/wp-content\/uploads\/2018\/05\/3dmdcn.jpg","contentUrl":"http:\/\/eturkan.com\/wp-content\/uploads\/2018\/05\/3dmdcn.jpg"},{"@type":"BreadcrumbList","@id":"https:\/\/fakomakine.com\/uc-yuzey-etiketleme\/#breadcrumb","itemListElement":[{"@type":"ListItem","position":1,"name":"Ana sayfa","item":"https:\/\/fakomakine.com\/"},{"@type":"ListItem","position":2,"name":"\u00dc\u00e7 Y\u00fczey Etiketleme"}]},{"@type":"WebSite","@id":"https:\/\/fakomakine.com\/#website","url":"https:\/\/fakomakine.com\/","name":"Fako Etiketleme Sistemleri","description":"\u00d6n ve Arka Y\u00fczey Etiketleme","publisher":{"@id":"https:\/\/fakomakine.com\/#organization"},"potentialAction":[{"@type":"SearchAction","target":{"@type":"EntryPoint","urlTemplate":"https:\/\/fakomakine.com\/?s={search_term_string}"},"query-input":{"@type":"PropertyValueSpecification","valueRequired":true,"valueName":"search_term_string"}}],"inLanguage":"en-GB"},{"@type":"Organization","@id":"https:\/\/fakomakine.com\/#organization","name":"Fako Makine - Fako Etiketleme Sistemleri","url":"https:\/\/fakomakine.com\/","logo":{"@type":"ImageObject","inLanguage":"en-GB","@id":"https:\/\/fakomakine.com\/#\/schema\/logo\/image\/","url":"https:\/\/fakomakine.com\/wp-content\/uploads\/2018\/07\/Fako-Etiketleme-Logo.png","contentUrl":"https:\/\/fakomakine.com\/wp-content\/uploads\/2018\/07\/Fako-Etiketleme-Logo.png","width":924,"height":515,"caption":"Fako Makine - Fako Etiketleme Sistemleri"},"image":{"@id":"https:\/\/fakomakine.com\/#\/schema\/logo\/image\/"}}]}},"_links":{"self":[{"href":"https:\/\/fakomakine.com\/en\/wp-json\/wp\/v2\/pages\/244"}],"collection":[{"href":"https:\/\/fakomakine.com\/en\/wp-json\/wp\/v2\/pages"}],"about":[{"href":"https:\/\/fakomakine.com\/en\/wp-json\/wp\/v2\/types\/page"}],"author":[{"embeddable":true,"href":"https:\/\/fakomakine.com\/en\/wp-json\/wp\/v2\/users\/1"}],"replies":[{"embeddable":true,"href":"https:\/\/fakomakine.com\/en\/wp-json\/wp\/v2\/comments?post=244"}],"version-history":[{"count":13,"href":"https:\/\/fakomakine.com\/en\/wp-json\/wp\/v2\/pages\/244\/revisions"}],"predecessor-version":[{"id":1637,"href":"https:\/\/fakomakine.com\/en\/wp-json\/wp\/v2\/pages\/244\/revisions\/1637"}],"wp:attachment":[{"href":"https:\/\/fakomakine.com\/en\/wp-json\/wp\/v2\/media?parent=244"}],"curies":[{"name":"wp","href":"https:\/\/api.w.org\/{rel}","templated":true}]}}