{"id":229,"date":"2018-05-30T08:57:45","date_gmt":"2018-05-30T08:57:45","guid":{"rendered":"http:\/\/eturkan.com\/?page_id=229"},"modified":"2025-09-22T18:00:24","modified_gmt":"2025-09-22T18:00:24","slug":"etiketleme-modulleri","status":"publish","type":"page","link":"https:\/\/fakomakine.com\/en\/etiketleme-modulleri\/","title":{"rendered":"Labeling Modules"},"content":{"rendered":"<hr \/>\n<p style=\"text-align: center;\"><img fetchpriority=\"high\" decoding=\"async\" class=\"aligncenter wp-image-1615 size-medium\" src=\"https:\/\/fakomakine.com\/wp-content\/uploads\/2025\/09\/etiketleme-modulleri-300x300.jpg\" alt=\"\" width=\"300\" height=\"300\" srcset=\"https:\/\/fakomakine.com\/wp-content\/uploads\/2025\/09\/etiketleme-modulleri-300x300.jpg 300w, https:\/\/fakomakine.com\/wp-content\/uploads\/2025\/09\/etiketleme-modulleri-150x150.jpg 150w, https:\/\/fakomakine.com\/wp-content\/uploads\/2025\/09\/etiketleme-modulleri-768x768.jpg 768w, https:\/\/fakomakine.com\/wp-content\/uploads\/2025\/09\/etiketleme-modulleri-12x12.jpg 12w, https:\/\/fakomakine.com\/wp-content\/uploads\/2025\/09\/etiketleme-modulleri-230x230.jpg 230w, https:\/\/fakomakine.com\/wp-content\/uploads\/2025\/09\/etiketleme-modulleri-350x350.jpg 350w, https:\/\/fakomakine.com\/wp-content\/uploads\/2025\/09\/etiketleme-modulleri-480x480.jpg 480w, https:\/\/fakomakine.com\/wp-content\/uploads\/2025\/09\/etiketleme-modulleri.jpg 862w\" sizes=\"(max-width: 300px) 100vw, 300px\" \/><\/p>\n<p style=\"text-align: center;\">As Fako Labeling Systems, we produce multi-purpose labeling machines which are applicable by many different industries for all applications and requirements.<\/p>\n<p style=\"text-align: center;\">We prepare distinct solutions for your specific requirements such as labeling modules, applicators and complete machines. We offer a comprehensive range of services to ensure a long service time of our machines while maintaining work at full capacity. Services such as consultancy, direct education and long-distance support on labeling solutions are provided 24\/7.<\/p>\n<hr \/>\n<p><a href=\"http:\/\/fakomakine.com\/en\/bize-ulasin\/\"><img decoding=\"async\" class=\"aligncenter wp-image-610 lazyload\" data-src=\"http:\/\/eturkan.com\/wp-content\/uploads\/2018\/07\/bu.png\" alt=\"\" width=\"141\" height=\"38\" data-srcset=\"https:\/\/fakomakine.com\/wp-content\/uploads\/2018\/07\/bu.png 896w, https:\/\/fakomakine.com\/wp-content\/uploads\/2018\/07\/bu-300x81.png 300w, https:\/\/fakomakine.com\/wp-content\/uploads\/2018\/07\/bu-768x207.png 768w, https:\/\/fakomakine.com\/wp-content\/uploads\/2018\/07\/bu-640x172.png 640w, https:\/\/fakomakine.com\/wp-content\/uploads\/2018\/07\/bu-830x223.png 830w, https:\/\/fakomakine.com\/wp-content\/uploads\/2018\/07\/bu-230x62.png 230w, https:\/\/fakomakine.com\/wp-content\/uploads\/2018\/07\/bu-350x94.png 350w, https:\/\/fakomakine.com\/wp-content\/uploads\/2018\/07\/bu-480x129.png 480w\" data-sizes=\"(max-width: 141px) 100vw, 141px\" src=\"data:image\/svg+xml;base64,PHN2ZyB3aWR0aD0iMSIgaGVpZ2h0PSIxIiB4bWxucz0iaHR0cDovL3d3dy53My5vcmcvMjAwMC9zdmciPjwvc3ZnPg==\" style=\"--smush-placeholder-width: 141px; --smush-placeholder-aspect-ratio: 141\/38;\" \/><\/a><\/p>","protected":false},"excerpt":{"rendered":"<p>Fako Etiketleme Sistemleri olarak t\u00fcm uygulama ve ihtiya\u00e7lara y\u00f6nelik bir\u00e7ok farkl\u0131 end\u00fcstriye hitap eden \u00e7ok ama\u00e7l\u0131 etiketleme makineleri imal etmekteyiz. Etiketleme mod\u00fclleri, [&hellip;]<\/p>","protected":false},"author":1,"featured_media":0,"parent":0,"menu_order":0,"comment_status":"closed","ping_status":"closed","template":"page-templates\/page_fullwidth.php","meta":{"footnotes":""},"class_list":["post-229","page","type-page","status-publish","hentry"],"yoast_head":"<!-- This site is optimized with the Yoast SEO plugin v23.4 - https:\/\/yoast.com\/wordpress\/plugins\/seo\/ -->\n<title>Etiketleme Mod\u00fclleri - Fako Etiketleme Sistemleri<\/title>\n<meta name=\"description\" content=\"Etiketleme \u00c7\u00f6z\u00fcmlerimiz, \u00dcst Y\u00fczey Etiketleme, \u00d6n ve Arka Y\u00fczey Etiketleme, Alt ve \u00dcst Y\u00fczey Etiketleme, Sarmal Etiketleme, Fonksiyonel Etiketleme, \u00dc\u00e7 Y\u00fczey Etiketleme\" \/>\n<meta name=\"robots\" content=\"index, follow, max-snippet:-1, max-image-preview:large, max-video-preview:-1\" \/>\n<link rel=\"canonical\" href=\"https:\/\/fakomakine.com\/en\/etiketleme-modulleri\/\" \/>\n<meta property=\"og:locale\" content=\"en_GB\" \/>\n<meta property=\"og:type\" content=\"article\" \/>\n<meta property=\"og:title\" content=\"Etiketleme Mod\u00fclleri - Fako Etiketleme Sistemleri\" \/>\n<meta property=\"og:description\" content=\"Etiketleme \u00c7\u00f6z\u00fcmlerimiz, \u00dcst Y\u00fczey Etiketleme, \u00d6n ve Arka Y\u00fczey Etiketleme, Alt ve \u00dcst Y\u00fczey Etiketleme, Sarmal Etiketleme, Fonksiyonel Etiketleme, \u00dc\u00e7 Y\u00fczey Etiketleme\" \/>\n<meta property=\"og:url\" content=\"https:\/\/fakomakine.com\/en\/etiketleme-modulleri\/\" \/>\n<meta property=\"og:site_name\" content=\"Fako Etiketleme Sistemleri\" \/>\n<meta property=\"article:modified_time\" content=\"2025-09-22T18:00:24+00:00\" \/>\n<meta property=\"og:image\" content=\"https:\/\/fakomakine.com\/wp-content\/uploads\/2025\/09\/etiketleme-modulleri-300x300.jpg\" \/>\n<meta name=\"twitter:card\" content=\"summary_large_image\" \/>\n<script type=\"application\/ld+json\" class=\"yoast-schema-graph\">{\"@context\":\"https:\/\/schema.org\",\"@graph\":[{\"@type\":\"WebPage\",\"@id\":\"https:\/\/fakomakine.com\/etiketleme-modulleri\/\",\"url\":\"https:\/\/fakomakine.com\/etiketleme-modulleri\/\",\"name\":\"Etiketleme Mod\u00fclleri - Fako Etiketleme Sistemleri\",\"isPartOf\":{\"@id\":\"https:\/\/fakomakine.com\/#website\"},\"primaryImageOfPage\":{\"@id\":\"https:\/\/fakomakine.com\/etiketleme-modulleri\/#primaryimage\"},\"image\":{\"@id\":\"https:\/\/fakomakine.com\/etiketleme-modulleri\/#primaryimage\"},\"thumbnailUrl\":\"https:\/\/fakomakine.com\/wp-content\/uploads\/2025\/09\/etiketleme-modulleri-300x300.jpg\",\"datePublished\":\"2018-05-30T08:57:45+00:00\",\"dateModified\":\"2025-09-22T18:00:24+00:00\",\"description\":\"Etiketleme \u00c7\u00f6z\u00fcmlerimiz, \u00dcst Y\u00fczey Etiketleme, \u00d6n ve Arka Y\u00fczey Etiketleme, Alt ve \u00dcst Y\u00fczey Etiketleme, Sarmal Etiketleme, Fonksiyonel Etiketleme, \u00dc\u00e7 Y\u00fczey Etiketleme\",\"breadcrumb\":{\"@id\":\"https:\/\/fakomakine.com\/etiketleme-modulleri\/#breadcrumb\"},\"inLanguage\":\"en-GB\",\"potentialAction\":[{\"@type\":\"ReadAction\",\"target\":[\"https:\/\/fakomakine.com\/etiketleme-modulleri\/\"]}]},{\"@type\":\"ImageObject\",\"inLanguage\":\"en-GB\",\"@id\":\"https:\/\/fakomakine.com\/etiketleme-modulleri\/#primaryimage\",\"url\":\"https:\/\/fakomakine.com\/wp-content\/uploads\/2025\/09\/etiketleme-modulleri-300x300.jpg\",\"contentUrl\":\"https:\/\/fakomakine.com\/wp-content\/uploads\/2025\/09\/etiketleme-modulleri-300x300.jpg\"},{\"@type\":\"BreadcrumbList\",\"@id\":\"https:\/\/fakomakine.com\/etiketleme-modulleri\/#breadcrumb\",\"itemListElement\":[{\"@type\":\"ListItem\",\"position\":1,\"name\":\"Ana sayfa\",\"item\":\"https:\/\/fakomakine.com\/\"},{\"@type\":\"ListItem\",\"position\":2,\"name\":\"Etiketleme Mod\u00fclleri\"}]},{\"@type\":\"WebSite\",\"@id\":\"https:\/\/fakomakine.com\/#website\",\"url\":\"https:\/\/fakomakine.com\/\",\"name\":\"Fako Etiketleme Sistemleri\",\"description\":\"\u00d6n ve Arka Y\u00fczey Etiketleme\",\"publisher\":{\"@id\":\"https:\/\/fakomakine.com\/#organization\"},\"potentialAction\":[{\"@type\":\"SearchAction\",\"target\":{\"@type\":\"EntryPoint\",\"urlTemplate\":\"https:\/\/fakomakine.com\/?s={search_term_string}\"},\"query-input\":{\"@type\":\"PropertyValueSpecification\",\"valueRequired\":true,\"valueName\":\"search_term_string\"}}],\"inLanguage\":\"en-GB\"},{\"@type\":\"Organization\",\"@id\":\"https:\/\/fakomakine.com\/#organization\",\"name\":\"Fako Makine - Fako Etiketleme Sistemleri\",\"url\":\"https:\/\/fakomakine.com\/\",\"logo\":{\"@type\":\"ImageObject\",\"inLanguage\":\"en-GB\",\"@id\":\"https:\/\/fakomakine.com\/#\/schema\/logo\/image\/\",\"url\":\"https:\/\/fakomakine.com\/wp-content\/uploads\/2018\/07\/Fako-Etiketleme-Logo.png\",\"contentUrl\":\"https:\/\/fakomakine.com\/wp-content\/uploads\/2018\/07\/Fako-Etiketleme-Logo.png\",\"width\":924,\"height\":515,\"caption\":\"Fako Makine - Fako Etiketleme Sistemleri\"},\"image\":{\"@id\":\"https:\/\/fakomakine.com\/#\/schema\/logo\/image\/\"}}]}<\/script>\n<!-- \/ Yoast SEO plugin. -->","yoast_head_json":{"title":"Etiketleme Mod\u00fclleri - Fako Etiketleme Sistemleri","description":"Etiketleme \u00c7\u00f6z\u00fcmlerimiz, \u00dcst Y\u00fczey Etiketleme, \u00d6n ve Arka Y\u00fczey Etiketleme, Alt ve \u00dcst Y\u00fczey Etiketleme, Sarmal Etiketleme, Fonksiyonel Etiketleme, \u00dc\u00e7 Y\u00fczey Etiketleme","robots":{"index":"index","follow":"follow","max-snippet":"max-snippet:-1","max-image-preview":"max-image-preview:large","max-video-preview":"max-video-preview:-1"},"canonical":"https:\/\/fakomakine.com\/en\/etiketleme-modulleri\/","og_locale":"en_GB","og_type":"article","og_title":"Etiketleme Mod\u00fclleri - Fako Etiketleme Sistemleri","og_description":"Etiketleme \u00c7\u00f6z\u00fcmlerimiz, \u00dcst Y\u00fczey Etiketleme, \u00d6n ve Arka Y\u00fczey Etiketleme, Alt ve \u00dcst Y\u00fczey Etiketleme, Sarmal Etiketleme, Fonksiyonel Etiketleme, \u00dc\u00e7 Y\u00fczey Etiketleme","og_url":"https:\/\/fakomakine.com\/en\/etiketleme-modulleri\/","og_site_name":"Fako Etiketleme Sistemleri","article_modified_time":"2025-09-22T18:00:24+00:00","og_image":[{"url":"https:\/\/fakomakine.com\/wp-content\/uploads\/2025\/09\/etiketleme-modulleri-300x300.jpg"}],"twitter_card":"summary_large_image","schema":{"@context":"https:\/\/schema.org","@graph":[{"@type":"WebPage","@id":"https:\/\/fakomakine.com\/etiketleme-modulleri\/","url":"https:\/\/fakomakine.com\/etiketleme-modulleri\/","name":"Etiketleme Mod\u00fclleri - Fako Etiketleme Sistemleri","isPartOf":{"@id":"https:\/\/fakomakine.com\/#website"},"primaryImageOfPage":{"@id":"https:\/\/fakomakine.com\/etiketleme-modulleri\/#primaryimage"},"image":{"@id":"https:\/\/fakomakine.com\/etiketleme-modulleri\/#primaryimage"},"thumbnailUrl":"https:\/\/fakomakine.com\/wp-content\/uploads\/2025\/09\/etiketleme-modulleri-300x300.jpg","datePublished":"2018-05-30T08:57:45+00:00","dateModified":"2025-09-22T18:00:24+00:00","description":"Etiketleme \u00c7\u00f6z\u00fcmlerimiz, \u00dcst Y\u00fczey Etiketleme, \u00d6n ve Arka Y\u00fczey Etiketleme, Alt ve \u00dcst Y\u00fczey Etiketleme, Sarmal Etiketleme, Fonksiyonel Etiketleme, \u00dc\u00e7 Y\u00fczey Etiketleme","breadcrumb":{"@id":"https:\/\/fakomakine.com\/etiketleme-modulleri\/#breadcrumb"},"inLanguage":"en-GB","potentialAction":[{"@type":"ReadAction","target":["https:\/\/fakomakine.com\/etiketleme-modulleri\/"]}]},{"@type":"ImageObject","inLanguage":"en-GB","@id":"https:\/\/fakomakine.com\/etiketleme-modulleri\/#primaryimage","url":"https:\/\/fakomakine.com\/wp-content\/uploads\/2025\/09\/etiketleme-modulleri-300x300.jpg","contentUrl":"https:\/\/fakomakine.com\/wp-content\/uploads\/2025\/09\/etiketleme-modulleri-300x300.jpg"},{"@type":"BreadcrumbList","@id":"https:\/\/fakomakine.com\/etiketleme-modulleri\/#breadcrumb","itemListElement":[{"@type":"ListItem","position":1,"name":"Ana sayfa","item":"https:\/\/fakomakine.com\/"},{"@type":"ListItem","position":2,"name":"Etiketleme Mod\u00fclleri"}]},{"@type":"WebSite","@id":"https:\/\/fakomakine.com\/#website","url":"https:\/\/fakomakine.com\/","name":"Fako Etiketleme Sistemleri","description":"\u00d6n ve Arka Y\u00fczey Etiketleme","publisher":{"@id":"https:\/\/fakomakine.com\/#organization"},"potentialAction":[{"@type":"SearchAction","target":{"@type":"EntryPoint","urlTemplate":"https:\/\/fakomakine.com\/?s={search_term_string}"},"query-input":{"@type":"PropertyValueSpecification","valueRequired":true,"valueName":"search_term_string"}}],"inLanguage":"en-GB"},{"@type":"Organization","@id":"https:\/\/fakomakine.com\/#organization","name":"Fako Makine - Fako Etiketleme Sistemleri","url":"https:\/\/fakomakine.com\/","logo":{"@type":"ImageObject","inLanguage":"en-GB","@id":"https:\/\/fakomakine.com\/#\/schema\/logo\/image\/","url":"https:\/\/fakomakine.com\/wp-content\/uploads\/2018\/07\/Fako-Etiketleme-Logo.png","contentUrl":"https:\/\/fakomakine.com\/wp-content\/uploads\/2018\/07\/Fako-Etiketleme-Logo.png","width":924,"height":515,"caption":"Fako Makine - Fako Etiketleme Sistemleri"},"image":{"@id":"https:\/\/fakomakine.com\/#\/schema\/logo\/image\/"}}]}},"_links":{"self":[{"href":"https:\/\/fakomakine.com\/en\/wp-json\/wp\/v2\/pages\/229"}],"collection":[{"href":"https:\/\/fakomakine.com\/en\/wp-json\/wp\/v2\/pages"}],"about":[{"href":"https:\/\/fakomakine.com\/en\/wp-json\/wp\/v2\/types\/page"}],"author":[{"embeddable":true,"href":"https:\/\/fakomakine.com\/en\/wp-json\/wp\/v2\/users\/1"}],"replies":[{"embeddable":true,"href":"https:\/\/fakomakine.com\/en\/wp-json\/wp\/v2\/comments?post=229"}],"version-history":[{"count":14,"href":"https:\/\/fakomakine.com\/en\/wp-json\/wp\/v2\/pages\/229\/revisions"}],"predecessor-version":[{"id":1616,"href":"https:\/\/fakomakine.com\/en\/wp-json\/wp\/v2\/pages\/229\/revisions\/1616"}],"wp:attachment":[{"href":"https:\/\/fakomakine.com\/en\/wp-json\/wp\/v2\/media?parent=229"}],"curies":[{"name":"wp","href":"https:\/\/api.w.org\/{rel}","templated":true}]}}