{"id":212,"date":"2018-05-30T08:34:52","date_gmt":"2018-05-30T08:34:52","guid":{"rendered":"http:\/\/eturkan.com\/?page_id=212"},"modified":"2020-01-16T09:47:26","modified_gmt":"2020-01-16T09:47:26","slug":"cozumler","status":"publish","type":"page","link":"https:\/\/fakomakine.com\/en\/cozumler\/","title":{"rendered":"Solutions"},"content":{"rendered":"<div data-elementor-type=\"wp-page\" data-elementor-id=\"212\" class=\"elementor elementor-212 elementor-bc-flex-widget\">\n\t\t\t\t\t\t<section class=\"elementor-section elementor-top-section elementor-element elementor-element-e3d43e5 elementor-section-height-min-height elementor-section-items-top elementor-section-content-top elementor-section-boxed elementor-section-height-default\" data-id=\"e3d43e5\" data-element_type=\"section\">\n\t\t\t\t\t\t<div class=\"elementor-container elementor-column-gap-default\">\n\t\t\t\t\t<div class=\"elementor-column elementor-col-100 elementor-top-column elementor-element elementor-element-293f6dd\" data-id=\"293f6dd\" data-element_type=\"column\">\n\t\t\t<div class=\"elementor-widget-wrap elementor-element-populated\">\n\t\t\t\t\t\t<div class=\"elementor-element elementor-element-77c718b elementor-widget elementor-widget-text-editor\" data-id=\"77c718b\" data-element_type=\"widget\" data-widget_type=\"text-editor.default\">\n\t\t\t\t<div class=\"elementor-widget-container\">\n\t\t\t\t\t\t\t\t\t<hr \/><p>\u00a0<\/p>\t\t\t\t\t\t\t\t<\/div>\n\t\t\t\t<\/div>\n\t\t\t\t\t<\/div>\n\t\t<\/div>\n\t\t\t\t\t<\/div>\n\t\t<\/section>\n\t\t\t\t<section class=\"elementor-section elementor-top-section elementor-element elementor-element-27e92a5 elementor-section-boxed elementor-section-height-default elementor-section-height-default\" data-id=\"27e92a5\" data-element_type=\"section\">\n\t\t\t\t\t\t<div class=\"elementor-container elementor-column-gap-default\">\n\t\t\t\t\t<div class=\"elementor-column elementor-col-100 elementor-top-column elementor-element elementor-element-95a6b5c\" data-id=\"95a6b5c\" data-element_type=\"column\" data-settings=\"{&quot;background_background&quot;:&quot;classic&quot;}\">\n\t\t\t<div class=\"elementor-widget-wrap elementor-element-populated\">\n\t\t\t\t\t\t<div class=\"elementor-section elementor-inner-section elementor-element elementor-element-85a3721 elementor-section-height-min-height elementor-section-content-middle elementor-section-full_width elementor-section-height-default elementor-invisible\" data-id=\"85a3721\" data-element_type=\"section\" data-settings=\"{&quot;animation&quot;:&quot;fadeIn&quot;}\">\n\t\t\t\t\t\t<div class=\"elementor-container elementor-column-gap-default\">\n\t\t\t\t\t<div class=\"elementor-column elementor-col-20 elementor-inner-column elementor-element elementor-element-d453a63\" data-id=\"d453a63\" data-element_type=\"column\" data-settings=\"{&quot;background_background&quot;:&quot;classic&quot;}\">\n\t\t\t<div class=\"elementor-widget-wrap elementor-element-populated\">\n\t\t\t\t\t\t<div class=\"elementor-element elementor-element-2a399fe elementor-widget elementor-widget-image\" data-id=\"2a399fe\" data-element_type=\"widget\" data-widget_type=\"image.default\">\n\t\t\t\t<div class=\"elementor-widget-container\">\n\t\t\t\t\t\t\t\t\t\t\t\t\t\t\t\t<a href=\"http:\/\/fakomakine.com\/en\/etiketleme-modulleri\/\">\n\t\t\t\t\t\t\t<img decoding=\"async\" data-src=\"https:\/\/fakomakine.com\/wp-content\/uploads\/elementor\/thumbs\/Mod\u00fcl-nsyugahyrelgbhod2celex7rs1d1wnjw0dfr8slxow.jpg\" title=\"\" alt=\"\" class=\"elementor-animation-shrink lazyload\" src=\"data:image\/svg+xml;base64,PHN2ZyB3aWR0aD0iMSIgaGVpZ2h0PSIxIiB4bWxucz0iaHR0cDovL3d3dy53My5vcmcvMjAwMC9zdmciPjwvc3ZnPg==\" style=\"--smush-placeholder-width: 200px; --smush-placeholder-aspect-ratio: 200\/200;\" \/>\t\t\t\t\t\t\t\t<\/a>\n\t\t\t\t\t\t\t\t\t\t\t\t\t\t\t<\/div>\n\t\t\t\t<\/div>\n\t\t\t\t\t<\/div>\n\t\t<\/div>\n\t\t\t\t<div class=\"elementor-column elementor-col-20 elementor-inner-column elementor-element elementor-element-42353cd\" data-id=\"42353cd\" data-element_type=\"column\" data-settings=\"{&quot;background_background&quot;:&quot;classic&quot;}\">\n\t\t\t<div class=\"elementor-widget-wrap elementor-element-populated\">\n\t\t\t\t\t\t<div class=\"elementor-element elementor-element-2b1e7ed elementor-widget elementor-widget-image\" data-id=\"2b1e7ed\" data-element_type=\"widget\" data-widget_type=\"image.default\">\n\t\t\t\t<div class=\"elementor-widget-container\">\n\t\t\t\t\t\t\t\t\t\t\t\t\t\t\t\t<a href=\"http:\/\/fakomakine.com\/en\/komple-etiketleme-makineleri\/\">\n\t\t\t\t\t\t\t<img fetchpriority=\"high\" decoding=\"async\" width=\"300\" height=\"300\" src=\"https:\/\/fakomakine.com\/wp-content\/uploads\/2018\/07\/FK-DS-300x300.jpg\" class=\"elementor-animation-shrink attachment-medium size-medium wp-image-988\" alt=\"\" srcset=\"https:\/\/fakomakine.com\/wp-content\/uploads\/2018\/07\/FK-DS-300x300.jpg 300w, https:\/\/fakomakine.com\/wp-content\/uploads\/2018\/07\/FK-DS-150x150.jpg 150w, https:\/\/fakomakine.com\/wp-content\/uploads\/2018\/07\/FK-DS-768x768.jpg 768w, https:\/\/fakomakine.com\/wp-content\/uploads\/2018\/07\/FK-DS-1024x1024.jpg 1024w, https:\/\/fakomakine.com\/wp-content\/uploads\/2018\/07\/FK-DS-830x830.jpg 830w, https:\/\/fakomakine.com\/wp-content\/uploads\/2018\/07\/FK-DS-230x230.jpg 230w, https:\/\/fakomakine.com\/wp-content\/uploads\/2018\/07\/FK-DS-350x350.jpg 350w, https:\/\/fakomakine.com\/wp-content\/uploads\/2018\/07\/FK-DS-480x480.jpg 480w, https:\/\/fakomakine.com\/wp-content\/uploads\/2018\/07\/FK-DS.jpg 1050w\" sizes=\"(max-width: 300px) 100vw, 300px\" \/>\t\t\t\t\t\t\t\t<\/a>\n\t\t\t\t\t\t\t\t\t\t\t\t\t\t\t<\/div>\n\t\t\t\t<\/div>\n\t\t\t\t\t<\/div>\n\t\t<\/div>\n\t\t\t\t<div class=\"elementor-column elementor-col-20 elementor-inner-column elementor-element elementor-element-9fa8005\" data-id=\"9fa8005\" data-element_type=\"column\" data-settings=\"{&quot;background_background&quot;:&quot;classic&quot;}\">\n\t\t\t<div class=\"elementor-widget-wrap elementor-element-populated\">\n\t\t\t\t\t\t<div class=\"elementor-element elementor-element-d8bb9c7 elementor-widget elementor-widget-image\" data-id=\"d8bb9c7\" data-element_type=\"widget\" data-widget_type=\"image.default\">\n\t\t\t\t<div class=\"elementor-widget-container\">\n\t\t\t\t\t\t\t\t\t\t\t\t\t\t\t\t<a href=\"http:\/\/fakomakine.com\/en\/sleeve-sistemleri\/\">\n\t\t\t\t\t\t\t<img decoding=\"async\" width=\"300\" height=\"195\" data-src=\"https:\/\/fakomakine.com\/wp-content\/uploads\/2018\/07\/MPI400-with-steam-conveyor-300x195.jpg\" class=\"elementor-animation-shrink attachment-medium size-medium wp-image-1172 lazyload\" alt=\"\" data-srcset=\"https:\/\/fakomakine.com\/wp-content\/uploads\/2018\/07\/MPI400-with-steam-conveyor-300x195.jpg 300w, https:\/\/fakomakine.com\/wp-content\/uploads\/2018\/07\/MPI400-with-steam-conveyor-768x500.jpg 768w, https:\/\/fakomakine.com\/wp-content\/uploads\/2018\/07\/MPI400-with-steam-conveyor-1024x666.jpg 1024w, https:\/\/fakomakine.com\/wp-content\/uploads\/2018\/07\/MPI400-with-steam-conveyor-830x540.jpg 830w, https:\/\/fakomakine.com\/wp-content\/uploads\/2018\/07\/MPI400-with-steam-conveyor-230x150.jpg 230w, https:\/\/fakomakine.com\/wp-content\/uploads\/2018\/07\/MPI400-with-steam-conveyor-350x228.jpg 350w, https:\/\/fakomakine.com\/wp-content\/uploads\/2018\/07\/MPI400-with-steam-conveyor-480x312.jpg 480w, https:\/\/fakomakine.com\/wp-content\/uploads\/2018\/07\/MPI400-with-steam-conveyor.jpg 1134w\" data-sizes=\"(max-width: 300px) 100vw, 300px\" src=\"data:image\/svg+xml;base64,PHN2ZyB3aWR0aD0iMSIgaGVpZ2h0PSIxIiB4bWxucz0iaHR0cDovL3d3dy53My5vcmcvMjAwMC9zdmciPjwvc3ZnPg==\" style=\"--smush-placeholder-width: 300px; --smush-placeholder-aspect-ratio: 300\/195;\" \/>\t\t\t\t\t\t\t\t<\/a>\n\t\t\t\t\t\t\t\t\t\t\t\t\t\t\t<\/div>\n\t\t\t\t<\/div>\n\t\t\t\t\t<\/div>\n\t\t<\/div>\n\t\t\t\t<div class=\"elementor-column elementor-col-20 elementor-inner-column elementor-element elementor-element-70c86d6\" data-id=\"70c86d6\" data-element_type=\"column\" data-settings=\"{&quot;background_background&quot;:&quot;classic&quot;}\">\n\t\t\t<div class=\"elementor-widget-wrap elementor-element-populated\">\n\t\t\t\t\t\t<div class=\"elementor-element elementor-element-94db0e5 elementor-widget elementor-widget-image\" data-id=\"94db0e5\" data-element_type=\"widget\" data-widget_type=\"image.default\">\n\t\t\t\t<div class=\"elementor-widget-container\">\n\t\t\t\t\t\t\t\t\t\t\t\t\t\t\t\t<a href=\"http:\/\/fakomakine.com\/en\/yaz-yapistir-sistemleri\/\">\n\t\t\t\t\t\t\t<img decoding=\"async\" data-src=\"https:\/\/fakomakine.com\/wp-content\/uploads\/elementor\/thumbs\/S86-ex_LH-Hi-Res-nsyuqx2a0z55ks8o0frr3qodjuzfxgqn4yydkeupcg.jpg\" title=\"\" alt=\"\" class=\"elementor-animation-shrink lazyload\" src=\"data:image\/svg+xml;base64,PHN2ZyB3aWR0aD0iMSIgaGVpZ2h0PSIxIiB4bWxucz0iaHR0cDovL3d3dy53My5vcmcvMjAwMC9zdmciPjwvc3ZnPg==\" style=\"--smush-placeholder-width: 200px; --smush-placeholder-aspect-ratio: 200\/200;\" \/>\t\t\t\t\t\t\t\t<\/a>\n\t\t\t\t\t\t\t\t\t\t\t\t\t\t\t<\/div>\n\t\t\t\t<\/div>\n\t\t\t\t\t<\/div>\n\t\t<\/div>\n\t\t\t\t<div class=\"elementor-column elementor-col-20 elementor-inner-column elementor-element elementor-element-76b8ca7\" data-id=\"76b8ca7\" data-element_type=\"column\" data-settings=\"{&quot;background_background&quot;:&quot;classic&quot;}\">\n\t\t\t<div class=\"elementor-widget-wrap elementor-element-populated\">\n\t\t\t\t\t\t<div class=\"elementor-element elementor-element-c2f29d2 elementor-widget elementor-widget-image\" data-id=\"c2f29d2\" data-element_type=\"widget\" data-widget_type=\"image.default\">\n\t\t\t\t<div class=\"elementor-widget-container\">\n\t\t\t\t\t\t\t\t\t\t\t\t\t\t\t\t<a href=\"http:\/\/fakomakine.com\/en\/etiketler\/\">\n\t\t\t\t\t\t\t<img decoding=\"async\" width=\"300\" height=\"185\" data-src=\"https:\/\/fakomakine.com\/wp-content\/uploads\/2018\/05\/Professional-pharmaceutical-medicine-packaging-bottle-labels-300x185.jpg\" class=\"elementor-animation-shrink attachment-medium size-medium wp-image-227 lazyload\" alt=\"\" data-srcset=\"https:\/\/fakomakine.com\/wp-content\/uploads\/2018\/05\/Professional-pharmaceutical-medicine-packaging-bottle-labels-300x185.jpg 300w, https:\/\/fakomakine.com\/wp-content\/uploads\/2018\/05\/Professional-pharmaceutical-medicine-packaging-bottle-labels-768x474.jpg 768w, https:\/\/fakomakine.com\/wp-content\/uploads\/2018\/05\/Professional-pharmaceutical-medicine-packaging-bottle-labels.jpg 936w\" data-sizes=\"(max-width: 300px) 100vw, 300px\" src=\"data:image\/svg+xml;base64,PHN2ZyB3aWR0aD0iMSIgaGVpZ2h0PSIxIiB4bWxucz0iaHR0cDovL3d3dy53My5vcmcvMjAwMC9zdmciPjwvc3ZnPg==\" style=\"--smush-placeholder-width: 300px; --smush-placeholder-aspect-ratio: 300\/185;\" \/>\t\t\t\t\t\t\t\t<\/a>\n\t\t\t\t\t\t\t\t\t\t\t\t\t\t\t<\/div>\n\t\t\t\t<\/div>\n\t\t\t\t\t<\/div>\n\t\t<\/div>\n\t\t\t\t\t<\/div>\n\t\t<\/div>\n\t\t\t\t<div class=\"elementor-section elementor-inner-section elementor-element elementor-element-f5983de elementor-section-height-min-height elementor-section-content-middle elementor-section-boxed elementor-section-height-default\" data-id=\"f5983de\" data-element_type=\"section\">\n\t\t\t\t\t\t<div class=\"elementor-container elementor-column-gap-wide\">\n\t\t\t\t\t<div class=\"elementor-column elementor-col-20 elementor-inner-column elementor-element elementor-element-ae3dde1\" data-id=\"ae3dde1\" data-element_type=\"column\">\n\t\t\t<div class=\"elementor-widget-wrap elementor-element-populated\">\n\t\t\t\t\t\t<div class=\"elementor-element elementor-element-42f09fa elementor-widget elementor-widget-heading\" data-id=\"42f09fa\" data-element_type=\"widget\" data-widget_type=\"heading.default\">\n\t\t\t\t<div class=\"elementor-widget-container\">\n\t\t\t\t\t<h2 class=\"elementor-heading-title elementor-size-medium translation-block\">Labeling Modules<\/h2>\t\t\t\t<\/div>\n\t\t\t\t<\/div>\n\t\t\t\t\t<\/div>\n\t\t<\/div>\n\t\t\t\t<div class=\"elementor-column elementor-col-20 elementor-inner-column elementor-element elementor-element-89bd0c1\" data-id=\"89bd0c1\" data-element_type=\"column\">\n\t\t\t<div class=\"elementor-widget-wrap elementor-element-populated\">\n\t\t\t\t\t\t<div class=\"elementor-element elementor-element-b929066 elementor-widget elementor-widget-heading\" data-id=\"b929066\" data-element_type=\"widget\" data-widget_type=\"heading.default\">\n\t\t\t\t<div class=\"elementor-widget-container\">\n\t\t\t\t\t<h2 class=\"elementor-heading-title elementor-size-medium translation-block\">Complete Labeling Machines<\/h2>\t\t\t\t<\/div>\n\t\t\t\t<\/div>\n\t\t\t\t\t<\/div>\n\t\t<\/div>\n\t\t\t\t<div class=\"elementor-column elementor-col-20 elementor-inner-column elementor-element elementor-element-98dc3d8\" data-id=\"98dc3d8\" data-element_type=\"column\">\n\t\t\t<div class=\"elementor-widget-wrap elementor-element-populated\">\n\t\t\t\t\t\t<div class=\"elementor-element elementor-element-a09022d elementor-widget elementor-widget-heading\" data-id=\"a09022d\" data-element_type=\"widget\" data-widget_type=\"heading.default\">\n\t\t\t\t<div class=\"elementor-widget-container\">\n\t\t\t\t\t<h2 class=\"elementor-heading-title elementor-size-medium translation-block\">Sleeve Systems<\/h2>\t\t\t\t<\/div>\n\t\t\t\t<\/div>\n\t\t\t\t\t<\/div>\n\t\t<\/div>\n\t\t\t\t<div class=\"elementor-column elementor-col-20 elementor-inner-column elementor-element elementor-element-7c0f0ed\" data-id=\"7c0f0ed\" data-element_type=\"column\">\n\t\t\t<div class=\"elementor-widget-wrap elementor-element-populated\">\n\t\t\t\t\t\t<div class=\"elementor-element elementor-element-16f8c42 elementor-widget elementor-widget-heading\" data-id=\"16f8c42\" data-element_type=\"widget\" data-widget_type=\"heading.default\">\n\t\t\t\t<div class=\"elementor-widget-container\">\n\t\t\t\t\t<h2 class=\"elementor-heading-title elementor-size-medium translation-block\">Print-Apply Systems<\/h2>\t\t\t\t<\/div>\n\t\t\t\t<\/div>\n\t\t\t\t\t<\/div>\n\t\t<\/div>\n\t\t\t\t<div class=\"elementor-column elementor-col-20 elementor-inner-column elementor-element elementor-element-c67e909\" data-id=\"c67e909\" data-element_type=\"column\">\n\t\t\t<div class=\"elementor-widget-wrap elementor-element-populated\">\n\t\t\t\t\t\t<div class=\"elementor-element elementor-element-230169b elementor-widget elementor-widget-heading\" data-id=\"230169b\" data-element_type=\"widget\" data-widget_type=\"heading.default\">\n\t\t\t\t<div class=\"elementor-widget-container\">\n\t\t\t\t\t<h2 class=\"elementor-heading-title elementor-size-medium\"><a href=\"http:\/\/fakomakine.com\/en\/etiketler\/\">Labels<\/a><\/h2>\t\t\t\t<\/div>\n\t\t\t\t<\/div>\n\t\t\t\t\t<\/div>\n\t\t<\/div>\n\t\t\t\t\t<\/div>\n\t\t<\/div>\n\t\t\t\t\t<\/div>\n\t\t<\/div>\n\t\t\t\t\t<\/div>\n\t\t<\/section>\n\t\t\t\t<section class=\"elementor-section elementor-top-section elementor-element elementor-element-247bf31 elementor-section-boxed elementor-section-height-default elementor-section-height-default\" data-id=\"247bf31\" data-element_type=\"section\">\n\t\t\t\t\t\t<div class=\"elementor-container elementor-column-gap-default\">\n\t\t\t\t\t<div class=\"elementor-column elementor-col-100 elementor-top-column elementor-element elementor-element-d84d5d8\" data-id=\"d84d5d8\" data-element_type=\"column\">\n\t\t\t<div class=\"elementor-widget-wrap elementor-element-populated\">\n\t\t\t\t\t\t<div class=\"elementor-element elementor-element-5ab11d4 elementor-widget elementor-widget-text-editor\" data-id=\"5ab11d4\" data-element_type=\"widget\" data-widget_type=\"text-editor.default\">\n\t\t\t\t<div class=\"elementor-widget-container\">\n\t\t\t\t\t\t\t\t\t<hr \/><p>\u00a0<\/p>\t\t\t\t\t\t\t\t<\/div>\n\t\t\t\t<\/div>\n\t\t\t\t\t<\/div>\n\t\t<\/div>\n\t\t\t\t\t<\/div>\n\t\t<\/section>\n\t\t\t\t<\/div>","protected":false},"excerpt":{"rendered":"<p>Etiketleme Mod\u00fclleri Komple Etiketleme Makineleri Sleeve Sistemleri Yaz &#8211; Yap\u0131\u015ft\u0131r Sistemleri Etiketler<\/p>","protected":false},"author":1,"featured_media":0,"parent":0,"menu_order":0,"comment_status":"closed","ping_status":"closed","template":"page-templates\/page_fullwidth.php","meta":{"footnotes":""},"class_list":["post-212","page","type-page","status-publish","hentry"],"yoast_head":"<!-- This site is optimized with the Yoast SEO plugin v23.4 - https:\/\/yoast.com\/wordpress\/plugins\/seo\/ -->\n<title>\u00c7\u00f6z\u00fcmler - Fako Etiketleme Sistemleri<\/title>\n<meta name=\"description\" content=\"Etiketleme \u00c7\u00f6z\u00fcmlerimiz, \u00dcst Y\u00fczey Etiketleme, \u00d6n ve Arka Y\u00fczey Etiketleme, Alt ve \u00dcst Y\u00fczey Etiketleme, Sarmal Etiketleme, Fonksiyonel Etiketleme, \u00dc\u00e7 Y\u00fczey Etiketleme\" \/>\n<meta name=\"robots\" content=\"index, follow, max-snippet:-1, max-image-preview:large, max-video-preview:-1\" \/>\n<link rel=\"canonical\" href=\"https:\/\/fakomakine.com\/en\/cozumler\/\" \/>\n<meta property=\"og:locale\" content=\"en_GB\" \/>\n<meta property=\"og:type\" content=\"article\" \/>\n<meta property=\"og:title\" content=\"\u00c7\u00f6z\u00fcmler - Fako Etiketleme Sistemleri\" \/>\n<meta property=\"og:description\" content=\"Etiketleme \u00c7\u00f6z\u00fcmlerimiz, \u00dcst Y\u00fczey Etiketleme, \u00d6n ve Arka Y\u00fczey Etiketleme, Alt ve \u00dcst Y\u00fczey Etiketleme, Sarmal Etiketleme, Fonksiyonel Etiketleme, \u00dc\u00e7 Y\u00fczey Etiketleme\" \/>\n<meta property=\"og:url\" content=\"https:\/\/fakomakine.com\/en\/cozumler\/\" \/>\n<meta property=\"og:site_name\" content=\"Fako Etiketleme Sistemleri\" \/>\n<meta property=\"article:modified_time\" content=\"2020-01-16T09:47:26+00:00\" \/>\n<meta property=\"og:image\" content=\"http:\/\/fakomakine.com\/wp-content\/uploads\/elementor\/thumbs\/Mod\u00fcl-nsyugahyrelgbhod2celex7rs1d1wnjw0dfr8slxow.jpg\" \/>\n<meta name=\"twitter:card\" content=\"summary_large_image\" \/>\n<script type=\"application\/ld+json\" class=\"yoast-schema-graph\">{\"@context\":\"https:\/\/schema.org\",\"@graph\":[{\"@type\":\"WebPage\",\"@id\":\"https:\/\/fakomakine.com\/en\/cozumler\/\",\"url\":\"https:\/\/fakomakine.com\/en\/cozumler\/\",\"name\":\"\u00c7\u00f6z\u00fcmler - Fako Etiketleme Sistemleri\",\"isPartOf\":{\"@id\":\"https:\/\/fakomakine.com\/#website\"},\"primaryImageOfPage\":{\"@id\":\"https:\/\/fakomakine.com\/en\/cozumler\/#primaryimage\"},\"image\":{\"@id\":\"https:\/\/fakomakine.com\/en\/cozumler\/#primaryimage\"},\"thumbnailUrl\":\"http:\/\/fakomakine.com\/wp-content\/uploads\/2018\/07\/FK-DS-300x300.jpg\",\"datePublished\":\"2018-05-30T08:34:52+00:00\",\"dateModified\":\"2020-01-16T09:47:26+00:00\",\"description\":\"Etiketleme \u00c7\u00f6z\u00fcmlerimiz, \u00dcst Y\u00fczey Etiketleme, \u00d6n ve Arka Y\u00fczey Etiketleme, Alt ve \u00dcst Y\u00fczey Etiketleme, Sarmal Etiketleme, Fonksiyonel Etiketleme, \u00dc\u00e7 Y\u00fczey Etiketleme\",\"breadcrumb\":{\"@id\":\"https:\/\/fakomakine.com\/en\/cozumler\/#breadcrumb\"},\"inLanguage\":\"en-GB\",\"potentialAction\":[{\"@type\":\"ReadAction\",\"target\":[\"https:\/\/fakomakine.com\/en\/cozumler\/\"]}]},{\"@type\":\"ImageObject\",\"inLanguage\":\"en-GB\",\"@id\":\"https:\/\/fakomakine.com\/en\/cozumler\/#primaryimage\",\"url\":\"http:\/\/fakomakine.com\/wp-content\/uploads\/2018\/07\/FK-DS-300x300.jpg\",\"contentUrl\":\"http:\/\/fakomakine.com\/wp-content\/uploads\/2018\/07\/FK-DS-300x300.jpg\"},{\"@type\":\"BreadcrumbList\",\"@id\":\"https:\/\/fakomakine.com\/en\/cozumler\/#breadcrumb\",\"itemListElement\":[{\"@type\":\"ListItem\",\"position\":1,\"name\":\"Ana sayfa\",\"item\":\"https:\/\/fakomakine.com\/\"},{\"@type\":\"ListItem\",\"position\":2,\"name\":\"\u00c7\u00f6z\u00fcmler\"}]},{\"@type\":\"WebSite\",\"@id\":\"https:\/\/fakomakine.com\/#website\",\"url\":\"https:\/\/fakomakine.com\/\",\"name\":\"Fako Etiketleme Sistemleri\",\"description\":\"\u00d6n ve Arka Y\u00fczey Etiketleme\",\"publisher\":{\"@id\":\"https:\/\/fakomakine.com\/#organization\"},\"potentialAction\":[{\"@type\":\"SearchAction\",\"target\":{\"@type\":\"EntryPoint\",\"urlTemplate\":\"https:\/\/fakomakine.com\/?s={search_term_string}\"},\"query-input\":{\"@type\":\"PropertyValueSpecification\",\"valueRequired\":true,\"valueName\":\"search_term_string\"}}],\"inLanguage\":\"en-GB\"},{\"@type\":\"Organization\",\"@id\":\"https:\/\/fakomakine.com\/#organization\",\"name\":\"Fako Makine - Fako Etiketleme Sistemleri\",\"url\":\"https:\/\/fakomakine.com\/\",\"logo\":{\"@type\":\"ImageObject\",\"inLanguage\":\"en-GB\",\"@id\":\"https:\/\/fakomakine.com\/#\/schema\/logo\/image\/\",\"url\":\"https:\/\/fakomakine.com\/wp-content\/uploads\/2018\/07\/Fako-Etiketleme-Logo.png\",\"contentUrl\":\"https:\/\/fakomakine.com\/wp-content\/uploads\/2018\/07\/Fako-Etiketleme-Logo.png\",\"width\":924,\"height\":515,\"caption\":\"Fako Makine - Fako Etiketleme Sistemleri\"},\"image\":{\"@id\":\"https:\/\/fakomakine.com\/#\/schema\/logo\/image\/\"}}]}<\/script>\n<!-- \/ Yoast SEO plugin. -->","yoast_head_json":{"title":"\u00c7\u00f6z\u00fcmler - Fako Etiketleme Sistemleri","description":"Etiketleme \u00c7\u00f6z\u00fcmlerimiz, \u00dcst Y\u00fczey Etiketleme, \u00d6n ve Arka Y\u00fczey Etiketleme, Alt ve \u00dcst Y\u00fczey Etiketleme, Sarmal Etiketleme, Fonksiyonel Etiketleme, \u00dc\u00e7 Y\u00fczey Etiketleme","robots":{"index":"index","follow":"follow","max-snippet":"max-snippet:-1","max-image-preview":"max-image-preview:large","max-video-preview":"max-video-preview:-1"},"canonical":"https:\/\/fakomakine.com\/en\/cozumler\/","og_locale":"en_GB","og_type":"article","og_title":"\u00c7\u00f6z\u00fcmler - Fako Etiketleme Sistemleri","og_description":"Etiketleme \u00c7\u00f6z\u00fcmlerimiz, \u00dcst Y\u00fczey Etiketleme, \u00d6n ve Arka Y\u00fczey Etiketleme, Alt ve \u00dcst Y\u00fczey Etiketleme, Sarmal Etiketleme, Fonksiyonel Etiketleme, \u00dc\u00e7 Y\u00fczey Etiketleme","og_url":"https:\/\/fakomakine.com\/en\/cozumler\/","og_site_name":"Fako Etiketleme Sistemleri","article_modified_time":"2020-01-16T09:47:26+00:00","og_image":[{"url":"http:\/\/fakomakine.com\/wp-content\/uploads\/elementor\/thumbs\/Mod\u00fcl-nsyugahyrelgbhod2celex7rs1d1wnjw0dfr8slxow.jpg"}],"twitter_card":"summary_large_image","schema":{"@context":"https:\/\/schema.org","@graph":[{"@type":"WebPage","@id":"https:\/\/fakomakine.com\/en\/cozumler\/","url":"https:\/\/fakomakine.com\/en\/cozumler\/","name":"\u00c7\u00f6z\u00fcmler - Fako Etiketleme Sistemleri","isPartOf":{"@id":"https:\/\/fakomakine.com\/#website"},"primaryImageOfPage":{"@id":"https:\/\/fakomakine.com\/en\/cozumler\/#primaryimage"},"image":{"@id":"https:\/\/fakomakine.com\/en\/cozumler\/#primaryimage"},"thumbnailUrl":"http:\/\/fakomakine.com\/wp-content\/uploads\/2018\/07\/FK-DS-300x300.jpg","datePublished":"2018-05-30T08:34:52+00:00","dateModified":"2020-01-16T09:47:26+00:00","description":"Etiketleme \u00c7\u00f6z\u00fcmlerimiz, \u00dcst Y\u00fczey Etiketleme, \u00d6n ve Arka Y\u00fczey Etiketleme, Alt ve \u00dcst Y\u00fczey Etiketleme, Sarmal Etiketleme, Fonksiyonel Etiketleme, \u00dc\u00e7 Y\u00fczey Etiketleme","breadcrumb":{"@id":"https:\/\/fakomakine.com\/en\/cozumler\/#breadcrumb"},"inLanguage":"en-GB","potentialAction":[{"@type":"ReadAction","target":["https:\/\/fakomakine.com\/en\/cozumler\/"]}]},{"@type":"ImageObject","inLanguage":"en-GB","@id":"https:\/\/fakomakine.com\/en\/cozumler\/#primaryimage","url":"http:\/\/fakomakine.com\/wp-content\/uploads\/2018\/07\/FK-DS-300x300.jpg","contentUrl":"http:\/\/fakomakine.com\/wp-content\/uploads\/2018\/07\/FK-DS-300x300.jpg"},{"@type":"BreadcrumbList","@id":"https:\/\/fakomakine.com\/en\/cozumler\/#breadcrumb","itemListElement":[{"@type":"ListItem","position":1,"name":"Ana sayfa","item":"https:\/\/fakomakine.com\/"},{"@type":"ListItem","position":2,"name":"\u00c7\u00f6z\u00fcmler"}]},{"@type":"WebSite","@id":"https:\/\/fakomakine.com\/#website","url":"https:\/\/fakomakine.com\/","name":"Fako Etiketleme Sistemleri","description":"\u00d6n ve Arka Y\u00fczey Etiketleme","publisher":{"@id":"https:\/\/fakomakine.com\/#organization"},"potentialAction":[{"@type":"SearchAction","target":{"@type":"EntryPoint","urlTemplate":"https:\/\/fakomakine.com\/?s={search_term_string}"},"query-input":{"@type":"PropertyValueSpecification","valueRequired":true,"valueName":"search_term_string"}}],"inLanguage":"en-GB"},{"@type":"Organization","@id":"https:\/\/fakomakine.com\/#organization","name":"Fako Makine - Fako Etiketleme Sistemleri","url":"https:\/\/fakomakine.com\/","logo":{"@type":"ImageObject","inLanguage":"en-GB","@id":"https:\/\/fakomakine.com\/#\/schema\/logo\/image\/","url":"https:\/\/fakomakine.com\/wp-content\/uploads\/2018\/07\/Fako-Etiketleme-Logo.png","contentUrl":"https:\/\/fakomakine.com\/wp-content\/uploads\/2018\/07\/Fako-Etiketleme-Logo.png","width":924,"height":515,"caption":"Fako Makine - Fako Etiketleme Sistemleri"},"image":{"@id":"https:\/\/fakomakine.com\/#\/schema\/logo\/image\/"}}]}},"_links":{"self":[{"href":"https:\/\/fakomakine.com\/en\/wp-json\/wp\/v2\/pages\/212"}],"collection":[{"href":"https:\/\/fakomakine.com\/en\/wp-json\/wp\/v2\/pages"}],"about":[{"href":"https:\/\/fakomakine.com\/en\/wp-json\/wp\/v2\/types\/page"}],"author":[{"embeddable":true,"href":"https:\/\/fakomakine.com\/en\/wp-json\/wp\/v2\/users\/1"}],"replies":[{"embeddable":true,"href":"https:\/\/fakomakine.com\/en\/wp-json\/wp\/v2\/comments?post=212"}],"version-history":[{"count":48,"href":"https:\/\/fakomakine.com\/en\/wp-json\/wp\/v2\/pages\/212\/revisions"}],"predecessor-version":[{"id":1306,"href":"https:\/\/fakomakine.com\/en\/wp-json\/wp\/v2\/pages\/212\/revisions\/1306"}],"wp:attachment":[{"href":"https:\/\/fakomakine.com\/en\/wp-json\/wp\/v2\/media?parent=212"}],"curies":[{"name":"wp","href":"https:\/\/api.w.org\/{rel}","templated":true}]}}