{"id":162,"date":"2018-05-29T12:29:09","date_gmt":"2018-05-29T12:29:09","guid":{"rendered":"http:\/\/eturkan.com\/?page_id=162"},"modified":"2025-09-22T18:20:56","modified_gmt":"2025-09-22T18:20:56","slug":"sarmal-etiketleme","status":"publish","type":"page","link":"https:\/\/fakomakine.com\/en\/sarmal-etiketleme\/","title":{"rendered":"Sarmal Etiketleme"},"content":{"rendered":"<hr \/>\n<p><img decoding=\"async\" class=\"wp-image-260 aligncenter lazyload\" data-src=\"http:\/\/eturkan.com\/wp-content\/uploads\/2018\/05\/3djr.jpg\" alt=\"\" width=\"131\" height=\"187\" data-srcset=\"https:\/\/fakomakine.com\/wp-content\/uploads\/2018\/05\/3djr.jpg 723w, https:\/\/fakomakine.com\/wp-content\/uploads\/2018\/05\/3djr-211x300.jpg 211w, https:\/\/fakomakine.com\/wp-content\/uploads\/2018\/05\/3djr-721x1024.jpg 721w\" data-sizes=\"(max-width: 131px) 100vw, 131px\" src=\"data:image\/svg+xml;base64,PHN2ZyB3aWR0aD0iMSIgaGVpZ2h0PSIxIiB4bWxucz0iaHR0cDovL3d3dy53My5vcmcvMjAwMC9zdmciPjwvc3ZnPg==\" style=\"--smush-placeholder-width: 131px; --smush-placeholder-aspect-ratio: 131\/187;\" \/><\/p>\n<p style=\"background: #fefefe; text-align: center;\"><span style=\"font-size: 11.0pt; font-family: 'Arial',sans-serif; color: #5c6573;\">In labeling, using the surface area as efficiently as possible is at the utmost importance. Therefore, Wrap Around labeling is the ideal solution for cylindrical packages. In this process, label is applied by wrapping around the product partially or completely.<img fetchpriority=\"high\" decoding=\"async\" class=\"aligncenter wp-image-1631 size-medium\" src=\"https:\/\/fakomakine.com\/wp-content\/uploads\/2025\/09\/Sarmal-Etiketleme-300x300.jpg\" alt=\"\" width=\"300\" height=\"300\" srcset=\"https:\/\/fakomakine.com\/wp-content\/uploads\/2025\/09\/Sarmal-Etiketleme-300x300.jpg 300w, https:\/\/fakomakine.com\/wp-content\/uploads\/2025\/09\/Sarmal-Etiketleme-150x150.jpg 150w, https:\/\/fakomakine.com\/wp-content\/uploads\/2025\/09\/Sarmal-Etiketleme-768x768.jpg 768w, https:\/\/fakomakine.com\/wp-content\/uploads\/2025\/09\/Sarmal-Etiketleme-12x12.jpg 12w, https:\/\/fakomakine.com\/wp-content\/uploads\/2025\/09\/Sarmal-Etiketleme-230x230.jpg 230w, https:\/\/fakomakine.com\/wp-content\/uploads\/2025\/09\/Sarmal-Etiketleme-350x350.jpg 350w, https:\/\/fakomakine.com\/wp-content\/uploads\/2025\/09\/Sarmal-Etiketleme-480x480.jpg 480w, https:\/\/fakomakine.com\/wp-content\/uploads\/2025\/09\/Sarmal-Etiketleme.jpg 780w\" sizes=\"(max-width: 300px) 100vw, 300px\" \/><\/span><span style=\"font-size: 11.0pt; font-family: 'Arial',sans-serif; color: #5c6573;\">Wrap Around labeling is indispensable for many different products such as bottle, vase or cylindrical package labeling. The field which this labeling application is preferred the most, is the beverage industry where the products are predominately labeled in rotary bands with high quantities. Fako Labeling Systems, offers you the most ideal complete and applicator solutions for these systems.<img decoding=\"async\" class=\"aligncenter wp-image-194 size-medium lazyload\" data-src=\"https:\/\/fakomakine.com\/wp-content\/uploads\/2018\/05\/fk-wa-e1530187390825-300x277.jpg\" alt=\"\" width=\"300\" height=\"277\" data-srcset=\"https:\/\/fakomakine.com\/wp-content\/uploads\/2018\/05\/fk-wa-e1530187390825-300x277.jpg 300w, https:\/\/fakomakine.com\/wp-content\/uploads\/2018\/05\/fk-wa-e1530187390825-768x709.jpg 768w, https:\/\/fakomakine.com\/wp-content\/uploads\/2018\/05\/fk-wa-e1530187390825-1024x945.jpg 1024w, https:\/\/fakomakine.com\/wp-content\/uploads\/2018\/05\/fk-wa-e1530187390825-830x766.jpg 830w, https:\/\/fakomakine.com\/wp-content\/uploads\/2018\/05\/fk-wa-e1530187390825-230x212.jpg 230w, https:\/\/fakomakine.com\/wp-content\/uploads\/2018\/05\/fk-wa-e1530187390825-350x323.jpg 350w, https:\/\/fakomakine.com\/wp-content\/uploads\/2018\/05\/fk-wa-e1530187390825-480x443.jpg 480w, https:\/\/fakomakine.com\/wp-content\/uploads\/2018\/05\/fk-wa-e1530187390825.jpg 1075w\" data-sizes=\"(max-width: 300px) 100vw, 300px\" src=\"data:image\/svg+xml;base64,PHN2ZyB3aWR0aD0iMSIgaGVpZ2h0PSIxIiB4bWxucz0iaHR0cDovL3d3dy53My5vcmcvMjAwMC9zdmciPjwvc3ZnPg==\" style=\"--smush-placeholder-width: 300px; --smush-placeholder-aspect-ratio: 300\/277;\" \/><\/span><\/p>\n<hr \/>\n<p><a href=\"http:\/\/fakomakine.com\/en\/bize-ulasin\/\"><img decoding=\"async\" class=\"aligncenter wp-image-610 lazyload\" data-src=\"http:\/\/eturkan.com\/wp-content\/uploads\/2018\/07\/bu.png\" alt=\"\" width=\"141\" height=\"38\" data-srcset=\"https:\/\/fakomakine.com\/wp-content\/uploads\/2018\/07\/bu.png 896w, https:\/\/fakomakine.com\/wp-content\/uploads\/2018\/07\/bu-300x81.png 300w, https:\/\/fakomakine.com\/wp-content\/uploads\/2018\/07\/bu-768x207.png 768w, https:\/\/fakomakine.com\/wp-content\/uploads\/2018\/07\/bu-640x172.png 640w, https:\/\/fakomakine.com\/wp-content\/uploads\/2018\/07\/bu-830x223.png 830w, https:\/\/fakomakine.com\/wp-content\/uploads\/2018\/07\/bu-230x62.png 230w, https:\/\/fakomakine.com\/wp-content\/uploads\/2018\/07\/bu-350x94.png 350w, https:\/\/fakomakine.com\/wp-content\/uploads\/2018\/07\/bu-480x129.png 480w\" data-sizes=\"(max-width: 141px) 100vw, 141px\" src=\"data:image\/svg+xml;base64,PHN2ZyB3aWR0aD0iMSIgaGVpZ2h0PSIxIiB4bWxucz0iaHR0cDovL3d3dy53My5vcmcvMjAwMC9zdmciPjwvc3ZnPg==\" style=\"--smush-placeholder-width: 141px; --smush-placeholder-aspect-ratio: 141\/38;\" \/><\/a><\/p>","protected":false},"excerpt":{"rendered":"<p>Etiketleme konusunda y\u00fczey alan\u0131n\u0131n m\u00fcmk\u00fcn oldu\u011funca verimli kullan\u0131lmas\u0131 son derece \u00f6nemlidir. Bu nedenle silindirik ambalajlarda sarmal etiketleme en ideal \u00e7\u00f6z\u00fcmd\u00fcr. Bu proseste [&hellip;]<\/p>","protected":false},"author":1,"featured_media":0,"parent":0,"menu_order":0,"comment_status":"closed","ping_status":"closed","template":"page-templates\/page_fullwidth.php","meta":{"footnotes":""},"class_list":["post-162","page","type-page","status-publish","hentry"],"yoast_head":"<!-- This site is optimized with the Yoast SEO plugin v23.4 - https:\/\/yoast.com\/wordpress\/plugins\/seo\/ -->\n<title>Sarmal Etiketleme - Fako Etiketleme Sistemleri<\/title>\n<meta name=\"description\" content=\"Etiketleme \u00c7\u00f6z\u00fcmlerimiz, \u00dcst Y\u00fczey Etiketleme, \u00d6n ve Arka Y\u00fczey Etiketleme, Alt ve \u00dcst Y\u00fczey Etiketleme, Sarmal Etiketleme, Fonksiyonel Etiketleme, \u00dc\u00e7 Y\u00fczey Etiketleme\" \/>\n<meta name=\"robots\" content=\"index, follow, max-snippet:-1, max-image-preview:large, max-video-preview:-1\" \/>\n<link rel=\"canonical\" href=\"https:\/\/fakomakine.com\/en\/sarmal-etiketleme\/\" \/>\n<meta property=\"og:locale\" content=\"en_GB\" \/>\n<meta property=\"og:type\" content=\"article\" \/>\n<meta property=\"og:title\" content=\"Sarmal Etiketleme - Fako Etiketleme Sistemleri\" \/>\n<meta property=\"og:description\" content=\"Etiketleme \u00c7\u00f6z\u00fcmlerimiz, \u00dcst Y\u00fczey Etiketleme, \u00d6n ve Arka Y\u00fczey Etiketleme, Alt ve \u00dcst Y\u00fczey Etiketleme, Sarmal Etiketleme, Fonksiyonel Etiketleme, \u00dc\u00e7 Y\u00fczey Etiketleme\" \/>\n<meta property=\"og:url\" content=\"https:\/\/fakomakine.com\/en\/sarmal-etiketleme\/\" \/>\n<meta property=\"og:site_name\" content=\"Fako Etiketleme Sistemleri\" \/>\n<meta property=\"article:modified_time\" content=\"2025-09-22T18:20:56+00:00\" \/>\n<meta property=\"og:image\" content=\"http:\/\/eturkan.com\/wp-content\/uploads\/2018\/05\/3djr.jpg\" \/>\n<meta name=\"twitter:card\" content=\"summary_large_image\" \/>\n<meta name=\"twitter:label1\" content=\"Estimated reading time\" \/>\n\t<meta name=\"twitter:data1\" content=\"1 minute\" \/>\n<script type=\"application\/ld+json\" class=\"yoast-schema-graph\">{\"@context\":\"https:\/\/schema.org\",\"@graph\":[{\"@type\":\"WebPage\",\"@id\":\"https:\/\/fakomakine.com\/sarmal-etiketleme\/\",\"url\":\"https:\/\/fakomakine.com\/sarmal-etiketleme\/\",\"name\":\"Sarmal Etiketleme - Fako Etiketleme Sistemleri\",\"isPartOf\":{\"@id\":\"https:\/\/fakomakine.com\/#website\"},\"primaryImageOfPage\":{\"@id\":\"https:\/\/fakomakine.com\/sarmal-etiketleme\/#primaryimage\"},\"image\":{\"@id\":\"https:\/\/fakomakine.com\/sarmal-etiketleme\/#primaryimage\"},\"thumbnailUrl\":\"http:\/\/eturkan.com\/wp-content\/uploads\/2018\/05\/3djr.jpg\",\"datePublished\":\"2018-05-29T12:29:09+00:00\",\"dateModified\":\"2025-09-22T18:20:56+00:00\",\"description\":\"Etiketleme \u00c7\u00f6z\u00fcmlerimiz, \u00dcst Y\u00fczey Etiketleme, \u00d6n ve Arka Y\u00fczey Etiketleme, Alt ve \u00dcst Y\u00fczey Etiketleme, Sarmal Etiketleme, Fonksiyonel Etiketleme, \u00dc\u00e7 Y\u00fczey Etiketleme\",\"breadcrumb\":{\"@id\":\"https:\/\/fakomakine.com\/sarmal-etiketleme\/#breadcrumb\"},\"inLanguage\":\"en-GB\",\"potentialAction\":[{\"@type\":\"ReadAction\",\"target\":[\"https:\/\/fakomakine.com\/sarmal-etiketleme\/\"]}]},{\"@type\":\"ImageObject\",\"inLanguage\":\"en-GB\",\"@id\":\"https:\/\/fakomakine.com\/sarmal-etiketleme\/#primaryimage\",\"url\":\"http:\/\/eturkan.com\/wp-content\/uploads\/2018\/05\/3djr.jpg\",\"contentUrl\":\"http:\/\/eturkan.com\/wp-content\/uploads\/2018\/05\/3djr.jpg\"},{\"@type\":\"BreadcrumbList\",\"@id\":\"https:\/\/fakomakine.com\/sarmal-etiketleme\/#breadcrumb\",\"itemListElement\":[{\"@type\":\"ListItem\",\"position\":1,\"name\":\"Ana sayfa\",\"item\":\"https:\/\/fakomakine.com\/\"},{\"@type\":\"ListItem\",\"position\":2,\"name\":\"Sarmal Etiketleme\"}]},{\"@type\":\"WebSite\",\"@id\":\"https:\/\/fakomakine.com\/#website\",\"url\":\"https:\/\/fakomakine.com\/\",\"name\":\"Fako Etiketleme Sistemleri\",\"description\":\"\u00d6n ve Arka Y\u00fczey Etiketleme\",\"publisher\":{\"@id\":\"https:\/\/fakomakine.com\/#organization\"},\"potentialAction\":[{\"@type\":\"SearchAction\",\"target\":{\"@type\":\"EntryPoint\",\"urlTemplate\":\"https:\/\/fakomakine.com\/?s={search_term_string}\"},\"query-input\":{\"@type\":\"PropertyValueSpecification\",\"valueRequired\":true,\"valueName\":\"search_term_string\"}}],\"inLanguage\":\"en-GB\"},{\"@type\":\"Organization\",\"@id\":\"https:\/\/fakomakine.com\/#organization\",\"name\":\"Fako Makine - Fako Etiketleme Sistemleri\",\"url\":\"https:\/\/fakomakine.com\/\",\"logo\":{\"@type\":\"ImageObject\",\"inLanguage\":\"en-GB\",\"@id\":\"https:\/\/fakomakine.com\/#\/schema\/logo\/image\/\",\"url\":\"https:\/\/fakomakine.com\/wp-content\/uploads\/2018\/07\/Fako-Etiketleme-Logo.png\",\"contentUrl\":\"https:\/\/fakomakine.com\/wp-content\/uploads\/2018\/07\/Fako-Etiketleme-Logo.png\",\"width\":924,\"height\":515,\"caption\":\"Fako Makine - Fako Etiketleme Sistemleri\"},\"image\":{\"@id\":\"https:\/\/fakomakine.com\/#\/schema\/logo\/image\/\"}}]}<\/script>\n<!-- \/ Yoast SEO plugin. -->","yoast_head_json":{"title":"Sarmal Etiketleme - Fako Etiketleme Sistemleri","description":"Etiketleme \u00c7\u00f6z\u00fcmlerimiz, \u00dcst Y\u00fczey Etiketleme, \u00d6n ve Arka Y\u00fczey Etiketleme, Alt ve \u00dcst Y\u00fczey Etiketleme, Sarmal Etiketleme, Fonksiyonel Etiketleme, \u00dc\u00e7 Y\u00fczey Etiketleme","robots":{"index":"index","follow":"follow","max-snippet":"max-snippet:-1","max-image-preview":"max-image-preview:large","max-video-preview":"max-video-preview:-1"},"canonical":"https:\/\/fakomakine.com\/en\/sarmal-etiketleme\/","og_locale":"en_GB","og_type":"article","og_title":"Sarmal Etiketleme - Fako Etiketleme Sistemleri","og_description":"Etiketleme \u00c7\u00f6z\u00fcmlerimiz, \u00dcst Y\u00fczey Etiketleme, \u00d6n ve Arka Y\u00fczey Etiketleme, Alt ve \u00dcst Y\u00fczey Etiketleme, Sarmal Etiketleme, Fonksiyonel Etiketleme, \u00dc\u00e7 Y\u00fczey Etiketleme","og_url":"https:\/\/fakomakine.com\/en\/sarmal-etiketleme\/","og_site_name":"Fako Etiketleme Sistemleri","article_modified_time":"2025-09-22T18:20:56+00:00","og_image":[{"url":"http:\/\/eturkan.com\/wp-content\/uploads\/2018\/05\/3djr.jpg"}],"twitter_card":"summary_large_image","twitter_misc":{"Estimated reading time":"1 minute"},"schema":{"@context":"https:\/\/schema.org","@graph":[{"@type":"WebPage","@id":"https:\/\/fakomakine.com\/sarmal-etiketleme\/","url":"https:\/\/fakomakine.com\/sarmal-etiketleme\/","name":"Sarmal Etiketleme - Fako Etiketleme Sistemleri","isPartOf":{"@id":"https:\/\/fakomakine.com\/#website"},"primaryImageOfPage":{"@id":"https:\/\/fakomakine.com\/sarmal-etiketleme\/#primaryimage"},"image":{"@id":"https:\/\/fakomakine.com\/sarmal-etiketleme\/#primaryimage"},"thumbnailUrl":"http:\/\/eturkan.com\/wp-content\/uploads\/2018\/05\/3djr.jpg","datePublished":"2018-05-29T12:29:09+00:00","dateModified":"2025-09-22T18:20:56+00:00","description":"Etiketleme \u00c7\u00f6z\u00fcmlerimiz, \u00dcst Y\u00fczey Etiketleme, \u00d6n ve Arka Y\u00fczey Etiketleme, Alt ve \u00dcst Y\u00fczey Etiketleme, Sarmal Etiketleme, Fonksiyonel Etiketleme, \u00dc\u00e7 Y\u00fczey Etiketleme","breadcrumb":{"@id":"https:\/\/fakomakine.com\/sarmal-etiketleme\/#breadcrumb"},"inLanguage":"en-GB","potentialAction":[{"@type":"ReadAction","target":["https:\/\/fakomakine.com\/sarmal-etiketleme\/"]}]},{"@type":"ImageObject","inLanguage":"en-GB","@id":"https:\/\/fakomakine.com\/sarmal-etiketleme\/#primaryimage","url":"http:\/\/eturkan.com\/wp-content\/uploads\/2018\/05\/3djr.jpg","contentUrl":"http:\/\/eturkan.com\/wp-content\/uploads\/2018\/05\/3djr.jpg"},{"@type":"BreadcrumbList","@id":"https:\/\/fakomakine.com\/sarmal-etiketleme\/#breadcrumb","itemListElement":[{"@type":"ListItem","position":1,"name":"Ana sayfa","item":"https:\/\/fakomakine.com\/"},{"@type":"ListItem","position":2,"name":"Sarmal Etiketleme"}]},{"@type":"WebSite","@id":"https:\/\/fakomakine.com\/#website","url":"https:\/\/fakomakine.com\/","name":"Fako Etiketleme Sistemleri","description":"\u00d6n ve Arka Y\u00fczey Etiketleme","publisher":{"@id":"https:\/\/fakomakine.com\/#organization"},"potentialAction":[{"@type":"SearchAction","target":{"@type":"EntryPoint","urlTemplate":"https:\/\/fakomakine.com\/?s={search_term_string}"},"query-input":{"@type":"PropertyValueSpecification","valueRequired":true,"valueName":"search_term_string"}}],"inLanguage":"en-GB"},{"@type":"Organization","@id":"https:\/\/fakomakine.com\/#organization","name":"Fako Makine - Fako Etiketleme Sistemleri","url":"https:\/\/fakomakine.com\/","logo":{"@type":"ImageObject","inLanguage":"en-GB","@id":"https:\/\/fakomakine.com\/#\/schema\/logo\/image\/","url":"https:\/\/fakomakine.com\/wp-content\/uploads\/2018\/07\/Fako-Etiketleme-Logo.png","contentUrl":"https:\/\/fakomakine.com\/wp-content\/uploads\/2018\/07\/Fako-Etiketleme-Logo.png","width":924,"height":515,"caption":"Fako Makine - Fako Etiketleme Sistemleri"},"image":{"@id":"https:\/\/fakomakine.com\/#\/schema\/logo\/image\/"}}]}},"_links":{"self":[{"href":"https:\/\/fakomakine.com\/en\/wp-json\/wp\/v2\/pages\/162"}],"collection":[{"href":"https:\/\/fakomakine.com\/en\/wp-json\/wp\/v2\/pages"}],"about":[{"href":"https:\/\/fakomakine.com\/en\/wp-json\/wp\/v2\/types\/page"}],"author":[{"embeddable":true,"href":"https:\/\/fakomakine.com\/en\/wp-json\/wp\/v2\/users\/1"}],"replies":[{"embeddable":true,"href":"https:\/\/fakomakine.com\/en\/wp-json\/wp\/v2\/comments?post=162"}],"version-history":[{"count":16,"href":"https:\/\/fakomakine.com\/en\/wp-json\/wp\/v2\/pages\/162\/revisions"}],"predecessor-version":[{"id":1633,"href":"https:\/\/fakomakine.com\/en\/wp-json\/wp\/v2\/pages\/162\/revisions\/1633"}],"wp:attachment":[{"href":"https:\/\/fakomakine.com\/en\/wp-json\/wp\/v2\/media?parent=162"}],"curies":[{"name":"wp","href":"https:\/\/api.w.org\/{rel}","templated":true}]}}