{"id":155,"date":"2018-05-29T12:26:03","date_gmt":"2018-05-29T12:26:03","guid":{"rendered":"http:\/\/eturkan.com\/?page_id=155"},"modified":"2025-09-22T18:05:19","modified_gmt":"2025-09-22T18:05:19","slug":"alt-yuzey-etiketleme-makinesi","status":"publish","type":"page","link":"https:\/\/fakomakine.com\/en\/alt-yuzey-etiketleme-makinesi\/","title":{"rendered":"Alt \u00fcst y\u00fczey etiketleme makinesi"},"content":{"rendered":"<hr class=\"wp-block-separator has-css-opacity\"\/>\n\n\n\n<figure class=\"wp-block-image alignright size-large is-resized\"><img fetchpriority=\"high\" decoding=\"async\" width=\"1024\" height=\"911\" src=\"https:\/\/fakomakine.com\/wp-content\/uploads\/2025\/09\/Alt-ust-yuzey-etiketleme-makinesi-1-1024x911.png\" alt=\"\" class=\"wp-image-1618\" style=\"width:256px;height:228px\" srcset=\"https:\/\/fakomakine.com\/wp-content\/uploads\/2025\/09\/Alt-ust-yuzey-etiketleme-makinesi-1-1024x911.png 1024w, https:\/\/fakomakine.com\/wp-content\/uploads\/2025\/09\/Alt-ust-yuzey-etiketleme-makinesi-1-300x267.png 300w, https:\/\/fakomakine.com\/wp-content\/uploads\/2025\/09\/Alt-ust-yuzey-etiketleme-makinesi-1-768x683.png 768w, https:\/\/fakomakine.com\/wp-content\/uploads\/2025\/09\/Alt-ust-yuzey-etiketleme-makinesi-1-13x12.png 13w, https:\/\/fakomakine.com\/wp-content\/uploads\/2025\/09\/Alt-ust-yuzey-etiketleme-makinesi-1-1000x890.png 1000w, https:\/\/fakomakine.com\/wp-content\/uploads\/2025\/09\/Alt-ust-yuzey-etiketleme-makinesi-1-230x205.png 230w, https:\/\/fakomakine.com\/wp-content\/uploads\/2025\/09\/Alt-ust-yuzey-etiketleme-makinesi-1-350x311.png 350w, https:\/\/fakomakine.com\/wp-content\/uploads\/2025\/09\/Alt-ust-yuzey-etiketleme-makinesi-1-480x427.png 480w, https:\/\/fakomakine.com\/wp-content\/uploads\/2025\/09\/Alt-ust-yuzey-etiketleme-makinesi-1.png 1123w\" sizes=\"(max-width: 1024px) 100vw, 1024px\" \/><figcaption class=\"wp-element-caption\">Alt \u00fcst y\u00fczey etiketleme makinesi<\/figcaption><\/figure>\n\n\n\n<p class=\"has-text-align-left\">alt \u00fcst y\u00fczey etiketleme makinesi en yayg\u0131n kullan\u0131lan etiketleme t\u00fcrlerinden birisidir. A\u011f\u0131rl\u0131kl\u0131 olarak haz\u0131r ambalajlara i\u00e7erik listesi, parti numaras\u0131 veya son kullanma tarihi gibi de\u011fi\u015fken verilerin uygulanmas\u0131 amac\u0131yla tercih edilmektedir. Bu nedenle \u015fark\u00fcteri \u00fcr\u00fcnleri ba\u015fta olmak \u00fczere kozmetik, g\u0131da ve ila\u00e7 gibi raf \u00f6mr\u00fcn\u00fcn son derece \u00f6nemli oldu\u011fu sekt\u00f6rlerde yayg\u0131n olarak kullan\u0131lmaktad\u0131r. Bu yayg\u0131n sekt\u00f6rler i\u00e7erisinde elbette ki ambalaj \u00e7e\u015fitleri de olduk\u00e7a farkl\u0131l\u0131k g\u00f6stermektedir.<\/p>\n\n\n\n<figure class=\"wp-block-image alignleft\"><img decoding=\"async\" width=\"300\" height=\"213\" data-src=\"https:\/\/fakomakine.com\/wp-content\/uploads\/2018\/05\/3dbx-300x213.jpg\" alt=\"Alt y\u00fczey etiketleme \u00f6rne\u011fi\" class=\"wp-image-257 lazyload\" data-srcset=\"https:\/\/fakomakine.com\/wp-content\/uploads\/2018\/05\/3dbx-300x213.jpg 300w, https:\/\/fakomakine.com\/wp-content\/uploads\/2018\/05\/3dbx-768x546.jpg 768w, https:\/\/fakomakine.com\/wp-content\/uploads\/2018\/05\/3dbx-1024x729.jpg 1024w, https:\/\/fakomakine.com\/wp-content\/uploads\/2018\/05\/3dbx.jpg 1563w\" data-sizes=\"(max-width: 300px) 100vw, 300px\" src=\"data:image\/svg+xml;base64,PHN2ZyB3aWR0aD0iMSIgaGVpZ2h0PSIxIiB4bWxucz0iaHR0cDovL3d3dy53My5vcmcvMjAwMC9zdmciPjwvc3ZnPg==\" style=\"--smush-placeholder-width: 300px; --smush-placeholder-aspect-ratio: 300\/213;\" \/><figcaption class=\"wp-element-caption\">Alt y\u00fczey etiketleme \u00f6rne\u011fi<\/figcaption><\/figure>\n\n\n\n<p class=\"has-text-align-left\">It can be safely used for very different packages from frozen food to cardboard and plastic boxes, from glass packages to plastic containers. Fako Labeling Systems, is suitable for every area you may need and at your service with economical, high precision and performance solutions.<\/p>\n\n\n\n<p class=\"has-text-align-center\">&nbsp;<\/p>","protected":false},"excerpt":{"rendered":"<p>alt \u00fcst y\u00fczey etiketleme makinesi en yayg\u0131n kullan\u0131lan etiketleme t\u00fcrlerinden birisidir. A\u011f\u0131rl\u0131kl\u0131 olarak haz\u0131r ambalajlara i\u00e7erik listesi, parti numaras\u0131 veya son kullanma [&hellip;]<\/p>","protected":false},"author":1,"featured_media":0,"parent":0,"menu_order":1,"comment_status":"closed","ping_status":"closed","template":"page-templates\/page_fullwidth.php","meta":{"footnotes":""},"class_list":["post-155","page","type-page","status-publish","hentry"],"yoast_head":"<!-- This site is optimized with the Yoast SEO plugin v23.4 - https:\/\/yoast.com\/wordpress\/plugins\/seo\/ -->\n<title>Alt \u00fcst y\u00fczey etiketleme makinesi - Fako Etiketleme Sistemleri<\/title>\n<meta name=\"description\" content=\"alt \u00fcst y\u00fczey etiketleme makinesi en yayg\u0131n kullan\u0131lan etiketleme t\u00fcrlerinden birisidir. A\u011f\u0131rl\u0131kl\u0131 olarak haz\u0131r ambalajlara i\u00e7erik listesi ...\" \/>\n<meta name=\"robots\" content=\"index, follow, max-snippet:-1, max-image-preview:large, max-video-preview:-1\" \/>\n<link rel=\"canonical\" href=\"https:\/\/fakomakine.com\/en\/alt-yuzey-etiketleme-makinesi\/\" \/>\n<meta property=\"og:locale\" content=\"en_GB\" \/>\n<meta property=\"og:type\" content=\"article\" \/>\n<meta property=\"og:title\" content=\"Alt \u00fcst y\u00fczey etiketleme makinesi - Fako Etiketleme Sistemleri\" \/>\n<meta property=\"og:description\" content=\"alt \u00fcst y\u00fczey etiketleme makinesi en yayg\u0131n kullan\u0131lan etiketleme t\u00fcrlerinden birisidir. A\u011f\u0131rl\u0131kl\u0131 olarak haz\u0131r ambalajlara i\u00e7erik listesi ...\" \/>\n<meta property=\"og:url\" content=\"https:\/\/fakomakine.com\/en\/alt-yuzey-etiketleme-makinesi\/\" \/>\n<meta property=\"og:site_name\" content=\"Fako Etiketleme Sistemleri\" \/>\n<meta property=\"article:modified_time\" content=\"2025-09-22T18:05:19+00:00\" \/>\n<meta property=\"og:image\" content=\"https:\/\/fakomakine.com\/wp-content\/uploads\/2025\/09\/Alt-ust-yuzey-etiketleme-makinesi-1-1024x911.png\" \/>\n<meta name=\"twitter:card\" content=\"summary_large_image\" \/>\n<meta name=\"twitter:label1\" content=\"Estimated reading time\" \/>\n\t<meta name=\"twitter:data1\" content=\"2 minutes\" \/>\n<script type=\"application\/ld+json\" class=\"yoast-schema-graph\">{\"@context\":\"https:\/\/schema.org\",\"@graph\":[{\"@type\":\"WebPage\",\"@id\":\"https:\/\/fakomakine.com\/alt-yuzey-etiketleme-makinesi\/\",\"url\":\"https:\/\/fakomakine.com\/alt-yuzey-etiketleme-makinesi\/\",\"name\":\"Alt \u00fcst y\u00fczey etiketleme makinesi - Fako Etiketleme Sistemleri\",\"isPartOf\":{\"@id\":\"https:\/\/fakomakine.com\/#website\"},\"primaryImageOfPage\":{\"@id\":\"https:\/\/fakomakine.com\/alt-yuzey-etiketleme-makinesi\/#primaryimage\"},\"image\":{\"@id\":\"https:\/\/fakomakine.com\/alt-yuzey-etiketleme-makinesi\/#primaryimage\"},\"thumbnailUrl\":\"https:\/\/fakomakine.com\/wp-content\/uploads\/2025\/09\/Alt-ust-yuzey-etiketleme-makinesi-1-1024x911.png\",\"datePublished\":\"2018-05-29T12:26:03+00:00\",\"dateModified\":\"2025-09-22T18:05:19+00:00\",\"description\":\"alt \u00fcst y\u00fczey etiketleme makinesi en yayg\u0131n kullan\u0131lan etiketleme t\u00fcrlerinden birisidir. A\u011f\u0131rl\u0131kl\u0131 olarak haz\u0131r ambalajlara i\u00e7erik listesi ...\",\"breadcrumb\":{\"@id\":\"https:\/\/fakomakine.com\/alt-yuzey-etiketleme-makinesi\/#breadcrumb\"},\"inLanguage\":\"en-GB\",\"potentialAction\":[{\"@type\":\"ReadAction\",\"target\":[\"https:\/\/fakomakine.com\/alt-yuzey-etiketleme-makinesi\/\"]}]},{\"@type\":\"ImageObject\",\"inLanguage\":\"en-GB\",\"@id\":\"https:\/\/fakomakine.com\/alt-yuzey-etiketleme-makinesi\/#primaryimage\",\"url\":\"https:\/\/fakomakine.com\/wp-content\/uploads\/2025\/09\/Alt-ust-yuzey-etiketleme-makinesi-1-1024x911.png\",\"contentUrl\":\"https:\/\/fakomakine.com\/wp-content\/uploads\/2025\/09\/Alt-ust-yuzey-etiketleme-makinesi-1-1024x911.png\"},{\"@type\":\"BreadcrumbList\",\"@id\":\"https:\/\/fakomakine.com\/alt-yuzey-etiketleme-makinesi\/#breadcrumb\",\"itemListElement\":[{\"@type\":\"ListItem\",\"position\":1,\"name\":\"Ana sayfa\",\"item\":\"https:\/\/fakomakine.com\/\"},{\"@type\":\"ListItem\",\"position\":2,\"name\":\"Alt \u00fcst y\u00fczey etiketleme makinesi\"}]},{\"@type\":\"WebSite\",\"@id\":\"https:\/\/fakomakine.com\/#website\",\"url\":\"https:\/\/fakomakine.com\/\",\"name\":\"Fako Etiketleme Sistemleri\",\"description\":\"\u00d6n ve Arka Y\u00fczey Etiketleme\",\"publisher\":{\"@id\":\"https:\/\/fakomakine.com\/#organization\"},\"potentialAction\":[{\"@type\":\"SearchAction\",\"target\":{\"@type\":\"EntryPoint\",\"urlTemplate\":\"https:\/\/fakomakine.com\/?s={search_term_string}\"},\"query-input\":{\"@type\":\"PropertyValueSpecification\",\"valueRequired\":true,\"valueName\":\"search_term_string\"}}],\"inLanguage\":\"en-GB\"},{\"@type\":\"Organization\",\"@id\":\"https:\/\/fakomakine.com\/#organization\",\"name\":\"Fako Makine - Fako Etiketleme Sistemleri\",\"url\":\"https:\/\/fakomakine.com\/\",\"logo\":{\"@type\":\"ImageObject\",\"inLanguage\":\"en-GB\",\"@id\":\"https:\/\/fakomakine.com\/#\/schema\/logo\/image\/\",\"url\":\"https:\/\/fakomakine.com\/wp-content\/uploads\/2018\/07\/Fako-Etiketleme-Logo.png\",\"contentUrl\":\"https:\/\/fakomakine.com\/wp-content\/uploads\/2018\/07\/Fako-Etiketleme-Logo.png\",\"width\":924,\"height\":515,\"caption\":\"Fako Makine - Fako Etiketleme Sistemleri\"},\"image\":{\"@id\":\"https:\/\/fakomakine.com\/#\/schema\/logo\/image\/\"}}]}<\/script>\n<!-- \/ Yoast SEO plugin. -->","yoast_head_json":{"title":"Alt \u00fcst y\u00fczey etiketleme makinesi - Fako Etiketleme Sistemleri","description":"alt \u00fcst y\u00fczey etiketleme makinesi en yayg\u0131n kullan\u0131lan etiketleme t\u00fcrlerinden birisidir. A\u011f\u0131rl\u0131kl\u0131 olarak haz\u0131r ambalajlara i\u00e7erik listesi ...","robots":{"index":"index","follow":"follow","max-snippet":"max-snippet:-1","max-image-preview":"max-image-preview:large","max-video-preview":"max-video-preview:-1"},"canonical":"https:\/\/fakomakine.com\/en\/alt-yuzey-etiketleme-makinesi\/","og_locale":"en_GB","og_type":"article","og_title":"Alt \u00fcst y\u00fczey etiketleme makinesi - Fako Etiketleme Sistemleri","og_description":"alt \u00fcst y\u00fczey etiketleme makinesi en yayg\u0131n kullan\u0131lan etiketleme t\u00fcrlerinden birisidir. A\u011f\u0131rl\u0131kl\u0131 olarak haz\u0131r ambalajlara i\u00e7erik listesi ...","og_url":"https:\/\/fakomakine.com\/en\/alt-yuzey-etiketleme-makinesi\/","og_site_name":"Fako Etiketleme Sistemleri","article_modified_time":"2025-09-22T18:05:19+00:00","og_image":[{"url":"https:\/\/fakomakine.com\/wp-content\/uploads\/2025\/09\/Alt-ust-yuzey-etiketleme-makinesi-1-1024x911.png"}],"twitter_card":"summary_large_image","twitter_misc":{"Estimated reading time":"2 minutes"},"schema":{"@context":"https:\/\/schema.org","@graph":[{"@type":"WebPage","@id":"https:\/\/fakomakine.com\/alt-yuzey-etiketleme-makinesi\/","url":"https:\/\/fakomakine.com\/alt-yuzey-etiketleme-makinesi\/","name":"Alt \u00fcst y\u00fczey etiketleme makinesi - Fako Etiketleme Sistemleri","isPartOf":{"@id":"https:\/\/fakomakine.com\/#website"},"primaryImageOfPage":{"@id":"https:\/\/fakomakine.com\/alt-yuzey-etiketleme-makinesi\/#primaryimage"},"image":{"@id":"https:\/\/fakomakine.com\/alt-yuzey-etiketleme-makinesi\/#primaryimage"},"thumbnailUrl":"https:\/\/fakomakine.com\/wp-content\/uploads\/2025\/09\/Alt-ust-yuzey-etiketleme-makinesi-1-1024x911.png","datePublished":"2018-05-29T12:26:03+00:00","dateModified":"2025-09-22T18:05:19+00:00","description":"alt \u00fcst y\u00fczey etiketleme makinesi en yayg\u0131n kullan\u0131lan etiketleme t\u00fcrlerinden birisidir. A\u011f\u0131rl\u0131kl\u0131 olarak haz\u0131r ambalajlara i\u00e7erik listesi ...","breadcrumb":{"@id":"https:\/\/fakomakine.com\/alt-yuzey-etiketleme-makinesi\/#breadcrumb"},"inLanguage":"en-GB","potentialAction":[{"@type":"ReadAction","target":["https:\/\/fakomakine.com\/alt-yuzey-etiketleme-makinesi\/"]}]},{"@type":"ImageObject","inLanguage":"en-GB","@id":"https:\/\/fakomakine.com\/alt-yuzey-etiketleme-makinesi\/#primaryimage","url":"https:\/\/fakomakine.com\/wp-content\/uploads\/2025\/09\/Alt-ust-yuzey-etiketleme-makinesi-1-1024x911.png","contentUrl":"https:\/\/fakomakine.com\/wp-content\/uploads\/2025\/09\/Alt-ust-yuzey-etiketleme-makinesi-1-1024x911.png"},{"@type":"BreadcrumbList","@id":"https:\/\/fakomakine.com\/alt-yuzey-etiketleme-makinesi\/#breadcrumb","itemListElement":[{"@type":"ListItem","position":1,"name":"Ana sayfa","item":"https:\/\/fakomakine.com\/"},{"@type":"ListItem","position":2,"name":"Alt \u00fcst y\u00fczey etiketleme makinesi"}]},{"@type":"WebSite","@id":"https:\/\/fakomakine.com\/#website","url":"https:\/\/fakomakine.com\/","name":"Fako Etiketleme Sistemleri","description":"\u00d6n ve Arka Y\u00fczey Etiketleme","publisher":{"@id":"https:\/\/fakomakine.com\/#organization"},"potentialAction":[{"@type":"SearchAction","target":{"@type":"EntryPoint","urlTemplate":"https:\/\/fakomakine.com\/?s={search_term_string}"},"query-input":{"@type":"PropertyValueSpecification","valueRequired":true,"valueName":"search_term_string"}}],"inLanguage":"en-GB"},{"@type":"Organization","@id":"https:\/\/fakomakine.com\/#organization","name":"Fako Makine - Fako Etiketleme Sistemleri","url":"https:\/\/fakomakine.com\/","logo":{"@type":"ImageObject","inLanguage":"en-GB","@id":"https:\/\/fakomakine.com\/#\/schema\/logo\/image\/","url":"https:\/\/fakomakine.com\/wp-content\/uploads\/2018\/07\/Fako-Etiketleme-Logo.png","contentUrl":"https:\/\/fakomakine.com\/wp-content\/uploads\/2018\/07\/Fako-Etiketleme-Logo.png","width":924,"height":515,"caption":"Fako Makine - Fako Etiketleme Sistemleri"},"image":{"@id":"https:\/\/fakomakine.com\/#\/schema\/logo\/image\/"}}]}},"_links":{"self":[{"href":"https:\/\/fakomakine.com\/en\/wp-json\/wp\/v2\/pages\/155"}],"collection":[{"href":"https:\/\/fakomakine.com\/en\/wp-json\/wp\/v2\/pages"}],"about":[{"href":"https:\/\/fakomakine.com\/en\/wp-json\/wp\/v2\/types\/page"}],"author":[{"embeddable":true,"href":"https:\/\/fakomakine.com\/en\/wp-json\/wp\/v2\/users\/1"}],"replies":[{"embeddable":true,"href":"https:\/\/fakomakine.com\/en\/wp-json\/wp\/v2\/comments?post=155"}],"version-history":[{"count":27,"href":"https:\/\/fakomakine.com\/en\/wp-json\/wp\/v2\/pages\/155\/revisions"}],"predecessor-version":[{"id":1620,"href":"https:\/\/fakomakine.com\/en\/wp-json\/wp\/v2\/pages\/155\/revisions\/1620"}],"wp:attachment":[{"href":"https:\/\/fakomakine.com\/en\/wp-json\/wp\/v2\/media?parent=155"}],"curies":[{"name":"wp","href":"https:\/\/api.w.org\/{rel}","templated":true}]}}