{"id":139,"date":"2018-05-29T12:14:40","date_gmt":"2018-05-29T12:14:40","guid":{"rendered":"http:\/\/eturkan.com\/?page_id=139"},"modified":"2025-09-22T18:35:41","modified_gmt":"2025-09-22T18:35:41","slug":"cok-katmanli-etiketler","status":"publish","type":"page","link":"https:\/\/fakomakine.com\/en\/cok-katmanli-etiketler\/","title":{"rendered":"Multi-Layer Labels"},"content":{"rendered":"<p style=\"text-align: center;\"><img fetchpriority=\"high\" decoding=\"async\" class=\"aligncenter wp-image-1651 size-medium\" style=\"text-align: center;\" src=\"https:\/\/fakomakine.com\/wp-content\/uploads\/2025\/09\/Cok-Katmanli-Etiketler-300x196.jpg\" alt=\"\" width=\"300\" height=\"196\" srcset=\"https:\/\/fakomakine.com\/wp-content\/uploads\/2025\/09\/Cok-Katmanli-Etiketler-300x196.jpg 300w, https:\/\/fakomakine.com\/wp-content\/uploads\/2025\/09\/Cok-Katmanli-Etiketler-768x502.jpg 768w, https:\/\/fakomakine.com\/wp-content\/uploads\/2025\/09\/Cok-Katmanli-Etiketler-18x12.jpg 18w, https:\/\/fakomakine.com\/wp-content\/uploads\/2025\/09\/Cok-Katmanli-Etiketler-230x150.jpg 230w, https:\/\/fakomakine.com\/wp-content\/uploads\/2025\/09\/Cok-Katmanli-Etiketler-350x229.jpg 350w, https:\/\/fakomakine.com\/wp-content\/uploads\/2025\/09\/Cok-Katmanli-Etiketler-480x314.jpg 480w, https:\/\/fakomakine.com\/wp-content\/uploads\/2025\/09\/Cok-Katmanli-Etiketler.jpg 800w\" sizes=\"(max-width: 300px) 100vw, 300px\" \/><span style=\"font-family: 'Arial',sans-serif; color: #333333;\">Multi-layered labels are a highly economic and effective tools to positively influence the decision making of potential buyers at the point of sale and to provide detailed information.<\/span><\/p>\n<p style=\"background: white; margin: 0cm 0cm 9.4pt; text-align: center;\"><span style=\"font-family: 'Arial',sans-serif; color: #333333;\">Such labels can be used for promotional or informational purposes. These labels, which can accommodate more information and visuals than standard labels, will take up as much space as a standard label because of their foldable structures. As Fako Labeling Systems, we are by your side to support you with the design and solutions suitable to your requirements.<\/span><img decoding=\"async\" class=\"aligncenter wp-image-1652 lazyload\" data-src=\"https:\/\/fakomakine.com\/wp-content\/uploads\/2025\/09\/Cok-Katmanli-Etiketler-1-300x70.jpg\" alt=\"\" width=\"690\" height=\"161\" data-srcset=\"https:\/\/fakomakine.com\/wp-content\/uploads\/2025\/09\/Cok-Katmanli-Etiketler-1-300x70.jpg 300w, https:\/\/fakomakine.com\/wp-content\/uploads\/2025\/09\/Cok-Katmanli-Etiketler-1-1024x240.jpg 1024w, https:\/\/fakomakine.com\/wp-content\/uploads\/2025\/09\/Cok-Katmanli-Etiketler-1-768x180.jpg 768w, https:\/\/fakomakine.com\/wp-content\/uploads\/2025\/09\/Cok-Katmanli-Etiketler-1-1536x360.jpg 1536w, https:\/\/fakomakine.com\/wp-content\/uploads\/2025\/09\/Cok-Katmanli-Etiketler-1-18x4.jpg 18w, https:\/\/fakomakine.com\/wp-content\/uploads\/2025\/09\/Cok-Katmanli-Etiketler-1-1000x234.jpg 1000w, https:\/\/fakomakine.com\/wp-content\/uploads\/2025\/09\/Cok-Katmanli-Etiketler-1-230x54.jpg 230w, https:\/\/fakomakine.com\/wp-content\/uploads\/2025\/09\/Cok-Katmanli-Etiketler-1-350x82.jpg 350w, https:\/\/fakomakine.com\/wp-content\/uploads\/2025\/09\/Cok-Katmanli-Etiketler-1-480x113.jpg 480w, https:\/\/fakomakine.com\/wp-content\/uploads\/2025\/09\/Cok-Katmanli-Etiketler-1.jpg 1920w\" data-sizes=\"(max-width: 690px) 100vw, 690px\" src=\"data:image\/svg+xml;base64,PHN2ZyB3aWR0aD0iMSIgaGVpZ2h0PSIxIiB4bWxucz0iaHR0cDovL3d3dy53My5vcmcvMjAwMC9zdmciPjwvc3ZnPg==\" style=\"--smush-placeholder-width: 690px; --smush-placeholder-aspect-ratio: 690\/161;\" \/><\/p>\n<p>\u00a0<\/p>\n<hr \/>\n<p><a href=\"http:\/\/fakomakine.com\/en\/bize-ulasin\/\"><img decoding=\"async\" class=\"aligncenter wp-image-610 lazyload\" data-src=\"http:\/\/eturkan.com\/wp-content\/uploads\/2018\/07\/bu.png\" alt=\"\" width=\"141\" height=\"38\" data-srcset=\"https:\/\/fakomakine.com\/wp-content\/uploads\/2018\/07\/bu.png 896w, https:\/\/fakomakine.com\/wp-content\/uploads\/2018\/07\/bu-300x81.png 300w, https:\/\/fakomakine.com\/wp-content\/uploads\/2018\/07\/bu-768x207.png 768w, https:\/\/fakomakine.com\/wp-content\/uploads\/2018\/07\/bu-640x172.png 640w, https:\/\/fakomakine.com\/wp-content\/uploads\/2018\/07\/bu-830x223.png 830w, https:\/\/fakomakine.com\/wp-content\/uploads\/2018\/07\/bu-230x62.png 230w, https:\/\/fakomakine.com\/wp-content\/uploads\/2018\/07\/bu-350x94.png 350w, https:\/\/fakomakine.com\/wp-content\/uploads\/2018\/07\/bu-480x129.png 480w\" data-sizes=\"(max-width: 141px) 100vw, 141px\" src=\"data:image\/svg+xml;base64,PHN2ZyB3aWR0aD0iMSIgaGVpZ2h0PSIxIiB4bWxucz0iaHR0cDovL3d3dy53My5vcmcvMjAwMC9zdmciPjwvc3ZnPg==\" style=\"--smush-placeholder-width: 141px; --smush-placeholder-aspect-ratio: 141\/38;\" \/><\/a><\/p>\n\n\n<p><\/p>","protected":false},"excerpt":{"rendered":"<p>\u00c7ok katmanl\u0131 etiketler potansiyel al\u0131c\u0131lara y\u00f6nelik sat\u0131\u015f noktas\u0131nda sat\u0131n alma karar\u0131n\u0131 olumlu y\u00f6nde etkilemek ve detayl\u0131 bilgi aktarmak ama\u00e7l\u0131 son derece ekonomik [&hellip;]<\/p>","protected":false},"author":1,"featured_media":0,"parent":0,"menu_order":0,"comment_status":"closed","ping_status":"closed","template":"page-templates\/page_fullwidth.php","meta":{"footnotes":""},"class_list":["post-139","page","type-page","status-publish","hentry"],"yoast_head":"<!-- This site is optimized with the Yoast SEO plugin v23.4 - https:\/\/yoast.com\/wordpress\/plugins\/seo\/ -->\n<title>\u00c7ok Katmanl\u0131 Etiketler - Fako Etiketleme Sistemleri<\/title>\n<meta name=\"description\" content=\"Etiketleme \u00c7\u00f6z\u00fcmlerimiz, \u00dcst Y\u00fczey Etiketleme, \u00d6n ve Arka Y\u00fczey Etiketleme, Alt ve \u00dcst Y\u00fczey Etiketleme, Sarmal Etiketleme, Fonksiyonel Etiketleme.\" \/>\n<meta name=\"robots\" content=\"index, follow, max-snippet:-1, max-image-preview:large, max-video-preview:-1\" \/>\n<link rel=\"canonical\" href=\"https:\/\/fakomakine.com\/en\/cok-katmanli-etiketler\/\" \/>\n<meta property=\"og:locale\" content=\"en_GB\" \/>\n<meta property=\"og:type\" content=\"article\" \/>\n<meta property=\"og:title\" content=\"\u00c7ok Katmanl\u0131 Etiketler - Fako Etiketleme Sistemleri\" \/>\n<meta property=\"og:description\" content=\"Etiketleme \u00c7\u00f6z\u00fcmlerimiz, \u00dcst Y\u00fczey Etiketleme, \u00d6n ve Arka Y\u00fczey Etiketleme, Alt ve \u00dcst Y\u00fczey Etiketleme, Sarmal Etiketleme, Fonksiyonel Etiketleme.\" \/>\n<meta property=\"og:url\" content=\"https:\/\/fakomakine.com\/en\/cok-katmanli-etiketler\/\" \/>\n<meta property=\"og:site_name\" content=\"Fako Etiketleme Sistemleri\" \/>\n<meta property=\"article:modified_time\" content=\"2025-09-22T18:35:41+00:00\" \/>\n<meta property=\"og:image\" content=\"https:\/\/fakomakine.com\/wp-content\/uploads\/2025\/09\/Cok-Katmanli-Etiketler-300x196.jpg\" \/>\n<meta name=\"twitter:card\" content=\"summary_large_image\" \/>\n<meta name=\"twitter:label1\" content=\"Estimated reading time\" \/>\n\t<meta name=\"twitter:data1\" content=\"1 minute\" \/>\n<script type=\"application\/ld+json\" class=\"yoast-schema-graph\">{\"@context\":\"https:\/\/schema.org\",\"@graph\":[{\"@type\":\"WebPage\",\"@id\":\"https:\/\/fakomakine.com\/cok-katmanli-etiketler\/\",\"url\":\"https:\/\/fakomakine.com\/cok-katmanli-etiketler\/\",\"name\":\"\u00c7ok Katmanl\u0131 Etiketler - Fako Etiketleme Sistemleri\",\"isPartOf\":{\"@id\":\"https:\/\/fakomakine.com\/#website\"},\"primaryImageOfPage\":{\"@id\":\"https:\/\/fakomakine.com\/cok-katmanli-etiketler\/#primaryimage\"},\"image\":{\"@id\":\"https:\/\/fakomakine.com\/cok-katmanli-etiketler\/#primaryimage\"},\"thumbnailUrl\":\"https:\/\/fakomakine.com\/wp-content\/uploads\/2025\/09\/Cok-Katmanli-Etiketler-300x196.jpg\",\"datePublished\":\"2018-05-29T12:14:40+00:00\",\"dateModified\":\"2025-09-22T18:35:41+00:00\",\"description\":\"Etiketleme \u00c7\u00f6z\u00fcmlerimiz, \u00dcst Y\u00fczey Etiketleme, \u00d6n ve Arka Y\u00fczey Etiketleme, Alt ve \u00dcst Y\u00fczey Etiketleme, Sarmal Etiketleme, Fonksiyonel Etiketleme.\",\"breadcrumb\":{\"@id\":\"https:\/\/fakomakine.com\/cok-katmanli-etiketler\/#breadcrumb\"},\"inLanguage\":\"en-GB\",\"potentialAction\":[{\"@type\":\"ReadAction\",\"target\":[\"https:\/\/fakomakine.com\/cok-katmanli-etiketler\/\"]}]},{\"@type\":\"ImageObject\",\"inLanguage\":\"en-GB\",\"@id\":\"https:\/\/fakomakine.com\/cok-katmanli-etiketler\/#primaryimage\",\"url\":\"https:\/\/fakomakine.com\/wp-content\/uploads\/2025\/09\/Cok-Katmanli-Etiketler-300x196.jpg\",\"contentUrl\":\"https:\/\/fakomakine.com\/wp-content\/uploads\/2025\/09\/Cok-Katmanli-Etiketler-300x196.jpg\"},{\"@type\":\"BreadcrumbList\",\"@id\":\"https:\/\/fakomakine.com\/cok-katmanli-etiketler\/#breadcrumb\",\"itemListElement\":[{\"@type\":\"ListItem\",\"position\":1,\"name\":\"Ana sayfa\",\"item\":\"https:\/\/fakomakine.com\/\"},{\"@type\":\"ListItem\",\"position\":2,\"name\":\"\u00c7ok Katmanl\u0131 Etiketler\"}]},{\"@type\":\"WebSite\",\"@id\":\"https:\/\/fakomakine.com\/#website\",\"url\":\"https:\/\/fakomakine.com\/\",\"name\":\"Fako Etiketleme Sistemleri\",\"description\":\"\u00d6n ve Arka Y\u00fczey Etiketleme\",\"publisher\":{\"@id\":\"https:\/\/fakomakine.com\/#organization\"},\"potentialAction\":[{\"@type\":\"SearchAction\",\"target\":{\"@type\":\"EntryPoint\",\"urlTemplate\":\"https:\/\/fakomakine.com\/?s={search_term_string}\"},\"query-input\":{\"@type\":\"PropertyValueSpecification\",\"valueRequired\":true,\"valueName\":\"search_term_string\"}}],\"inLanguage\":\"en-GB\"},{\"@type\":\"Organization\",\"@id\":\"https:\/\/fakomakine.com\/#organization\",\"name\":\"Fako Makine - Fako Etiketleme Sistemleri\",\"url\":\"https:\/\/fakomakine.com\/\",\"logo\":{\"@type\":\"ImageObject\",\"inLanguage\":\"en-GB\",\"@id\":\"https:\/\/fakomakine.com\/#\/schema\/logo\/image\/\",\"url\":\"https:\/\/fakomakine.com\/wp-content\/uploads\/2018\/07\/Fako-Etiketleme-Logo.png\",\"contentUrl\":\"https:\/\/fakomakine.com\/wp-content\/uploads\/2018\/07\/Fako-Etiketleme-Logo.png\",\"width\":924,\"height\":515,\"caption\":\"Fako Makine - Fako Etiketleme Sistemleri\"},\"image\":{\"@id\":\"https:\/\/fakomakine.com\/#\/schema\/logo\/image\/\"}}]}<\/script>\n<!-- \/ Yoast SEO plugin. -->","yoast_head_json":{"title":"\u00c7ok Katmanl\u0131 Etiketler - Fako Etiketleme Sistemleri","description":"Etiketleme \u00c7\u00f6z\u00fcmlerimiz, \u00dcst Y\u00fczey Etiketleme, \u00d6n ve Arka Y\u00fczey Etiketleme, Alt ve \u00dcst Y\u00fczey Etiketleme, Sarmal Etiketleme, Fonksiyonel Etiketleme.","robots":{"index":"index","follow":"follow","max-snippet":"max-snippet:-1","max-image-preview":"max-image-preview:large","max-video-preview":"max-video-preview:-1"},"canonical":"https:\/\/fakomakine.com\/en\/cok-katmanli-etiketler\/","og_locale":"en_GB","og_type":"article","og_title":"\u00c7ok Katmanl\u0131 Etiketler - Fako Etiketleme Sistemleri","og_description":"Etiketleme \u00c7\u00f6z\u00fcmlerimiz, \u00dcst Y\u00fczey Etiketleme, \u00d6n ve Arka Y\u00fczey Etiketleme, Alt ve \u00dcst Y\u00fczey Etiketleme, Sarmal Etiketleme, Fonksiyonel Etiketleme.","og_url":"https:\/\/fakomakine.com\/en\/cok-katmanli-etiketler\/","og_site_name":"Fako Etiketleme Sistemleri","article_modified_time":"2025-09-22T18:35:41+00:00","og_image":[{"url":"https:\/\/fakomakine.com\/wp-content\/uploads\/2025\/09\/Cok-Katmanli-Etiketler-300x196.jpg"}],"twitter_card":"summary_large_image","twitter_misc":{"Estimated reading time":"1 minute"},"schema":{"@context":"https:\/\/schema.org","@graph":[{"@type":"WebPage","@id":"https:\/\/fakomakine.com\/cok-katmanli-etiketler\/","url":"https:\/\/fakomakine.com\/cok-katmanli-etiketler\/","name":"\u00c7ok Katmanl\u0131 Etiketler - Fako Etiketleme Sistemleri","isPartOf":{"@id":"https:\/\/fakomakine.com\/#website"},"primaryImageOfPage":{"@id":"https:\/\/fakomakine.com\/cok-katmanli-etiketler\/#primaryimage"},"image":{"@id":"https:\/\/fakomakine.com\/cok-katmanli-etiketler\/#primaryimage"},"thumbnailUrl":"https:\/\/fakomakine.com\/wp-content\/uploads\/2025\/09\/Cok-Katmanli-Etiketler-300x196.jpg","datePublished":"2018-05-29T12:14:40+00:00","dateModified":"2025-09-22T18:35:41+00:00","description":"Etiketleme \u00c7\u00f6z\u00fcmlerimiz, \u00dcst Y\u00fczey Etiketleme, \u00d6n ve Arka Y\u00fczey Etiketleme, Alt ve \u00dcst Y\u00fczey Etiketleme, Sarmal Etiketleme, Fonksiyonel Etiketleme.","breadcrumb":{"@id":"https:\/\/fakomakine.com\/cok-katmanli-etiketler\/#breadcrumb"},"inLanguage":"en-GB","potentialAction":[{"@type":"ReadAction","target":["https:\/\/fakomakine.com\/cok-katmanli-etiketler\/"]}]},{"@type":"ImageObject","inLanguage":"en-GB","@id":"https:\/\/fakomakine.com\/cok-katmanli-etiketler\/#primaryimage","url":"https:\/\/fakomakine.com\/wp-content\/uploads\/2025\/09\/Cok-Katmanli-Etiketler-300x196.jpg","contentUrl":"https:\/\/fakomakine.com\/wp-content\/uploads\/2025\/09\/Cok-Katmanli-Etiketler-300x196.jpg"},{"@type":"BreadcrumbList","@id":"https:\/\/fakomakine.com\/cok-katmanli-etiketler\/#breadcrumb","itemListElement":[{"@type":"ListItem","position":1,"name":"Ana sayfa","item":"https:\/\/fakomakine.com\/"},{"@type":"ListItem","position":2,"name":"\u00c7ok Katmanl\u0131 Etiketler"}]},{"@type":"WebSite","@id":"https:\/\/fakomakine.com\/#website","url":"https:\/\/fakomakine.com\/","name":"Fako Etiketleme Sistemleri","description":"\u00d6n ve Arka Y\u00fczey Etiketleme","publisher":{"@id":"https:\/\/fakomakine.com\/#organization"},"potentialAction":[{"@type":"SearchAction","target":{"@type":"EntryPoint","urlTemplate":"https:\/\/fakomakine.com\/?s={search_term_string}"},"query-input":{"@type":"PropertyValueSpecification","valueRequired":true,"valueName":"search_term_string"}}],"inLanguage":"en-GB"},{"@type":"Organization","@id":"https:\/\/fakomakine.com\/#organization","name":"Fako Makine - Fako Etiketleme Sistemleri","url":"https:\/\/fakomakine.com\/","logo":{"@type":"ImageObject","inLanguage":"en-GB","@id":"https:\/\/fakomakine.com\/#\/schema\/logo\/image\/","url":"https:\/\/fakomakine.com\/wp-content\/uploads\/2018\/07\/Fako-Etiketleme-Logo.png","contentUrl":"https:\/\/fakomakine.com\/wp-content\/uploads\/2018\/07\/Fako-Etiketleme-Logo.png","width":924,"height":515,"caption":"Fako Makine - Fako Etiketleme Sistemleri"},"image":{"@id":"https:\/\/fakomakine.com\/#\/schema\/logo\/image\/"}}]}},"_links":{"self":[{"href":"https:\/\/fakomakine.com\/en\/wp-json\/wp\/v2\/pages\/139"}],"collection":[{"href":"https:\/\/fakomakine.com\/en\/wp-json\/wp\/v2\/pages"}],"about":[{"href":"https:\/\/fakomakine.com\/en\/wp-json\/wp\/v2\/types\/page"}],"author":[{"embeddable":true,"href":"https:\/\/fakomakine.com\/en\/wp-json\/wp\/v2\/users\/1"}],"replies":[{"embeddable":true,"href":"https:\/\/fakomakine.com\/en\/wp-json\/wp\/v2\/comments?post=139"}],"version-history":[{"count":11,"href":"https:\/\/fakomakine.com\/en\/wp-json\/wp\/v2\/pages\/139\/revisions"}],"predecessor-version":[{"id":1654,"href":"https:\/\/fakomakine.com\/en\/wp-json\/wp\/v2\/pages\/139\/revisions\/1654"}],"wp:attachment":[{"href":"https:\/\/fakomakine.com\/en\/wp-json\/wp\/v2\/media?parent=139"}],"curies":[{"name":"wp","href":"https:\/\/api.w.org\/{rel}","templated":true}]}}