{"id":1379,"date":"2022-01-08T12:47:08","date_gmt":"2022-01-08T12:47:08","guid":{"rendered":"https:\/\/fakomakine.com\/?page_id=1379"},"modified":"2022-01-08T13:06:40","modified_gmt":"2022-01-08T13:06:40","slug":"yuvarlak-sise-etiketleme-makinalari","status":"publish","type":"page","link":"https:\/\/fakomakine.com\/en\/yuvarlak-sise-etiketleme-makinalari\/","title":{"rendered":"Yuvarlak \u015fi\u015fe etiketleme makinalar\u0131"},"content":{"rendered":"<figure id=\"attachment_1360\" aria-describedby=\"caption-attachment-1360\" style=\"width: 300px\" class=\"wp-caption alignleft\"><img fetchpriority=\"high\" decoding=\"async\" class=\"wp-image-1360 size-medium\" src=\"https:\/\/fakomakine.com\/wp-content\/uploads\/2020\/03\/Ekran-Resmi-2020-03-26-15.21.19-300x275.png\" alt=\"Yuvarlak \u015fi\u015fe etiketleme makinesi\" width=\"300\" height=\"275\" srcset=\"https:\/\/fakomakine.com\/wp-content\/uploads\/2020\/03\/Ekran-Resmi-2020-03-26-15.21.19-300x275.png 300w, https:\/\/fakomakine.com\/wp-content\/uploads\/2020\/03\/Ekran-Resmi-2020-03-26-15.21.19-230x211.png 230w, https:\/\/fakomakine.com\/wp-content\/uploads\/2020\/03\/Ekran-Resmi-2020-03-26-15.21.19-350x320.png 350w, https:\/\/fakomakine.com\/wp-content\/uploads\/2020\/03\/Ekran-Resmi-2020-03-26-15.21.19-480x439.png 480w, https:\/\/fakomakine.com\/wp-content\/uploads\/2020\/03\/Ekran-Resmi-2020-03-26-15.21.19.png 544w\" sizes=\"(max-width: 300px) 100vw, 300px\" \/><figcaption id=\"caption-attachment-1360\" class=\"wp-caption-text\">Yuvarlak \u015fi\u015fe etiketleme makinesi<\/figcaption><\/figure>\n<p>yuvarlak \u015fi\u015fe etiketleme makinalar\u0131; \u015fi\u015fe, kavanoz ve silindir ambalaj etiketlemesi gibi bir\u00e7ok farkl\u0131 \u00fcr\u00fcnde vazge\u00e7ilmezdir. Bu etiketleme uygulamas\u0131n\u0131n en \u00e7ok tercih edildi\u011fi alan \u00fcr\u00fcnlerin a\u011f\u0131rl\u0131kl\u0131 olarak d\u00f6ner bantlarda h\u0131zla ve y\u00fcksek adetlerde etiketlendi\u011fi i\u00e7ecek sekt\u00f6r\u00fcd\u00fcr. Fako Etiketleme Sistemleri, yuvarlak \u015fi\u015fe etiketleme makinalar\u0131 ile birlikte sizlere bu sistemlere uygun <a href=\"https:\/\/fakomakine.com\/en\/etiketleme-modulleri\/\">etiketleme mod\u00fcl\u00fc<\/a> ve etiketleme aplikat\u00f6r\u00fc sunmaktad\u0131r.<\/p>\n<p>In labeling, using the surface area as efficiently as possible is at the utmost importance. Therefore, Wrap Around labeling is the ideal solution for cylindrical packages. In this process, label is applied by wrapping around the product partially or completely.<\/p>\n<p>Dilerseniz \u00fcr\u00fcn\u00fcm\u00fczle ilgili detayl\u0131 bilgi i\u00e7in bizi arayabilirsiniz :\u00a0<a href=\"tel:+902163076699\">+90 216 307 66 99<\/a><\/p>\n<p style=\"text-align: right;\"><span style=\"color: #999999;\">Google \u00fczerinde\u00a0<a href=\"https:\/\/www.google.com\/search?q=Yuvarlak+%C5%9Fi%C5%9Fe+etiketleme+makinesi&amp;oq=Yuvarlak+%C5%9Fi%C5%9Fe+etiketleme+makinesi&amp;aqs=chrome..69i57.563j0j1&amp;sourceid=chrome&amp;ie=UTF-8\">Yuvarlak \u015fi\u015fe etiketleme makinesi<\/a> aramas\u0131 yaparak bu sayfaya eri\u015ftiniz.<\/span><\/p>","protected":false},"excerpt":{"rendered":"<p>yuvarlak \u015fi\u015fe etiketleme makinalar\u0131; \u015fi\u015fe, kavanoz ve silindir ambalaj etiketlemesi gibi bir\u00e7ok farkl\u0131 \u00fcr\u00fcnde vazge\u00e7ilmezdir. Bu etiketleme uygulamas\u0131n\u0131n en \u00e7ok tercih edildi\u011fi [&hellip;]<\/p>","protected":false},"author":1,"featured_media":0,"parent":0,"menu_order":0,"comment_status":"closed","ping_status":"closed","template":"","meta":{"footnotes":""},"class_list":["post-1379","page","type-page","status-publish","hentry"],"yoast_head":"<!-- This site is optimized with the Yoast SEO plugin v23.4 - https:\/\/yoast.com\/wordpress\/plugins\/seo\/ -->\n<title>Yuvarlak \u015fi\u015fe etiketleme makinalar\u0131 - Fako Etiketleme Sistemleri<\/title>\n<meta name=\"description\" content=\"yuvarlak \u015fi\u015fe etiketleme makinalar\u0131, \u00e7ift taraf etiketleme makinesi, \u00fcst y\u00fczey etiketleme makinesi, alt \u00fcst y\u00fczey etiketleme makinesi\" \/>\n<meta name=\"robots\" content=\"index, follow, max-snippet:-1, max-image-preview:large, max-video-preview:-1\" \/>\n<link rel=\"canonical\" href=\"https:\/\/fakomakine.com\/en\/yuvarlak-sise-etiketleme-makinalari\/\" \/>\n<meta property=\"og:locale\" content=\"en_GB\" \/>\n<meta property=\"og:type\" content=\"article\" \/>\n<meta property=\"og:title\" content=\"Yuvarlak \u015fi\u015fe etiketleme makinalar\u0131 - Fako Etiketleme Sistemleri\" \/>\n<meta property=\"og:description\" content=\"yuvarlak \u015fi\u015fe etiketleme makinalar\u0131, \u00e7ift taraf etiketleme makinesi, \u00fcst y\u00fczey etiketleme makinesi, alt \u00fcst y\u00fczey etiketleme makinesi\" \/>\n<meta property=\"og:url\" content=\"https:\/\/fakomakine.com\/en\/yuvarlak-sise-etiketleme-makinalari\/\" \/>\n<meta property=\"og:site_name\" content=\"Fako Etiketleme Sistemleri\" \/>\n<meta property=\"article:modified_time\" content=\"2022-01-08T13:06:40+00:00\" \/>\n<meta property=\"og:image\" content=\"https:\/\/fakomakine.com\/wp-content\/uploads\/2020\/03\/Ekran-Resmi-2020-03-26-15.21.19-300x275.png\" \/>\n<meta name=\"twitter:card\" content=\"summary_large_image\" \/>\n<meta name=\"twitter:label1\" content=\"Estimated reading time\" \/>\n\t<meta name=\"twitter:data1\" content=\"1 minute\" \/>\n<script type=\"application\/ld+json\" class=\"yoast-schema-graph\">{\"@context\":\"https:\/\/schema.org\",\"@graph\":[{\"@type\":\"WebPage\",\"@id\":\"https:\/\/fakomakine.com\/yuvarlak-sise-etiketleme-makinalari\/\",\"url\":\"https:\/\/fakomakine.com\/yuvarlak-sise-etiketleme-makinalari\/\",\"name\":\"Yuvarlak \u015fi\u015fe etiketleme makinalar\u0131 - Fako Etiketleme Sistemleri\",\"isPartOf\":{\"@id\":\"https:\/\/fakomakine.com\/#website\"},\"primaryImageOfPage\":{\"@id\":\"https:\/\/fakomakine.com\/yuvarlak-sise-etiketleme-makinalari\/#primaryimage\"},\"image\":{\"@id\":\"https:\/\/fakomakine.com\/yuvarlak-sise-etiketleme-makinalari\/#primaryimage\"},\"thumbnailUrl\":\"https:\/\/fakomakine.com\/wp-content\/uploads\/2020\/03\/Ekran-Resmi-2020-03-26-15.21.19-300x275.png\",\"datePublished\":\"2022-01-08T12:47:08+00:00\",\"dateModified\":\"2022-01-08T13:06:40+00:00\",\"description\":\"yuvarlak \u015fi\u015fe etiketleme makinalar\u0131, \u00e7ift taraf etiketleme makinesi, \u00fcst y\u00fczey etiketleme makinesi, alt \u00fcst y\u00fczey etiketleme makinesi\",\"breadcrumb\":{\"@id\":\"https:\/\/fakomakine.com\/yuvarlak-sise-etiketleme-makinalari\/#breadcrumb\"},\"inLanguage\":\"en-GB\",\"potentialAction\":[{\"@type\":\"ReadAction\",\"target\":[\"https:\/\/fakomakine.com\/yuvarlak-sise-etiketleme-makinalari\/\"]}]},{\"@type\":\"ImageObject\",\"inLanguage\":\"en-GB\",\"@id\":\"https:\/\/fakomakine.com\/yuvarlak-sise-etiketleme-makinalari\/#primaryimage\",\"url\":\"https:\/\/fakomakine.com\/wp-content\/uploads\/2020\/03\/Ekran-Resmi-2020-03-26-15.21.19-300x275.png\",\"contentUrl\":\"https:\/\/fakomakine.com\/wp-content\/uploads\/2020\/03\/Ekran-Resmi-2020-03-26-15.21.19-300x275.png\"},{\"@type\":\"BreadcrumbList\",\"@id\":\"https:\/\/fakomakine.com\/yuvarlak-sise-etiketleme-makinalari\/#breadcrumb\",\"itemListElement\":[{\"@type\":\"ListItem\",\"position\":1,\"name\":\"Ana sayfa\",\"item\":\"https:\/\/fakomakine.com\/\"},{\"@type\":\"ListItem\",\"position\":2,\"name\":\"Yuvarlak \u015fi\u015fe etiketleme makinalar\u0131\"}]},{\"@type\":\"WebSite\",\"@id\":\"https:\/\/fakomakine.com\/#website\",\"url\":\"https:\/\/fakomakine.com\/\",\"name\":\"Fako Etiketleme Sistemleri\",\"description\":\"\u00d6n ve Arka Y\u00fczey Etiketleme\",\"publisher\":{\"@id\":\"https:\/\/fakomakine.com\/#organization\"},\"potentialAction\":[{\"@type\":\"SearchAction\",\"target\":{\"@type\":\"EntryPoint\",\"urlTemplate\":\"https:\/\/fakomakine.com\/?s={search_term_string}\"},\"query-input\":{\"@type\":\"PropertyValueSpecification\",\"valueRequired\":true,\"valueName\":\"search_term_string\"}}],\"inLanguage\":\"en-GB\"},{\"@type\":\"Organization\",\"@id\":\"https:\/\/fakomakine.com\/#organization\",\"name\":\"Fako Makine - Fako Etiketleme Sistemleri\",\"url\":\"https:\/\/fakomakine.com\/\",\"logo\":{\"@type\":\"ImageObject\",\"inLanguage\":\"en-GB\",\"@id\":\"https:\/\/fakomakine.com\/#\/schema\/logo\/image\/\",\"url\":\"https:\/\/fakomakine.com\/wp-content\/uploads\/2018\/07\/Fako-Etiketleme-Logo.png\",\"contentUrl\":\"https:\/\/fakomakine.com\/wp-content\/uploads\/2018\/07\/Fako-Etiketleme-Logo.png\",\"width\":924,\"height\":515,\"caption\":\"Fako Makine - Fako Etiketleme Sistemleri\"},\"image\":{\"@id\":\"https:\/\/fakomakine.com\/#\/schema\/logo\/image\/\"}}]}<\/script>\n<!-- \/ Yoast SEO plugin. -->","yoast_head_json":{"title":"Yuvarlak \u015fi\u015fe etiketleme makinalar\u0131 - Fako Etiketleme Sistemleri","description":"yuvarlak \u015fi\u015fe etiketleme makinalar\u0131, \u00e7ift taraf etiketleme makinesi, \u00fcst y\u00fczey etiketleme makinesi, alt \u00fcst y\u00fczey etiketleme makinesi","robots":{"index":"index","follow":"follow","max-snippet":"max-snippet:-1","max-image-preview":"max-image-preview:large","max-video-preview":"max-video-preview:-1"},"canonical":"https:\/\/fakomakine.com\/en\/yuvarlak-sise-etiketleme-makinalari\/","og_locale":"en_GB","og_type":"article","og_title":"Yuvarlak \u015fi\u015fe etiketleme makinalar\u0131 - Fako Etiketleme Sistemleri","og_description":"yuvarlak \u015fi\u015fe etiketleme makinalar\u0131, \u00e7ift taraf etiketleme makinesi, \u00fcst y\u00fczey etiketleme makinesi, alt \u00fcst y\u00fczey etiketleme makinesi","og_url":"https:\/\/fakomakine.com\/en\/yuvarlak-sise-etiketleme-makinalari\/","og_site_name":"Fako Etiketleme Sistemleri","article_modified_time":"2022-01-08T13:06:40+00:00","og_image":[{"url":"https:\/\/fakomakine.com\/wp-content\/uploads\/2020\/03\/Ekran-Resmi-2020-03-26-15.21.19-300x275.png"}],"twitter_card":"summary_large_image","twitter_misc":{"Estimated reading time":"1 minute"},"schema":{"@context":"https:\/\/schema.org","@graph":[{"@type":"WebPage","@id":"https:\/\/fakomakine.com\/yuvarlak-sise-etiketleme-makinalari\/","url":"https:\/\/fakomakine.com\/yuvarlak-sise-etiketleme-makinalari\/","name":"Yuvarlak \u015fi\u015fe etiketleme makinalar\u0131 - Fako Etiketleme Sistemleri","isPartOf":{"@id":"https:\/\/fakomakine.com\/#website"},"primaryImageOfPage":{"@id":"https:\/\/fakomakine.com\/yuvarlak-sise-etiketleme-makinalari\/#primaryimage"},"image":{"@id":"https:\/\/fakomakine.com\/yuvarlak-sise-etiketleme-makinalari\/#primaryimage"},"thumbnailUrl":"https:\/\/fakomakine.com\/wp-content\/uploads\/2020\/03\/Ekran-Resmi-2020-03-26-15.21.19-300x275.png","datePublished":"2022-01-08T12:47:08+00:00","dateModified":"2022-01-08T13:06:40+00:00","description":"yuvarlak \u015fi\u015fe etiketleme makinalar\u0131, \u00e7ift taraf etiketleme makinesi, \u00fcst y\u00fczey etiketleme makinesi, alt \u00fcst y\u00fczey etiketleme makinesi","breadcrumb":{"@id":"https:\/\/fakomakine.com\/yuvarlak-sise-etiketleme-makinalari\/#breadcrumb"},"inLanguage":"en-GB","potentialAction":[{"@type":"ReadAction","target":["https:\/\/fakomakine.com\/yuvarlak-sise-etiketleme-makinalari\/"]}]},{"@type":"ImageObject","inLanguage":"en-GB","@id":"https:\/\/fakomakine.com\/yuvarlak-sise-etiketleme-makinalari\/#primaryimage","url":"https:\/\/fakomakine.com\/wp-content\/uploads\/2020\/03\/Ekran-Resmi-2020-03-26-15.21.19-300x275.png","contentUrl":"https:\/\/fakomakine.com\/wp-content\/uploads\/2020\/03\/Ekran-Resmi-2020-03-26-15.21.19-300x275.png"},{"@type":"BreadcrumbList","@id":"https:\/\/fakomakine.com\/yuvarlak-sise-etiketleme-makinalari\/#breadcrumb","itemListElement":[{"@type":"ListItem","position":1,"name":"Ana sayfa","item":"https:\/\/fakomakine.com\/"},{"@type":"ListItem","position":2,"name":"Yuvarlak \u015fi\u015fe etiketleme makinalar\u0131"}]},{"@type":"WebSite","@id":"https:\/\/fakomakine.com\/#website","url":"https:\/\/fakomakine.com\/","name":"Fako Etiketleme Sistemleri","description":"\u00d6n ve Arka Y\u00fczey Etiketleme","publisher":{"@id":"https:\/\/fakomakine.com\/#organization"},"potentialAction":[{"@type":"SearchAction","target":{"@type":"EntryPoint","urlTemplate":"https:\/\/fakomakine.com\/?s={search_term_string}"},"query-input":{"@type":"PropertyValueSpecification","valueRequired":true,"valueName":"search_term_string"}}],"inLanguage":"en-GB"},{"@type":"Organization","@id":"https:\/\/fakomakine.com\/#organization","name":"Fako Makine - Fako Etiketleme Sistemleri","url":"https:\/\/fakomakine.com\/","logo":{"@type":"ImageObject","inLanguage":"en-GB","@id":"https:\/\/fakomakine.com\/#\/schema\/logo\/image\/","url":"https:\/\/fakomakine.com\/wp-content\/uploads\/2018\/07\/Fako-Etiketleme-Logo.png","contentUrl":"https:\/\/fakomakine.com\/wp-content\/uploads\/2018\/07\/Fako-Etiketleme-Logo.png","width":924,"height":515,"caption":"Fako Makine - Fako Etiketleme Sistemleri"},"image":{"@id":"https:\/\/fakomakine.com\/#\/schema\/logo\/image\/"}}]}},"_links":{"self":[{"href":"https:\/\/fakomakine.com\/en\/wp-json\/wp\/v2\/pages\/1379"}],"collection":[{"href":"https:\/\/fakomakine.com\/en\/wp-json\/wp\/v2\/pages"}],"about":[{"href":"https:\/\/fakomakine.com\/en\/wp-json\/wp\/v2\/types\/page"}],"author":[{"embeddable":true,"href":"https:\/\/fakomakine.com\/en\/wp-json\/wp\/v2\/users\/1"}],"replies":[{"embeddable":true,"href":"https:\/\/fakomakine.com\/en\/wp-json\/wp\/v2\/comments?post=1379"}],"version-history":[{"count":4,"href":"https:\/\/fakomakine.com\/en\/wp-json\/wp\/v2\/pages\/1379\/revisions"}],"predecessor-version":[{"id":1384,"href":"https:\/\/fakomakine.com\/en\/wp-json\/wp\/v2\/pages\/1379\/revisions\/1384"}],"wp:attachment":[{"href":"https:\/\/fakomakine.com\/en\/wp-json\/wp\/v2\/media?parent=1379"}],"curies":[{"name":"wp","href":"https:\/\/api.w.org\/{rel}","templated":true}]}}