{"id":129,"date":"2018-05-29T12:10:33","date_gmt":"2018-05-29T12:10:33","guid":{"rendered":"http:\/\/eturkan.com\/?page_id=129"},"modified":"2025-09-22T18:33:03","modified_gmt":"2025-09-22T18:33:03","slug":"tek-katmanli-etiketler","status":"publish","type":"page","link":"https:\/\/fakomakine.com\/en\/tek-katmanli-etiketler\/","title":{"rendered":"Single-Layer Labels"},"content":{"rendered":"<hr \/>\n<p><img fetchpriority=\"high\" decoding=\"async\" class=\"aligncenter wp-image-1648 size-medium\" src=\"https:\/\/fakomakine.com\/wp-content\/uploads\/2025\/09\/Tek-Katmanli-Etiketler-300x227.jpg\" alt=\"\" width=\"300\" height=\"227\" srcset=\"https:\/\/fakomakine.com\/wp-content\/uploads\/2025\/09\/Tek-Katmanli-Etiketler-300x227.jpg 300w, https:\/\/fakomakine.com\/wp-content\/uploads\/2025\/09\/Tek-Katmanli-Etiketler-1024x775.jpg 1024w, https:\/\/fakomakine.com\/wp-content\/uploads\/2025\/09\/Tek-Katmanli-Etiketler-768x581.jpg 768w, https:\/\/fakomakine.com\/wp-content\/uploads\/2025\/09\/Tek-Katmanli-Etiketler-16x12.jpg 16w, https:\/\/fakomakine.com\/wp-content\/uploads\/2025\/09\/Tek-Katmanli-Etiketler-1000x756.jpg 1000w, https:\/\/fakomakine.com\/wp-content\/uploads\/2025\/09\/Tek-Katmanli-Etiketler-230x174.jpg 230w, https:\/\/fakomakine.com\/wp-content\/uploads\/2025\/09\/Tek-Katmanli-Etiketler-350x265.jpg 350w, https:\/\/fakomakine.com\/wp-content\/uploads\/2025\/09\/Tek-Katmanli-Etiketler-480x363.jpg 480w, https:\/\/fakomakine.com\/wp-content\/uploads\/2025\/09\/Tek-Katmanli-Etiketler.jpg 1211w\" sizes=\"(max-width: 300px) 100vw, 300px\" \/><\/p>\n<p style=\"text-align: center;\">Single-layered labels are visually powerful labels with a wide range of applications. Visually strong labels help give your products an attractive appearance at the point of sale for potential buyers. It is a very economical solution for obtaining a high-quality product and brand design thanks to its flexible fields of use.<\/p>\n<p style=\"text-align: center;\">Fako Labeling Systems offers you a wide range of low or high quantity labels ranging from simple standard labels to custom design labels to suit your requirements.\u00a0<img decoding=\"async\" class=\"aligncenter wp-image-1649 size-medium lazyload\" data-src=\"https:\/\/fakomakine.com\/wp-content\/uploads\/2025\/09\/Tek-Katmanli-Etiketler-1-300x214.jpg\" alt=\"\" width=\"300\" height=\"214\" data-srcset=\"https:\/\/fakomakine.com\/wp-content\/uploads\/2025\/09\/Tek-Katmanli-Etiketler-1-300x214.jpg 300w, https:\/\/fakomakine.com\/wp-content\/uploads\/2025\/09\/Tek-Katmanli-Etiketler-1-1024x731.jpg 1024w, https:\/\/fakomakine.com\/wp-content\/uploads\/2025\/09\/Tek-Katmanli-Etiketler-1-768x548.jpg 768w, https:\/\/fakomakine.com\/wp-content\/uploads\/2025\/09\/Tek-Katmanli-Etiketler-1-1536x1096.jpg 1536w, https:\/\/fakomakine.com\/wp-content\/uploads\/2025\/09\/Tek-Katmanli-Etiketler-1-2048x1462.jpg 2048w, https:\/\/fakomakine.com\/wp-content\/uploads\/2025\/09\/Tek-Katmanli-Etiketler-1-18x12.jpg 18w, https:\/\/fakomakine.com\/wp-content\/uploads\/2025\/09\/Tek-Katmanli-Etiketler-1-1000x714.jpg 1000w, https:\/\/fakomakine.com\/wp-content\/uploads\/2025\/09\/Tek-Katmanli-Etiketler-1-230x164.jpg 230w, https:\/\/fakomakine.com\/wp-content\/uploads\/2025\/09\/Tek-Katmanli-Etiketler-1-350x250.jpg 350w, https:\/\/fakomakine.com\/wp-content\/uploads\/2025\/09\/Tek-Katmanli-Etiketler-1-480x343.jpg 480w\" data-sizes=\"(max-width: 300px) 100vw, 300px\" src=\"data:image\/svg+xml;base64,PHN2ZyB3aWR0aD0iMSIgaGVpZ2h0PSIxIiB4bWxucz0iaHR0cDovL3d3dy53My5vcmcvMjAwMC9zdmciPjwvc3ZnPg==\" style=\"--smush-placeholder-width: 300px; --smush-placeholder-aspect-ratio: 300\/214;\" \/><\/p>","protected":false},"excerpt":{"rendered":"<p>Tek katmanl\u0131 etiketler olduk\u00e7a yayg\u0131n bir kullan\u0131m alan\u0131na sahip g\u00f6rsel a\u00e7\u0131dan son derece g\u00fc\u00e7l\u00fc etiketlerdir.\u00a0G\u00f6rsel y\u00f6n\u00fc g\u00fc\u00e7l\u00fc etiketler, potansiyel al\u0131c\u0131lar i\u00e7in \u00fcr\u00fcnlerinize [&hellip;]<\/p>","protected":false},"author":1,"featured_media":0,"parent":0,"menu_order":0,"comment_status":"closed","ping_status":"closed","template":"page-templates\/page_fullwidth.php","meta":{"footnotes":""},"class_list":["post-129","page","type-page","status-publish","hentry"],"yoast_head":"<!-- This site is optimized with the Yoast SEO plugin v23.4 - https:\/\/yoast.com\/wordpress\/plugins\/seo\/ -->\n<title>Tek Katmanl\u0131 Etiketler - Fako Etiketleme Sistemleri<\/title>\n<meta name=\"description\" content=\"Etiketleme \u00c7\u00f6z\u00fcmlerimiz, \u00dcst Y\u00fczey Etiketleme, \u00d6n ve Arka Y\u00fczey Etiketleme, Alt ve \u00dcst Y\u00fczey Etiketleme, Sarmal Etiketleme, Fonksiyonel Etiketleme, \u00dc\u00e7 Y\u00fczey Etiketleme\" \/>\n<meta name=\"robots\" content=\"index, follow, max-snippet:-1, max-image-preview:large, max-video-preview:-1\" \/>\n<link rel=\"canonical\" href=\"https:\/\/fakomakine.com\/en\/tek-katmanli-etiketler\/\" \/>\n<meta property=\"og:locale\" content=\"en_GB\" \/>\n<meta property=\"og:type\" content=\"article\" \/>\n<meta property=\"og:title\" content=\"Tek Katmanl\u0131 Etiketler - Fako Etiketleme Sistemleri\" \/>\n<meta property=\"og:description\" content=\"Etiketleme \u00c7\u00f6z\u00fcmlerimiz, \u00dcst Y\u00fczey Etiketleme, \u00d6n ve Arka Y\u00fczey Etiketleme, Alt ve \u00dcst Y\u00fczey Etiketleme, Sarmal Etiketleme, Fonksiyonel Etiketleme, \u00dc\u00e7 Y\u00fczey Etiketleme\" \/>\n<meta property=\"og:url\" content=\"https:\/\/fakomakine.com\/en\/tek-katmanli-etiketler\/\" \/>\n<meta property=\"og:site_name\" content=\"Fako Etiketleme Sistemleri\" \/>\n<meta property=\"article:modified_time\" content=\"2025-09-22T18:33:03+00:00\" \/>\n<meta property=\"og:image\" content=\"https:\/\/fakomakine.com\/wp-content\/uploads\/2025\/09\/Tek-Katmanli-Etiketler-300x227.jpg\" \/>\n<meta name=\"twitter:card\" content=\"summary_large_image\" \/>\n<meta name=\"twitter:label1\" content=\"Estimated reading time\" \/>\n\t<meta name=\"twitter:data1\" content=\"1 minute\" \/>\n<script type=\"application\/ld+json\" class=\"yoast-schema-graph\">{\"@context\":\"https:\/\/schema.org\",\"@graph\":[{\"@type\":\"WebPage\",\"@id\":\"https:\/\/fakomakine.com\/tek-katmanli-etiketler\/\",\"url\":\"https:\/\/fakomakine.com\/tek-katmanli-etiketler\/\",\"name\":\"Tek Katmanl\u0131 Etiketler - Fako Etiketleme Sistemleri\",\"isPartOf\":{\"@id\":\"https:\/\/fakomakine.com\/#website\"},\"primaryImageOfPage\":{\"@id\":\"https:\/\/fakomakine.com\/tek-katmanli-etiketler\/#primaryimage\"},\"image\":{\"@id\":\"https:\/\/fakomakine.com\/tek-katmanli-etiketler\/#primaryimage\"},\"thumbnailUrl\":\"https:\/\/fakomakine.com\/wp-content\/uploads\/2025\/09\/Tek-Katmanli-Etiketler-300x227.jpg\",\"datePublished\":\"2018-05-29T12:10:33+00:00\",\"dateModified\":\"2025-09-22T18:33:03+00:00\",\"description\":\"Etiketleme \u00c7\u00f6z\u00fcmlerimiz, \u00dcst Y\u00fczey Etiketleme, \u00d6n ve Arka Y\u00fczey Etiketleme, Alt ve \u00dcst Y\u00fczey Etiketleme, Sarmal Etiketleme, Fonksiyonel Etiketleme, \u00dc\u00e7 Y\u00fczey Etiketleme\",\"breadcrumb\":{\"@id\":\"https:\/\/fakomakine.com\/tek-katmanli-etiketler\/#breadcrumb\"},\"inLanguage\":\"en-GB\",\"potentialAction\":[{\"@type\":\"ReadAction\",\"target\":[\"https:\/\/fakomakine.com\/tek-katmanli-etiketler\/\"]}]},{\"@type\":\"ImageObject\",\"inLanguage\":\"en-GB\",\"@id\":\"https:\/\/fakomakine.com\/tek-katmanli-etiketler\/#primaryimage\",\"url\":\"https:\/\/fakomakine.com\/wp-content\/uploads\/2025\/09\/Tek-Katmanli-Etiketler-300x227.jpg\",\"contentUrl\":\"https:\/\/fakomakine.com\/wp-content\/uploads\/2025\/09\/Tek-Katmanli-Etiketler-300x227.jpg\"},{\"@type\":\"BreadcrumbList\",\"@id\":\"https:\/\/fakomakine.com\/tek-katmanli-etiketler\/#breadcrumb\",\"itemListElement\":[{\"@type\":\"ListItem\",\"position\":1,\"name\":\"Ana sayfa\",\"item\":\"https:\/\/fakomakine.com\/\"},{\"@type\":\"ListItem\",\"position\":2,\"name\":\"Tek Katmanl\u0131 Etiketler\"}]},{\"@type\":\"WebSite\",\"@id\":\"https:\/\/fakomakine.com\/#website\",\"url\":\"https:\/\/fakomakine.com\/\",\"name\":\"Fako Etiketleme Sistemleri\",\"description\":\"\u00d6n ve Arka Y\u00fczey Etiketleme\",\"publisher\":{\"@id\":\"https:\/\/fakomakine.com\/#organization\"},\"potentialAction\":[{\"@type\":\"SearchAction\",\"target\":{\"@type\":\"EntryPoint\",\"urlTemplate\":\"https:\/\/fakomakine.com\/?s={search_term_string}\"},\"query-input\":{\"@type\":\"PropertyValueSpecification\",\"valueRequired\":true,\"valueName\":\"search_term_string\"}}],\"inLanguage\":\"en-GB\"},{\"@type\":\"Organization\",\"@id\":\"https:\/\/fakomakine.com\/#organization\",\"name\":\"Fako Makine - Fako Etiketleme Sistemleri\",\"url\":\"https:\/\/fakomakine.com\/\",\"logo\":{\"@type\":\"ImageObject\",\"inLanguage\":\"en-GB\",\"@id\":\"https:\/\/fakomakine.com\/#\/schema\/logo\/image\/\",\"url\":\"https:\/\/fakomakine.com\/wp-content\/uploads\/2018\/07\/Fako-Etiketleme-Logo.png\",\"contentUrl\":\"https:\/\/fakomakine.com\/wp-content\/uploads\/2018\/07\/Fako-Etiketleme-Logo.png\",\"width\":924,\"height\":515,\"caption\":\"Fako Makine - Fako Etiketleme Sistemleri\"},\"image\":{\"@id\":\"https:\/\/fakomakine.com\/#\/schema\/logo\/image\/\"}}]}<\/script>\n<!-- \/ Yoast SEO plugin. -->","yoast_head_json":{"title":"Tek Katmanl\u0131 Etiketler - Fako Etiketleme Sistemleri","description":"Etiketleme \u00c7\u00f6z\u00fcmlerimiz, \u00dcst Y\u00fczey Etiketleme, \u00d6n ve Arka Y\u00fczey Etiketleme, Alt ve \u00dcst Y\u00fczey Etiketleme, Sarmal Etiketleme, Fonksiyonel Etiketleme, \u00dc\u00e7 Y\u00fczey Etiketleme","robots":{"index":"index","follow":"follow","max-snippet":"max-snippet:-1","max-image-preview":"max-image-preview:large","max-video-preview":"max-video-preview:-1"},"canonical":"https:\/\/fakomakine.com\/en\/tek-katmanli-etiketler\/","og_locale":"en_GB","og_type":"article","og_title":"Tek Katmanl\u0131 Etiketler - Fako Etiketleme Sistemleri","og_description":"Etiketleme \u00c7\u00f6z\u00fcmlerimiz, \u00dcst Y\u00fczey Etiketleme, \u00d6n ve Arka Y\u00fczey Etiketleme, Alt ve \u00dcst Y\u00fczey Etiketleme, Sarmal Etiketleme, Fonksiyonel Etiketleme, \u00dc\u00e7 Y\u00fczey Etiketleme","og_url":"https:\/\/fakomakine.com\/en\/tek-katmanli-etiketler\/","og_site_name":"Fako Etiketleme Sistemleri","article_modified_time":"2025-09-22T18:33:03+00:00","og_image":[{"url":"https:\/\/fakomakine.com\/wp-content\/uploads\/2025\/09\/Tek-Katmanli-Etiketler-300x227.jpg"}],"twitter_card":"summary_large_image","twitter_misc":{"Estimated reading time":"1 minute"},"schema":{"@context":"https:\/\/schema.org","@graph":[{"@type":"WebPage","@id":"https:\/\/fakomakine.com\/tek-katmanli-etiketler\/","url":"https:\/\/fakomakine.com\/tek-katmanli-etiketler\/","name":"Tek Katmanl\u0131 Etiketler - Fako Etiketleme Sistemleri","isPartOf":{"@id":"https:\/\/fakomakine.com\/#website"},"primaryImageOfPage":{"@id":"https:\/\/fakomakine.com\/tek-katmanli-etiketler\/#primaryimage"},"image":{"@id":"https:\/\/fakomakine.com\/tek-katmanli-etiketler\/#primaryimage"},"thumbnailUrl":"https:\/\/fakomakine.com\/wp-content\/uploads\/2025\/09\/Tek-Katmanli-Etiketler-300x227.jpg","datePublished":"2018-05-29T12:10:33+00:00","dateModified":"2025-09-22T18:33:03+00:00","description":"Etiketleme \u00c7\u00f6z\u00fcmlerimiz, \u00dcst Y\u00fczey Etiketleme, \u00d6n ve Arka Y\u00fczey Etiketleme, Alt ve \u00dcst Y\u00fczey Etiketleme, Sarmal Etiketleme, Fonksiyonel Etiketleme, \u00dc\u00e7 Y\u00fczey Etiketleme","breadcrumb":{"@id":"https:\/\/fakomakine.com\/tek-katmanli-etiketler\/#breadcrumb"},"inLanguage":"en-GB","potentialAction":[{"@type":"ReadAction","target":["https:\/\/fakomakine.com\/tek-katmanli-etiketler\/"]}]},{"@type":"ImageObject","inLanguage":"en-GB","@id":"https:\/\/fakomakine.com\/tek-katmanli-etiketler\/#primaryimage","url":"https:\/\/fakomakine.com\/wp-content\/uploads\/2025\/09\/Tek-Katmanli-Etiketler-300x227.jpg","contentUrl":"https:\/\/fakomakine.com\/wp-content\/uploads\/2025\/09\/Tek-Katmanli-Etiketler-300x227.jpg"},{"@type":"BreadcrumbList","@id":"https:\/\/fakomakine.com\/tek-katmanli-etiketler\/#breadcrumb","itemListElement":[{"@type":"ListItem","position":1,"name":"Ana sayfa","item":"https:\/\/fakomakine.com\/"},{"@type":"ListItem","position":2,"name":"Tek Katmanl\u0131 Etiketler"}]},{"@type":"WebSite","@id":"https:\/\/fakomakine.com\/#website","url":"https:\/\/fakomakine.com\/","name":"Fako Etiketleme Sistemleri","description":"\u00d6n ve Arka Y\u00fczey Etiketleme","publisher":{"@id":"https:\/\/fakomakine.com\/#organization"},"potentialAction":[{"@type":"SearchAction","target":{"@type":"EntryPoint","urlTemplate":"https:\/\/fakomakine.com\/?s={search_term_string}"},"query-input":{"@type":"PropertyValueSpecification","valueRequired":true,"valueName":"search_term_string"}}],"inLanguage":"en-GB"},{"@type":"Organization","@id":"https:\/\/fakomakine.com\/#organization","name":"Fako Makine - Fako Etiketleme Sistemleri","url":"https:\/\/fakomakine.com\/","logo":{"@type":"ImageObject","inLanguage":"en-GB","@id":"https:\/\/fakomakine.com\/#\/schema\/logo\/image\/","url":"https:\/\/fakomakine.com\/wp-content\/uploads\/2018\/07\/Fako-Etiketleme-Logo.png","contentUrl":"https:\/\/fakomakine.com\/wp-content\/uploads\/2018\/07\/Fako-Etiketleme-Logo.png","width":924,"height":515,"caption":"Fako Makine - Fako Etiketleme Sistemleri"},"image":{"@id":"https:\/\/fakomakine.com\/#\/schema\/logo\/image\/"}}]}},"_links":{"self":[{"href":"https:\/\/fakomakine.com\/en\/wp-json\/wp\/v2\/pages\/129"}],"collection":[{"href":"https:\/\/fakomakine.com\/en\/wp-json\/wp\/v2\/pages"}],"about":[{"href":"https:\/\/fakomakine.com\/en\/wp-json\/wp\/v2\/types\/page"}],"author":[{"embeddable":true,"href":"https:\/\/fakomakine.com\/en\/wp-json\/wp\/v2\/users\/1"}],"replies":[{"embeddable":true,"href":"https:\/\/fakomakine.com\/en\/wp-json\/wp\/v2\/comments?post=129"}],"version-history":[{"count":7,"href":"https:\/\/fakomakine.com\/en\/wp-json\/wp\/v2\/pages\/129\/revisions"}],"predecessor-version":[{"id":1650,"href":"https:\/\/fakomakine.com\/en\/wp-json\/wp\/v2\/pages\/129\/revisions\/1650"}],"wp:attachment":[{"href":"https:\/\/fakomakine.com\/en\/wp-json\/wp\/v2\/media?parent=129"}],"curies":[{"name":"wp","href":"https:\/\/api.w.org\/{rel}","templated":true}]}}